{"id":109067,"date":"2025-12-13T21:15:14","date_gmt":"2025-12-13T20:15:14","guid":{"rendered":"https:\/\/readymade.se\/core\/?post_type=product&#038;p=109067"},"modified":"2026-02-27T19:28:00","modified_gmt":"2026-02-27T18:28:00","slug":"en-1176-sondsatser-provsats","status":"publish","type":"product","link":"https:\/\/readymade.se\/lekplats\/produkt\/en-1176-sondsatser-provsats\/","title":{"rendered":"EN 1176 Sondsatser \/ provsats"},"content":{"rendered":"<p>Sondupps\u00e4ttningar f\u00f6r att inspektera Godk\u00e4nda lekplatser i enlighet med EN1176. Inklusive alla relevanta exemplar f\u00f6r testning av lekplatss\u00e4kerhet enligt EN 1176<br \/>\nAlla offentliga lekplatser och Godk\u00e4nda lekplatser m\u00e5ste vara konstruerade p\u00e5 ett s\u00e5dant s\u00e4tt att \u00f6ppningar inte kan bilda f\u00e4llor f\u00f6r huvud, kropp, kl\u00e4der eller fingrar. Eventuella faror och f\u00e4llor m\u00e5ste undvikas. Sondupps\u00e4ttningar EUROPA<br \/>\nInneh\u00e5ller f\u00f6ljande prober: C, D, E, V-f\u00f6rm, fingerprov (8 mm\/ 8,6 mm\/ 12 mm\/25 mm), v\u00e4xelprovare och \u00f6gonringsprov (nr. 1,4,5,6,7,8,9,10) Sondupps\u00e4ttningar TYSKLAND<br \/>\nsom inneh\u00e5ller ytterligare sonder A &#038; B.\u00a0Finger 8,6 mm ing\u00e5r inte i dessa set.<br \/>\nFinger och toggle tester tillverkad av rostfritt st\u00e5l, ring tillverkad av aluminium<br \/>\nAlla delar finns ocks\u00e5 separat.<br \/>\nValfri resv\u00e4ska finns<\/p>\n","protected":false},"excerpt":{"rendered":"<p>att kontrollera lekplatser enl. till EN-1176<\/p>\n","protected":false},"featured_media":123289,"template":"","meta":{"site-sidebar-layout":"default","site-content-layout":"","ast-site-content-layout":"default","site-content-style":"default","site-sidebar-style":"default","ast-global-header-display":"","ast-banner-title-visibility":"","ast-main-header-display":"","ast-hfb-above-header-display":"","ast-hfb-below-header-display":"","ast-hfb-mobile-header-display":"","site-post-title":"","ast-breadcrumbs-content":"","ast-featured-img":"","footer-sml-layout":"","theme-transparent-header-meta":"","adv-header-id-meta":"","stick-header-meta":"","header-above-stick-meta":"","header-main-stick-meta":"","header-below-stick-meta":"","astra-migrate-meta-layouts":"default","ast-page-background-enabled":"default","ast-page-background-meta":{"desktop":{"background-color":"var(--ast-global-color-5)","background-image":"","background-repeat":"repeat","background-position":"center center","background-size":"auto","background-attachment":"scroll","background-type":"","background-media":"","overlay-type":"","overlay-color":"","overlay-opacity":"","overlay-gradient":""},"tablet":{"background-color":"","background-image":"","background-repeat":"repeat","background-position":"center center","background-size":"auto","background-attachment":"scroll","background-type":"","background-media":"","overlay-type":"","overlay-color":"","overlay-opacity":"","overlay-gradient":""},"mobile":{"background-color":"","background-image":"","background-repeat":"repeat","background-position":"center center","background-size":"auto","background-attachment":"scroll","background-type":"","background-media":"","overlay-type":"","overlay-color":"","overlay-opacity":"","overlay-gradient":""}},"ast-content-background-meta":{"desktop":{"background-color":"var(--ast-global-color-4)","background-image":"","background-repeat":"repeat","background-position":"center center","background-size":"auto","background-attachment":"scroll","background-type":"","background-media":"","overlay-type":"","overlay-color":"","overlay-opacity":"","overlay-gradient":""},"tablet":{"background-color":"var(--ast-global-color-4)","background-image":"","background-repeat":"repeat","background-position":"center center","background-size":"auto","background-attachment":"scroll","background-type":"","background-media":"","overlay-type":"","overlay-color":"","overlay-opacity":"","overlay-gradient":""},"mobile":{"background-color":"var(--ast-global-color-4)","background-image":"","background-repeat":"repeat","background-position":"center center","background-size":"auto","background-attachment":"scroll","background-type":"","background-media":"","overlay-type":"","overlay-color":"","overlay-opacity":"","overlay-gradient":""}}},"product_brand":[],"product_cat":[506],"product_tag":[552],"class_list":{"0":"post-109067","1":"product","2":"type-product","3":"status-publish","4":"has-post-thumbnail","6":"product_cat-reservdelar-och-tillbehor","7":"product_tag-docks","8":"desktop-align-center","9":"tablet-align-left","10":"mobile-align-left","12":"first","13":"instock","14":"taxable","15":"shipping-taxable","16":"purchasable","17":"product-type-variable"},"_links":{"self":[{"href":"https:\/\/readymade.se\/lekplats\/wp-json\/wp\/v2\/product\/109067","targetHints":{"allow":["GET"]}}],"collection":[{"href":"https:\/\/readymade.se\/lekplats\/wp-json\/wp\/v2\/product"}],"about":[{"href":"https:\/\/readymade.se\/lekplats\/wp-json\/wp\/v2\/types\/product"}],"wp:featuredmedia":[{"embeddable":true,"href":"https:\/\/readymade.se\/lekplats\/wp-json\/wp\/v2\/media\/123289"}],"wp:attachment":[{"href":"https:\/\/readymade.se\/lekplats\/wp-json\/wp\/v2\/media?parent=109067"}],"wp:term":[{"taxonomy":"product_brand","embeddable":true,"href":"https:\/\/readymade.se\/lekplats\/wp-json\/wp\/v2\/product_brand?post=109067"},{"taxonomy":"product_cat","embeddable":true,"href":"https:\/\/readymade.se\/lekplats\/wp-json\/wp\/v2\/product_cat?post=109067"},{"taxonomy":"product_tag","embeddable":true,"href":"https:\/\/readymade.se\/lekplats\/wp-json\/wp\/v2\/product_tag?post=109067"}],"curies":[{"name":"wp","href":"https:\/\/api.w.org\/{rel}","templated":true}]}}