{"id":108648,"date":"2025-12-13T21:02:05","date_gmt":"2025-12-13T20:02:05","guid":{"rendered":"https:\/\/readymade.se\/core\/?post_type=product&#038;p=108648"},"modified":"2026-02-12T11:09:08","modified_gmt":"2026-02-12T10:09:08","slug":"pe-design-och-sittelement","status":"publish","type":"product","link":"https:\/\/readymade.se\/lekplats\/produkt\/pe-design-och-sittelement\/","title":{"rendered":"PE Design och Sittelement"},"content":{"rendered":"<p>Globn finns i 3 olika storlekar: \u00d8 30 cm, \u00d8 40 cm, \u00d8 50 cm<br \/>\nKub finns i 2 olika storlekar: 45x45x45 eller 55x55x55 cm<br \/>\nCylinder finns i \u00d8 45 och h\u00f6jd 45 cm<br \/>\nRekommenderade fundamentstorlekar ca. L20xB20xD30cm<br \/>\nDessa element \u00e4r tillverkade i Tyskland<br \/>\nJ\u00e4mf\u00f6rt med gummibollar, mycket konkurrenskraftigt pris<br \/>\nTr\u00e4ffs\u00e4ker, vandalisms\u00e4ker, f\u00e4rgbest\u00e4ndig mot UV-str\u00e5lar<br \/>\n100% PE rotationsgjuten -&gt; inga farliga \u00e4mnen och PAH-fri<br \/>\nL\u00e5ngvarigt<br \/>\nF\u00e4rgerna kan variera fr\u00e5n de visade bilderna \u00e4r inte f\u00e4rgbindande<br \/>\nVarje element kommer med ett jordankare av metall f\u00f6r betong<br \/>\nvalfritt markankare f\u00f6r installation p\u00e5 marken tillg\u00e4ngligt p\u00e5 beg\u00e4ran<\/p>\n","protected":false},"excerpt":{"rendered":"<p>Glob, kub eller cylinder i olika storlekar, inkl. markankare<\/p>\n","protected":false},"featured_media":119035,"template":"","meta":{"site-sidebar-layout":"default","site-content-layout":"","ast-site-content-layout":"default","site-content-style":"default","site-sidebar-style":"default","ast-global-header-display":"","ast-banner-title-visibility":"","ast-main-header-display":"","ast-hfb-above-header-display":"","ast-hfb-below-header-display":"","ast-hfb-mobile-header-display":"","site-post-title":"","ast-breadcrumbs-content":"","ast-featured-img":"","footer-sml-layout":"","theme-transparent-header-meta":"default","adv-header-id-meta":"","stick-header-meta":"","header-above-stick-meta":"","header-main-stick-meta":"","header-below-stick-meta":"","astra-migrate-meta-layouts":"set","ast-page-background-enabled":"default","ast-page-background-meta":{"desktop":{"background-color":"var(--ast-global-color-5)","background-image":"","background-repeat":"repeat","background-position":"center center","background-size":"auto","background-attachment":"scroll","background-type":"","background-media":"","overlay-type":"","overlay-color":"","overlay-opacity":"","overlay-gradient":""},"tablet":{"background-color":"","background-image":"","background-repeat":"repeat","background-position":"center center","background-size":"auto","background-attachment":"scroll","background-type":"","background-media":"","overlay-type":"","overlay-color":"","overlay-opacity":"","overlay-gradient":""},"mobile":{"background-color":"","background-image":"","background-repeat":"repeat","background-position":"center center","background-size":"auto","background-attachment":"scroll","background-type":"","background-media":"","overlay-type":"","overlay-color":"","overlay-opacity":"","overlay-gradient":""}},"ast-content-background-meta":{"desktop":{"background-color":"var(--ast-global-color-4)","background-image":"","background-repeat":"repeat","background-position":"center center","background-size":"auto","background-attachment":"scroll","background-type":"","background-media":"","overlay-type":"","overlay-color":"","overlay-opacity":"","overlay-gradient":""},"tablet":{"background-color":"var(--ast-global-color-4)","background-image":"","background-repeat":"repeat","background-position":"center center","background-size":"auto","background-attachment":"scroll","background-type":"","background-media":"","overlay-type":"","overlay-color":"","overlay-opacity":"","overlay-gradient":""},"mobile":{"background-color":"var(--ast-global-color-4)","background-image":"","background-repeat":"repeat","background-position":"center center","background-size":"auto","background-attachment":"scroll","background-type":"","background-media":"","overlay-type":"","overlay-color":"","overlay-opacity":"","overlay-gradient":""}}},"product_brand":[557],"product_cat":[506],"product_tag":[],"class_list":{"0":"post-108648","1":"product","2":"type-product","3":"status-publish","4":"has-post-thumbnail","6":"product_brand-e-beckmann","7":"product_cat-reservdelar-och-tillbehor","8":"desktop-align-center","9":"tablet-align-left","10":"mobile-align-left","12":"first","13":"instock","14":"taxable","15":"shipping-taxable","16":"purchasable","17":"product-type-variable"},"_links":{"self":[{"href":"https:\/\/readymade.se\/lekplats\/wp-json\/wp\/v2\/product\/108648","targetHints":{"allow":["GET"]}}],"collection":[{"href":"https:\/\/readymade.se\/lekplats\/wp-json\/wp\/v2\/product"}],"about":[{"href":"https:\/\/readymade.se\/lekplats\/wp-json\/wp\/v2\/types\/product"}],"wp:featuredmedia":[{"embeddable":true,"href":"https:\/\/readymade.se\/lekplats\/wp-json\/wp\/v2\/media\/119035"}],"wp:attachment":[{"href":"https:\/\/readymade.se\/lekplats\/wp-json\/wp\/v2\/media?parent=108648"}],"wp:term":[{"taxonomy":"product_brand","embeddable":true,"href":"https:\/\/readymade.se\/lekplats\/wp-json\/wp\/v2\/product_brand?post=108648"},{"taxonomy":"product_cat","embeddable":true,"href":"https:\/\/readymade.se\/lekplats\/wp-json\/wp\/v2\/product_cat?post=108648"},{"taxonomy":"product_tag","embeddable":true,"href":"https:\/\/readymade.se\/lekplats\/wp-json\/wp\/v2\/product_tag?post=108648"}],"curies":[{"name":"wp","href":"https:\/\/api.w.org\/{rel}","templated":true}]}}