{"id":108554,"date":"2025-12-13T20:57:45","date_gmt":"2025-12-13T19:57:45","guid":{"rendered":"https:\/\/readymade.se\/core\/produkt\/stangvridare-stockrulle\/"},"modified":"2026-02-12T11:18:45","modified_gmt":"2026-02-12T10:18:45","slug":"stangvridare-stockrulle","status":"publish","type":"product","link":"https:\/\/readymade.se\/lekplats\/produkt\/stangvridare-stockrulle\/","title":{"rendered":"St\u00e5ngvridare \/ stockrulle"},"content":{"rendered":"<p>Lager f\u00f6r att skapa stockrulle\/svarvbalkar<br \/>\nMaterial: gjutet rostfritt st\u00e5l<br \/>\nLevereras alltid som ett par<br \/>\nPremium kullager inuti<br \/>\nFl\u00e4ns med 2 h\u00e5l f\u00f6r bussbultar M10<br \/>\nBlomma med neds\u00e4nkta h\u00e5l f\u00f6r att fixera balken<br \/>\nM\u00e5tt:<br \/>\nTotal h\u00f6jd ca. 16,5 cm, blomdiameter ca. 12 cm<br \/>\nInsatsens diameter: 30 mm<br \/>\nInsatsens l\u00e4ngd: 60 mm<br \/>\nM\u00e5tt p\u00e5 fl\u00e4nsen: 12 x 6,5 cm<\/p>\n","protected":false},"excerpt":{"rendered":"<p>att bygga v\u00e4ndstolpar<\/p>\n","protected":false},"featured_media":119049,"template":"","meta":{"site-sidebar-layout":"default","site-content-layout":"","ast-site-content-layout":"default","site-content-style":"default","site-sidebar-style":"default","ast-global-header-display":"","ast-banner-title-visibility":"","ast-main-header-display":"","ast-hfb-above-header-display":"","ast-hfb-below-header-display":"","ast-hfb-mobile-header-display":"","site-post-title":"","ast-breadcrumbs-content":"","ast-featured-img":"","footer-sml-layout":"","theme-transparent-header-meta":"default","adv-header-id-meta":"","stick-header-meta":"","header-above-stick-meta":"","header-main-stick-meta":"","header-below-stick-meta":"","astra-migrate-meta-layouts":"set","ast-page-background-enabled":"default","ast-page-background-meta":{"desktop":{"background-color":"var(--ast-global-color-5)","background-image":"","background-repeat":"repeat","background-position":"center center","background-size":"auto","background-attachment":"scroll","background-type":"","background-media":"","overlay-type":"","overlay-color":"","overlay-opacity":"","overlay-gradient":""},"tablet":{"background-color":"","background-image":"","background-repeat":"repeat","background-position":"center center","background-size":"auto","background-attachment":"scroll","background-type":"","background-media":"","overlay-type":"","overlay-color":"","overlay-opacity":"","overlay-gradient":""},"mobile":{"background-color":"","background-image":"","background-repeat":"repeat","background-position":"center center","background-size":"auto","background-attachment":"scroll","background-type":"","background-media":"","overlay-type":"","overlay-color":"","overlay-opacity":"","overlay-gradient":""}},"ast-content-background-meta":{"desktop":{"background-color":"var(--ast-global-color-4)","background-image":"","background-repeat":"repeat","background-position":"center center","background-size":"auto","background-attachment":"scroll","background-type":"","background-media":"","overlay-type":"","overlay-color":"","overlay-opacity":"","overlay-gradient":""},"tablet":{"background-color":"var(--ast-global-color-4)","background-image":"","background-repeat":"repeat","background-position":"center center","background-size":"auto","background-attachment":"scroll","background-type":"","background-media":"","overlay-type":"","overlay-color":"","overlay-opacity":"","overlay-gradient":""},"mobile":{"background-color":"var(--ast-global-color-4)","background-image":"","background-repeat":"repeat","background-position":"center center","background-size":"auto","background-attachment":"scroll","background-type":"","background-media":"","overlay-type":"","overlay-color":"","overlay-opacity":"","overlay-gradient":""}}},"product_brand":[557],"product_cat":[506],"product_tag":[],"class_list":{"0":"post-108554","1":"product","2":"type-product","3":"status-publish","4":"has-post-thumbnail","6":"product_brand-e-beckmann","7":"product_cat-reservdelar-och-tillbehor","8":"desktop-align-center","9":"tablet-align-left","10":"mobile-align-left","12":"first","13":"instock","14":"taxable","15":"shipping-taxable","16":"purchasable","17":"product-type-simple"},"_links":{"self":[{"href":"https:\/\/readymade.se\/lekplats\/wp-json\/wp\/v2\/product\/108554","targetHints":{"allow":["GET"]}}],"collection":[{"href":"https:\/\/readymade.se\/lekplats\/wp-json\/wp\/v2\/product"}],"about":[{"href":"https:\/\/readymade.se\/lekplats\/wp-json\/wp\/v2\/types\/product"}],"wp:featuredmedia":[{"embeddable":true,"href":"https:\/\/readymade.se\/lekplats\/wp-json\/wp\/v2\/media\/119049"}],"wp:attachment":[{"href":"https:\/\/readymade.se\/lekplats\/wp-json\/wp\/v2\/media?parent=108554"}],"wp:term":[{"taxonomy":"product_brand","embeddable":true,"href":"https:\/\/readymade.se\/lekplats\/wp-json\/wp\/v2\/product_brand?post=108554"},{"taxonomy":"product_cat","embeddable":true,"href":"https:\/\/readymade.se\/lekplats\/wp-json\/wp\/v2\/product_cat?post=108554"},{"taxonomy":"product_tag","embeddable":true,"href":"https:\/\/readymade.se\/lekplats\/wp-json\/wp\/v2\/product_tag?post=108554"}],"curies":[{"name":"wp","href":"https:\/\/api.w.org\/{rel}","templated":true}]}}