{"id":108517,"date":"2025-12-13T20:55:08","date_gmt":"2025-12-13T19:55:08","guid":{"rendered":"https:\/\/readymade.se\/core\/?post_type=product&#038;p=108517"},"modified":"2025-12-17T16:14:01","modified_gmt":"2025-12-17T15:14:01","slug":"svetsringar-i-rostfritt-stal","status":"publish","type":"product","link":"https:\/\/readymade.se\/lekplats\/produkt\/svetsringar-i-rostfritt-stal\/","title":{"rendered":"svetsringar i rostfritt st\u00e5l"},"content":{"rendered":"<p>Rostfria svetsringar 6 mm<br \/>\n5 olika storlekar tillg\u00e4ngliga<br \/>\n\u00d6ppen utf\u00f6rande<br \/>\nF\u00f6r att koppla ringmuttrar till \u00e4ndl\u00f6s kedja till exempel<br \/>\n5&#215;14\/24 Material\u00d8 6mm, Inner\u00d8 14mm, Ytter\u00d824mm<br \/>\n6&#215;16\/28 Material\u00d8 6mm, Inner\u00d8 16mm, Ytter\u00d828mm<br \/>\n6&#215;18\/30 Material\u00d8 6mm, Inner\u00d8 18mm, Ytter\u00d830mm<br \/>\n6&#215;20\/32 Material\u00d8 6mm, Inner\u00d8 20mm, Ytter\u00d832mm<br \/>\n6&#215;22\/34 Material\u00d8 6mm, Inner\u00d8 22mm, Ytter\u00d834mm<\/p>\n","protected":false},"excerpt":{"rendered":"<p>\u00f6ppen, f\u00f6r att koppla samman kedjor<\/p>\n","protected":false},"featured_media":106124,"template":"","meta":{"site-sidebar-layout":"default","site-content-layout":"","ast-site-content-layout":"default","site-content-style":"default","site-sidebar-style":"default","ast-global-header-display":"","ast-banner-title-visibility":"","ast-main-header-display":"","ast-hfb-above-header-display":"","ast-hfb-below-header-display":"","ast-hfb-mobile-header-display":"","site-post-title":"","ast-breadcrumbs-content":"","ast-featured-img":"","footer-sml-layout":"","theme-transparent-header-meta":"","adv-header-id-meta":"","stick-header-meta":"","header-above-stick-meta":"","header-main-stick-meta":"","header-below-stick-meta":"","astra-migrate-meta-layouts":"default","ast-page-background-enabled":"default","ast-page-background-meta":{"desktop":{"background-color":"var(--ast-global-color-5)","background-image":"","background-repeat":"repeat","background-position":"center center","background-size":"auto","background-attachment":"scroll","background-type":"","background-media":"","overlay-type":"","overlay-color":"","overlay-opacity":"","overlay-gradient":""},"tablet":{"background-color":"","background-image":"","background-repeat":"repeat","background-position":"center center","background-size":"auto","background-attachment":"scroll","background-type":"","background-media":"","overlay-type":"","overlay-color":"","overlay-opacity":"","overlay-gradient":""},"mobile":{"background-color":"","background-image":"","background-repeat":"repeat","background-position":"center center","background-size":"auto","background-attachment":"scroll","background-type":"","background-media":"","overlay-type":"","overlay-color":"","overlay-opacity":"","overlay-gradient":""}},"ast-content-background-meta":{"desktop":{"background-color":"var(--ast-global-color-4)","background-image":"","background-repeat":"repeat","background-position":"center center","background-size":"auto","background-attachment":"scroll","background-type":"","background-media":"","overlay-type":"","overlay-color":"","overlay-opacity":"","overlay-gradient":""},"tablet":{"background-color":"var(--ast-global-color-4)","background-image":"","background-repeat":"repeat","background-position":"center center","background-size":"auto","background-attachment":"scroll","background-type":"","background-media":"","overlay-type":"","overlay-color":"","overlay-opacity":"","overlay-gradient":""},"mobile":{"background-color":"var(--ast-global-color-4)","background-image":"","background-repeat":"repeat","background-position":"center center","background-size":"auto","background-attachment":"scroll","background-type":"","background-media":"","overlay-type":"","overlay-color":"","overlay-opacity":"","overlay-gradient":""}}},"product_brand":[],"product_cat":[506],"product_tag":[552],"class_list":{"0":"post-108517","1":"product","2":"type-product","3":"status-publish","4":"has-post-thumbnail","6":"product_cat-reservdelar-och-tillbehor","7":"product_tag-docks","8":"desktop-align-center","9":"tablet-align-left","10":"mobile-align-left","12":"first","13":"instock","14":"taxable","15":"shipping-taxable","16":"purchasable","17":"product-type-variable"},"_links":{"self":[{"href":"https:\/\/readymade.se\/lekplats\/wp-json\/wp\/v2\/product\/108517","targetHints":{"allow":["GET"]}}],"collection":[{"href":"https:\/\/readymade.se\/lekplats\/wp-json\/wp\/v2\/product"}],"about":[{"href":"https:\/\/readymade.se\/lekplats\/wp-json\/wp\/v2\/types\/product"}],"wp:featuredmedia":[{"embeddable":true,"href":"https:\/\/readymade.se\/lekplats\/wp-json\/wp\/v2\/media\/106124"}],"wp:attachment":[{"href":"https:\/\/readymade.se\/lekplats\/wp-json\/wp\/v2\/media?parent=108517"}],"wp:term":[{"taxonomy":"product_brand","embeddable":true,"href":"https:\/\/readymade.se\/lekplats\/wp-json\/wp\/v2\/product_brand?post=108517"},{"taxonomy":"product_cat","embeddable":true,"href":"https:\/\/readymade.se\/lekplats\/wp-json\/wp\/v2\/product_cat?post=108517"},{"taxonomy":"product_tag","embeddable":true,"href":"https:\/\/readymade.se\/lekplats\/wp-json\/wp\/v2\/product_tag?post=108517"}],"curies":[{"name":"wp","href":"https:\/\/api.w.org\/{rel}","templated":true}]}}