{"id":105414,"date":"2025-12-05T20:01:00","date_gmt":"2025-12-05T19:01:00","guid":{"rendered":"https:\/\/readymade.se\/core\/produkt\/deco-betongbank-13\/"},"modified":"2025-12-23T11:09:46","modified_gmt":"2025-12-23T10:09:46","slug":"deco-betongbank-13","status":"publish","type":"product","link":"https:\/\/readymade.se\/lekplats\/produkt\/deco-betongbank-13\/","title":{"rendered":"DECO betongb\u00e4nk 13"},"content":{"rendered":"<p>Deco betongb\u00e4nk finns i 2 f\u00e4rgversioner: VIT och GR\u00c5 utan ryggst\u00f6d. 2 niv\u00e5er av stolar \u00e4r gjorda av tr\u00e4. Den nedre niv\u00e5n \u00e4r tv\u00e5 g\u00e5nger l\u00e4ngre \u00e4n den \u00f6vre. B\u00e4nken h\u00e5ller ett modernt och fr\u00e4scht utseende av stadsm\u00f6bler och stadsrum genom att anv\u00e4nda enkla, l\u00e4tta och sl\u00e4ta betongformer i hand med tr\u00e4. Vit deco betongb\u00e4nk 13 kod: ST-01-DCRB-013 Gr\u00e5 deco betongb\u00e4nk 13 kod: ST-01-DCRS-013<\/p>\n","protected":false},"excerpt":{"rendered":"<p>Deco betongb\u00e4nk finns i 2 f\u00e4rgversioner: VIT och GR\u00c5 utan ryggst\u00f6d. 2 niv\u00e5er av stolar \u00e4r gjorda av tr\u00e4. Den nedre niv\u00e5n \u00e4r tv\u00e5 g\u00e5nger l\u00e4ngre \u00e4n den \u00f6vre. B\u00e4nken h\u00e5ller ett modernt och fr\u00e4scht utseende av urbana m\u00f6bler och urba<\/p>\n","protected":false},"featured_media":105413,"template":"","meta":{"site-sidebar-layout":"default","site-content-layout":"","ast-site-content-layout":"default","site-content-style":"default","site-sidebar-style":"default","ast-global-header-display":"","ast-banner-title-visibility":"","ast-main-header-display":"","ast-hfb-above-header-display":"","ast-hfb-below-header-display":"","ast-hfb-mobile-header-display":"","site-post-title":"","ast-breadcrumbs-content":"","ast-featured-img":"","footer-sml-layout":"","theme-transparent-header-meta":"","adv-header-id-meta":"","stick-header-meta":"","header-above-stick-meta":"","header-main-stick-meta":"","header-below-stick-meta":"","astra-migrate-meta-layouts":"default","ast-page-background-enabled":"default","ast-page-background-meta":{"desktop":{"background-color":"var(--ast-global-color-5)","background-image":"","background-repeat":"repeat","background-position":"center center","background-size":"auto","background-attachment":"scroll","background-type":"","background-media":"","overlay-type":"","overlay-color":"","overlay-opacity":"","overlay-gradient":""},"tablet":{"background-color":"","background-image":"","background-repeat":"repeat","background-position":"center center","background-size":"auto","background-attachment":"scroll","background-type":"","background-media":"","overlay-type":"","overlay-color":"","overlay-opacity":"","overlay-gradient":""},"mobile":{"background-color":"","background-image":"","background-repeat":"repeat","background-position":"center center","background-size":"auto","background-attachment":"scroll","background-type":"","background-media":"","overlay-type":"","overlay-color":"","overlay-opacity":"","overlay-gradient":""}},"ast-content-background-meta":{"desktop":{"background-color":"var(--ast-global-color-4)","background-image":"","background-repeat":"repeat","background-position":"center center","background-size":"auto","background-attachment":"scroll","background-type":"","background-media":"","overlay-type":"","overlay-color":"","overlay-opacity":"","overlay-gradient":""},"tablet":{"background-color":"var(--ast-global-color-4)","background-image":"","background-repeat":"repeat","background-position":"center center","background-size":"auto","background-attachment":"scroll","background-type":"","background-media":"","overlay-type":"","overlay-color":"","overlay-opacity":"","overlay-gradient":""},"mobile":{"background-color":"var(--ast-global-color-4)","background-image":"","background-repeat":"repeat","background-position":"center center","background-size":"auto","background-attachment":"scroll","background-type":"","background-media":"","overlay-type":"","overlay-color":"","overlay-opacity":"","overlay-gradient":""}}},"product_brand":[525],"product_cat":[444,491],"product_tag":[573],"class_list":{"0":"post-105414","1":"product","2":"type-product","3":"status-publish","4":"has-post-thumbnail","6":"product_brand-inter-play","7":"product_cat-gata-park","8":"product_cat-parkbankar","9":"product_tag-core-gata-park","10":"desktop-align-center","11":"tablet-align-left","12":"mobile-align-left","14":"first","15":"instock","16":"taxable","17":"shipping-taxable","18":"purchasable","19":"product-type-simple"},"_links":{"self":[{"href":"https:\/\/readymade.se\/lekplats\/wp-json\/wp\/v2\/product\/105414","targetHints":{"allow":["GET"]}}],"collection":[{"href":"https:\/\/readymade.se\/lekplats\/wp-json\/wp\/v2\/product"}],"about":[{"href":"https:\/\/readymade.se\/lekplats\/wp-json\/wp\/v2\/types\/product"}],"wp:featuredmedia":[{"embeddable":true,"href":"https:\/\/readymade.se\/lekplats\/wp-json\/wp\/v2\/media\/105413"}],"wp:attachment":[{"href":"https:\/\/readymade.se\/lekplats\/wp-json\/wp\/v2\/media?parent=105414"}],"wp:term":[{"taxonomy":"product_brand","embeddable":true,"href":"https:\/\/readymade.se\/lekplats\/wp-json\/wp\/v2\/product_brand?post=105414"},{"taxonomy":"product_cat","embeddable":true,"href":"https:\/\/readymade.se\/lekplats\/wp-json\/wp\/v2\/product_cat?post=105414"},{"taxonomy":"product_tag","embeddable":true,"href":"https:\/\/readymade.se\/lekplats\/wp-json\/wp\/v2\/product_tag?post=105414"}],"curies":[{"name":"wp","href":"https:\/\/api.w.org\/{rel}","templated":true}]}}