{"id":105317,"date":"2025-12-04T22:12:35","date_gmt":"2025-12-04T21:12:35","guid":{"rendered":"https:\/\/readymade.se\/core\/produkt\/djur-4\/"},"modified":"2026-02-28T18:01:42","modified_gmt":"2026-02-28T17:01:42","slug":"djur-4","status":"publish","type":"product","link":"https:\/\/readymade.se\/lekplats\/produkt\/djur-4\/","title":{"rendered":"DJUR 4"},"content":{"rendered":"<p>Snigelformad lekplatsleksak med tunnel, tillverkad av UV-best\u00e4ndigt gummigranulat av h\u00f6g kvalitet. Den har l\u00e5ng livsl\u00e4ngd, l\u00e4mplig f\u00f6r b\u00e5de utomhus- och inomhusbruk. Produkten har hittat sin v\u00e4g till m\u00e5nga lekplatser \u00f6ver hela v\u00e4rlden tack vare sin attraktiva form, unika design och stora merv\u00e4rde. Alla bilder \u00e4r endast f\u00f6r illustrativa syften och kan skilja sig fr\u00e5n den faktiska produkten.<\/p>\n","protected":false},"excerpt":{"rendered":"<p>Snigelformad lekplatsleksak med tunnel, tillverkad av UV-best\u00e4ndigt gummigranulat av h\u00f6g kvalitet. Den har l\u00e5ng livsl\u00e4ngd, l\u00e4mplig f\u00f6r b\u00e5de utomhus- och inomhusbruk. Produkten har hittat sin v\u00e4g till m\u00e5nga lekplatser \u00f6ver hela v\u00e4rlden<\/p>\n","protected":false},"featured_media":124979,"template":"","meta":{"site-sidebar-layout":"default","site-content-layout":"","ast-site-content-layout":"default","site-content-style":"default","site-sidebar-style":"default","ast-global-header-display":"","ast-banner-title-visibility":"","ast-main-header-display":"","ast-hfb-above-header-display":"","ast-hfb-below-header-display":"","ast-hfb-mobile-header-display":"","site-post-title":"","ast-breadcrumbs-content":"","ast-featured-img":"","footer-sml-layout":"","theme-transparent-header-meta":"","adv-header-id-meta":"","stick-header-meta":"","header-above-stick-meta":"","header-main-stick-meta":"","header-below-stick-meta":"","astra-migrate-meta-layouts":"default","ast-page-background-enabled":"default","ast-page-background-meta":{"desktop":{"background-color":"var(--ast-global-color-5)","background-image":"","background-repeat":"repeat","background-position":"center center","background-size":"auto","background-attachment":"scroll","background-type":"","background-media":"","overlay-type":"","overlay-color":"","overlay-opacity":"","overlay-gradient":""},"tablet":{"background-color":"","background-image":"","background-repeat":"repeat","background-position":"center center","background-size":"auto","background-attachment":"scroll","background-type":"","background-media":"","overlay-type":"","overlay-color":"","overlay-opacity":"","overlay-gradient":""},"mobile":{"background-color":"","background-image":"","background-repeat":"repeat","background-position":"center center","background-size":"auto","background-attachment":"scroll","background-type":"","background-media":"","overlay-type":"","overlay-color":"","overlay-opacity":"","overlay-gradient":""}},"ast-content-background-meta":{"desktop":{"background-color":"var(--ast-global-color-4)","background-image":"","background-repeat":"repeat","background-position":"center center","background-size":"auto","background-attachment":"scroll","background-type":"","background-media":"","overlay-type":"","overlay-color":"","overlay-opacity":"","overlay-gradient":""},"tablet":{"background-color":"var(--ast-global-color-4)","background-image":"","background-repeat":"repeat","background-position":"center center","background-size":"auto","background-attachment":"scroll","background-type":"","background-media":"","overlay-type":"","overlay-color":"","overlay-opacity":"","overlay-gradient":""},"mobile":{"background-color":"var(--ast-global-color-4)","background-image":"","background-repeat":"repeat","background-position":"center center","background-size":"auto","background-attachment":"scroll","background-type":"","background-media":"","overlay-type":"","overlay-color":"","overlay-opacity":"","overlay-gradient":""}}},"product_brand":[525],"product_cat":[55,496],"product_tag":[],"class_list":{"0":"post-105317","1":"product","2":"type-product","3":"status-publish","4":"has-post-thumbnail","6":"product_brand-inter-play","7":"product_cat-balans-motorik","8":"product_cat-gummidjur","9":"desktop-align-center","10":"tablet-align-left","11":"mobile-align-left","13":"first","14":"instock","15":"taxable","16":"shipping-taxable","17":"purchasable","18":"product-type-simple"},"_links":{"self":[{"href":"https:\/\/readymade.se\/lekplats\/wp-json\/wp\/v2\/product\/105317","targetHints":{"allow":["GET"]}}],"collection":[{"href":"https:\/\/readymade.se\/lekplats\/wp-json\/wp\/v2\/product"}],"about":[{"href":"https:\/\/readymade.se\/lekplats\/wp-json\/wp\/v2\/types\/product"}],"wp:featuredmedia":[{"embeddable":true,"href":"https:\/\/readymade.se\/lekplats\/wp-json\/wp\/v2\/media\/124979"}],"wp:attachment":[{"href":"https:\/\/readymade.se\/lekplats\/wp-json\/wp\/v2\/media?parent=105317"}],"wp:term":[{"taxonomy":"product_brand","embeddable":true,"href":"https:\/\/readymade.se\/lekplats\/wp-json\/wp\/v2\/product_brand?post=105317"},{"taxonomy":"product_cat","embeddable":true,"href":"https:\/\/readymade.se\/lekplats\/wp-json\/wp\/v2\/product_cat?post=105317"},{"taxonomy":"product_tag","embeddable":true,"href":"https:\/\/readymade.se\/lekplats\/wp-json\/wp\/v2\/product_tag?post=105317"}],"curies":[{"name":"wp","href":"https:\/\/api.w.org\/{rel}","templated":true}]}}