{"id":105219,"date":"2025-12-04T22:05:04","date_gmt":"2025-12-04T21:05:04","guid":{"rendered":"https:\/\/readymade.se\/core\/produkt\/studsmatta-orta-i-150-x-200\/"},"modified":"2026-02-04T11:10:45","modified_gmt":"2026-02-04T10:10:45","slug":"studsmatta-orta-i-150-x-200","status":"publish","type":"product","link":"https:\/\/readymade.se\/lekplats\/produkt\/studsmatta-orta-i-150-x-200\/","title":{"rendered":"Studsmatta ORTA-I 150 x 200"},"content":{"rendered":"<p>Rektangul\u00e4r studsmatta f\u00f6r intensiv anv\u00e4ndning p\u00e5 offentliga lekplatser, anpassad f\u00f6r personer i rullstol genom profilerad in- och utg\u00e5ng. Hoppmattan \u00e4r tillverkad av 37 mm breda Hercules-lameller i V-form med f\u00f6rst\u00e4rkta ribbor. Avst\u00e5ndet mellan lamellerna \u00e4r endast 7 mm, vilket minskar risken att f\u00f6rem\u00e5l faller igenom. Mattan finns i \u00e5tta f\u00e4rger och kan f\u00f6rses med grafik. Gummikrage och in- och utg\u00e5ngsmatta \u00e4r anpassade f\u00f6r rullstolsanv\u00e4ndning. Kragen finns i tv\u00e5 standardf\u00e4rger och 23 specialf\u00e4rger samt kan dekoreras med motiv. In- och utg\u00e5ng utf\u00f6rs i r\u00f6dbrunt. Studsmattan kan utrustas med \u00f6ppningsbart lock f\u00f6r enkel reng\u00f6ring. Garanti: 25 \u00e5r p\u00e5 metall\u00e5da och 3 \u00e5r p\u00e5 lameller.<\/p>\n","protected":false},"excerpt":{"rendered":"<p>Rullstolsanpassad studsmatta f\u00f6r offentlig lekplats.<\/p>\n","protected":false},"featured_media":105218,"template":"","meta":{"site-sidebar-layout":"default","site-content-layout":"","ast-site-content-layout":"default","site-content-style":"default","site-sidebar-style":"default","ast-global-header-display":"","ast-banner-title-visibility":"","ast-main-header-display":"","ast-hfb-above-header-display":"","ast-hfb-below-header-display":"","ast-hfb-mobile-header-display":"","site-post-title":"","ast-breadcrumbs-content":"","ast-featured-img":"","footer-sml-layout":"","theme-transparent-header-meta":"","adv-header-id-meta":"","stick-header-meta":"","header-above-stick-meta":"","header-main-stick-meta":"","header-below-stick-meta":"","astra-migrate-meta-layouts":"default","ast-page-background-enabled":"default","ast-page-background-meta":{"desktop":{"background-color":"var(--ast-global-color-5)","background-image":"","background-repeat":"repeat","background-position":"center center","background-size":"auto","background-attachment":"scroll","background-type":"","background-media":"","overlay-type":"","overlay-color":"","overlay-opacity":"","overlay-gradient":""},"tablet":{"background-color":"","background-image":"","background-repeat":"repeat","background-position":"center center","background-size":"auto","background-attachment":"scroll","background-type":"","background-media":"","overlay-type":"","overlay-color":"","overlay-opacity":"","overlay-gradient":""},"mobile":{"background-color":"","background-image":"","background-repeat":"repeat","background-position":"center center","background-size":"auto","background-attachment":"scroll","background-type":"","background-media":"","overlay-type":"","overlay-color":"","overlay-opacity":"","overlay-gradient":""}},"ast-content-background-meta":{"desktop":{"background-color":"var(--ast-global-color-4)","background-image":"","background-repeat":"repeat","background-position":"center center","background-size":"auto","background-attachment":"scroll","background-type":"","background-media":"","overlay-type":"","overlay-color":"","overlay-opacity":"","overlay-gradient":""},"tablet":{"background-color":"var(--ast-global-color-4)","background-image":"","background-repeat":"repeat","background-position":"center center","background-size":"auto","background-attachment":"scroll","background-type":"","background-media":"","overlay-type":"","overlay-color":"","overlay-opacity":"","overlay-gradient":""},"mobile":{"background-color":"var(--ast-global-color-4)","background-image":"","background-repeat":"repeat","background-position":"center center","background-size":"auto","background-attachment":"scroll","background-type":"","background-media":"","overlay-type":"","overlay-color":"","overlay-opacity":"","overlay-gradient":""}}},"product_brand":[525],"product_cat":[510],"product_tag":[],"class_list":{"0":"post-105219","1":"product","2":"type-product","3":"status-publish","4":"has-post-thumbnail","6":"product_brand-inter-play","7":"product_cat-tillganglig-lek","8":"desktop-align-center","9":"tablet-align-left","10":"mobile-align-left","12":"first","13":"instock","14":"taxable","15":"shipping-taxable","16":"purchasable","17":"product-type-simple"},"_links":{"self":[{"href":"https:\/\/readymade.se\/lekplats\/wp-json\/wp\/v2\/product\/105219","targetHints":{"allow":["GET"]}}],"collection":[{"href":"https:\/\/readymade.se\/lekplats\/wp-json\/wp\/v2\/product"}],"about":[{"href":"https:\/\/readymade.se\/lekplats\/wp-json\/wp\/v2\/types\/product"}],"wp:featuredmedia":[{"embeddable":true,"href":"https:\/\/readymade.se\/lekplats\/wp-json\/wp\/v2\/media\/105218"}],"wp:attachment":[{"href":"https:\/\/readymade.se\/lekplats\/wp-json\/wp\/v2\/media?parent=105219"}],"wp:term":[{"taxonomy":"product_brand","embeddable":true,"href":"https:\/\/readymade.se\/lekplats\/wp-json\/wp\/v2\/product_brand?post=105219"},{"taxonomy":"product_cat","embeddable":true,"href":"https:\/\/readymade.se\/lekplats\/wp-json\/wp\/v2\/product_cat?post=105219"},{"taxonomy":"product_tag","embeddable":true,"href":"https:\/\/readymade.se\/lekplats\/wp-json\/wp\/v2\/product_tag?post=105219"}],"curies":[{"name":"wp","href":"https:\/\/api.w.org\/{rel}","templated":true}]}}