{"id":104902,"date":"2025-12-04T19:16:20","date_gmt":"2025-12-04T18:16:20","guid":{"rendered":"https:\/\/readymade.se\/core\/produkt\/lekhus-rido-1\/"},"modified":"2025-12-09T10:52:24","modified_gmt":"2025-12-09T09:52:24","slug":"lekhus-rido-1","status":"publish","type":"product","link":"https:\/\/readymade.se\/lekplats\/produkt\/lekhus-rido-1\/","title":{"rendered":"Lekhus RIDO 1"},"content":{"rendered":"<p>En lekhus med en rutschkana, en entrance gangway, en b\u00e4nk och en openwork tak. Den design takes its inspiration from den shape av en snail. En high-performance, weather-resistant welded rostfritt st\u00e5l construction (no clamps used). Den posts are finished med spherical dekorativ elements so that den appliance resembles snail horns. Den walls av den rutschkana, torn och balustrades are made av HDPE tavla. Den floor is made av en HPL panel med en anti-slip texture, which ensures safe use och prevents it from heating in den sol och freezing easily in winter. Den lekplats sats complies med EN 1176 norm. Colourful lekplats sets dedicated to children age 1-5 years old. * All rostfritt st\u00e5l Limako products are available in galvanized och powder painted version.<\/p>\n","protected":false},"excerpt":{"rendered":"<p>En lekstuga med rutschkana, entr\u00e9g\u00e5ng, b\u00e4nk och genombrutet tak. Designen h\u00e4mtar sin inspiration fr\u00e5n formen av en snigel. En h\u00f6gpresterande, v\u00e4derbest\u00e4ndig svetsad konstruktion av rostfritt st\u00e5l (inga kl\u00e4mmor anv\u00e4nds). Inl\u00e4ggen en<\/p>\n","protected":false},"featured_media":104901,"template":"","meta":{"site-sidebar-layout":"default","site-content-layout":"","ast-site-content-layout":"default","site-content-style":"default","site-sidebar-style":"default","ast-global-header-display":"","ast-banner-title-visibility":"","ast-main-header-display":"","ast-hfb-above-header-display":"","ast-hfb-below-header-display":"","ast-hfb-mobile-header-display":"","site-post-title":"","ast-breadcrumbs-content":"","ast-featured-img":"","footer-sml-layout":"","theme-transparent-header-meta":"","adv-header-id-meta":"","stick-header-meta":"","header-above-stick-meta":"","header-main-stick-meta":"","header-below-stick-meta":"","astra-migrate-meta-layouts":"default","ast-page-background-enabled":"default","ast-page-background-meta":{"desktop":{"background-color":"var(--ast-global-color-5)","background-image":"","background-repeat":"repeat","background-position":"center center","background-size":"auto","background-attachment":"scroll","background-type":"","background-media":"","overlay-type":"","overlay-color":"","overlay-opacity":"","overlay-gradient":""},"tablet":{"background-color":"","background-image":"","background-repeat":"repeat","background-position":"center center","background-size":"auto","background-attachment":"scroll","background-type":"","background-media":"","overlay-type":"","overlay-color":"","overlay-opacity":"","overlay-gradient":""},"mobile":{"background-color":"","background-image":"","background-repeat":"repeat","background-position":"center center","background-size":"auto","background-attachment":"scroll","background-type":"","background-media":"","overlay-type":"","overlay-color":"","overlay-opacity":"","overlay-gradient":""}},"ast-content-background-meta":{"desktop":{"background-color":"var(--ast-global-color-4)","background-image":"","background-repeat":"repeat","background-position":"center center","background-size":"auto","background-attachment":"scroll","background-type":"","background-media":"","overlay-type":"","overlay-color":"","overlay-opacity":"","overlay-gradient":""},"tablet":{"background-color":"var(--ast-global-color-4)","background-image":"","background-repeat":"repeat","background-position":"center center","background-size":"auto","background-attachment":"scroll","background-type":"","background-media":"","overlay-type":"","overlay-color":"","overlay-opacity":"","overlay-gradient":""},"mobile":{"background-color":"var(--ast-global-color-4)","background-image":"","background-repeat":"repeat","background-position":"center center","background-size":"auto","background-attachment":"scroll","background-type":"","background-media":"","overlay-type":"","overlay-color":"","overlay-opacity":"","overlay-gradient":""}}},"product_brand":[525],"product_cat":[148],"product_tag":[],"class_list":{"0":"post-104902","1":"product","2":"type-product","3":"status-publish","4":"has-post-thumbnail","6":"product_brand-inter-play","7":"product_cat-lekhus","8":"desktop-align-center","9":"tablet-align-left","10":"mobile-align-left","12":"first","13":"instock","14":"taxable","15":"shipping-taxable","16":"purchasable","17":"product-type-simple"},"_links":{"self":[{"href":"https:\/\/readymade.se\/lekplats\/wp-json\/wp\/v2\/product\/104902","targetHints":{"allow":["GET"]}}],"collection":[{"href":"https:\/\/readymade.se\/lekplats\/wp-json\/wp\/v2\/product"}],"about":[{"href":"https:\/\/readymade.se\/lekplats\/wp-json\/wp\/v2\/types\/product"}],"wp:featuredmedia":[{"embeddable":true,"href":"https:\/\/readymade.se\/lekplats\/wp-json\/wp\/v2\/media\/104901"}],"wp:attachment":[{"href":"https:\/\/readymade.se\/lekplats\/wp-json\/wp\/v2\/media?parent=104902"}],"wp:term":[{"taxonomy":"product_brand","embeddable":true,"href":"https:\/\/readymade.se\/lekplats\/wp-json\/wp\/v2\/product_brand?post=104902"},{"taxonomy":"product_cat","embeddable":true,"href":"https:\/\/readymade.se\/lekplats\/wp-json\/wp\/v2\/product_cat?post=104902"},{"taxonomy":"product_tag","embeddable":true,"href":"https:\/\/readymade.se\/lekplats\/wp-json\/wp\/v2\/product_tag?post=104902"}],"curies":[{"name":"wp","href":"https:\/\/api.w.org\/{rel}","templated":true}]}}