{"id":104859,"date":"2025-12-04T19:15:27","date_gmt":"2025-12-04T18:15:27","guid":{"rendered":"https:\/\/readymade.se\/core\/produkt\/spelset-domo-2-2\/"},"modified":"2026-01-07T11:12:02","modified_gmt":"2026-01-07T10:12:02","slug":"spelset-domo-2-2","status":"publish","type":"product","link":"https:\/\/readymade.se\/lekplats\/produkt\/spelset-domo-2-2\/","title":{"rendered":"Spelset DOMO 2-2"},"content":{"rendered":"<p>Lekset med svetsad konstruktion i rostfritt st\u00e5l och dekorativa snigelmotiv. HDPE-paneler och halkfri HPL-plattform ger h\u00f6g s\u00e4kerhet och h\u00e5llbarhet. Uppfyller EN 1176.<\/p>\n","protected":false},"excerpt":{"rendered":"<p>F\u00e4rgglatt lekset med flera lekfunktioner som kombinerar design och s\u00e4kerhet. Perfekt f\u00f6r aktiv vardagslek.<\/p>\n","protected":false},"featured_media":104858,"template":"","meta":{"site-sidebar-layout":"default","site-content-layout":"","ast-site-content-layout":"default","site-content-style":"default","site-sidebar-style":"default","ast-global-header-display":"","ast-banner-title-visibility":"","ast-main-header-display":"","ast-hfb-above-header-display":"","ast-hfb-below-header-display":"","ast-hfb-mobile-header-display":"","site-post-title":"","ast-breadcrumbs-content":"","ast-featured-img":"","footer-sml-layout":"","theme-transparent-header-meta":"","adv-header-id-meta":"","stick-header-meta":"","header-above-stick-meta":"","header-main-stick-meta":"","header-below-stick-meta":"","astra-migrate-meta-layouts":"default","ast-page-background-enabled":"default","ast-page-background-meta":{"desktop":{"background-color":"var(--ast-global-color-5)","background-image":"","background-repeat":"repeat","background-position":"center center","background-size":"auto","background-attachment":"scroll","background-type":"","background-media":"","overlay-type":"","overlay-color":"","overlay-opacity":"","overlay-gradient":""},"tablet":{"background-color":"","background-image":"","background-repeat":"repeat","background-position":"center center","background-size":"auto","background-attachment":"scroll","background-type":"","background-media":"","overlay-type":"","overlay-color":"","overlay-opacity":"","overlay-gradient":""},"mobile":{"background-color":"","background-image":"","background-repeat":"repeat","background-position":"center center","background-size":"auto","background-attachment":"scroll","background-type":"","background-media":"","overlay-type":"","overlay-color":"","overlay-opacity":"","overlay-gradient":""}},"ast-content-background-meta":{"desktop":{"background-color":"var(--ast-global-color-4)","background-image":"","background-repeat":"repeat","background-position":"center center","background-size":"auto","background-attachment":"scroll","background-type":"","background-media":"","overlay-type":"","overlay-color":"","overlay-opacity":"","overlay-gradient":""},"tablet":{"background-color":"var(--ast-global-color-4)","background-image":"","background-repeat":"repeat","background-position":"center center","background-size":"auto","background-attachment":"scroll","background-type":"","background-media":"","overlay-type":"","overlay-color":"","overlay-opacity":"","overlay-gradient":""},"mobile":{"background-color":"var(--ast-global-color-4)","background-image":"","background-repeat":"repeat","background-position":"center center","background-size":"auto","background-attachment":"scroll","background-type":"","background-media":"","overlay-type":"","overlay-color":"","overlay-opacity":"","overlay-gradient":""}}},"product_brand":[525],"product_cat":[32],"product_tag":[],"class_list":{"0":"post-104859","1":"product","2":"type-product","3":"status-publish","4":"has-post-thumbnail","6":"product_brand-inter-play","7":"product_cat-lekstallningar","8":"desktop-align-center","9":"tablet-align-left","10":"mobile-align-left","12":"first","13":"instock","14":"taxable","15":"shipping-taxable","16":"purchasable","17":"product-type-simple"},"_links":{"self":[{"href":"https:\/\/readymade.se\/lekplats\/wp-json\/wp\/v2\/product\/104859","targetHints":{"allow":["GET"]}}],"collection":[{"href":"https:\/\/readymade.se\/lekplats\/wp-json\/wp\/v2\/product"}],"about":[{"href":"https:\/\/readymade.se\/lekplats\/wp-json\/wp\/v2\/types\/product"}],"wp:featuredmedia":[{"embeddable":true,"href":"https:\/\/readymade.se\/lekplats\/wp-json\/wp\/v2\/media\/104858"}],"wp:attachment":[{"href":"https:\/\/readymade.se\/lekplats\/wp-json\/wp\/v2\/media?parent=104859"}],"wp:term":[{"taxonomy":"product_brand","embeddable":true,"href":"https:\/\/readymade.se\/lekplats\/wp-json\/wp\/v2\/product_brand?post=104859"},{"taxonomy":"product_cat","embeddable":true,"href":"https:\/\/readymade.se\/lekplats\/wp-json\/wp\/v2\/product_cat?post=104859"},{"taxonomy":"product_tag","embeddable":true,"href":"https:\/\/readymade.se\/lekplats\/wp-json\/wp\/v2\/product_tag?post=104859"}],"curies":[{"name":"wp","href":"https:\/\/api.w.org\/{rel}","templated":true}]}}