{"id":104649,"date":"2025-12-04T19:06:57","date_gmt":"2025-12-04T18:06:57","guid":{"rendered":"https:\/\/readymade.se\/core\/produkt\/rondell-norte-130-plus\/"},"modified":"2026-02-28T16:59:01","modified_gmt":"2026-02-28T15:59:01","slug":"rondell-norte-130-plus","status":"publish","type":"product","link":"https:\/\/readymade.se\/lekplats\/produkt\/rondell-norte-130-plus\/","title":{"rendered":"Rondell NORTE 130 PLUS"},"content":{"rendered":"<p>Rondell NORTE 130 PLUS Kod: GK-RO-201-H \u00ab F\u00d6REG\u00c5ENDE N\u00c4STA \u00bb Ladda ner filer Tekniskt datablad: pdf DOC Tekniska ritningar: dwg 3D-modeller: dwg F\u00f6r att ta emot 3D-filen, skicka ett meddelande: V\u00e4lj land USA Storbritannien Albanien Algeriet Amerikanska Samoa Andorra Angola Argentina Antigua Anguilla och Argentina Arbuda Australien Azerbajdzjan Bahamas Bahrain Bangladesh Barbados Vitryssland Belgien Belize Benin Bermuda Bhutan Bolivia Bosnien och Hercegovina Botswana Bouvet Island Brasilien Brittiska territoriet i Indiska oceanen Brunei Darussalam Bulgarien Burkina Faso Burundi Kambodja Kamerun Kanada Kap Verde Cayman\u00f6arna Centralafrikanska republiken Coco Chile Kina Comoros Cooko Congo Chile China Christmas Islands Costa Rica Elfenbenskusten Kroatien Kuba Cypern Tjeckien Danmark Djibouti Dominika Dominikanska republiken Ecuador Egypten El Salvador Ekvatorialguinea Eritrea Estland Etiopien Falklands\u00f6arna (Malvinas) F\u00e4r\u00f6arna Fiji Finland Frankrike Franska Guyana Franska Polynesien Franska s\u00f6dra territorierna Gabon Gambia Grekland Gr\u00f6na Guinea Guinea Guinea Guinea Guinea Guinea Guinea Ghana Guinea-bissau Guyana Haiti Heard Island och Mcdonald Islands Heard Island (Vatikanstaten) Honduras Hongkong Ungern Island Indien Indonesien Iran, Islamiska republiken Irak Irland Israel Italien Jamaica Japan Jordanien Kazakstan Kenya Kiribati Korea, Demokratiska Korea, Republiken Kuwait Kirgizistan Lao Lestvia Folkets Liberia Demokratiska Republiken Libanesiska Republiken Libanesiska Republiken Libanon, Libanon, Libanon Litauen Luxemburg Macao Makedonien Madagaskar Malawi Malaysia Maldiverna Mali Malta Marshall\u00f6arna Martinique Mauretanien Mauritius Mayotte Mexiko Mikronesien, Moldaviens delstater, Republiken Monaco Mongoliet Montserrat Marocko Mo\u00e7ambique Myanmar Namibia Nauru Nederl\u00e4ndska Antillerna Nya Kaledonien, Nepal, Nederl\u00e4ndska Antillerna, Nya Kaledonien, Nepal, Nya Kaledonien, Nepal, Nya Kaledonien, Nepal, Nya Zeeland, Norfolk, Nicara, Nicara, Nigeria, Nicara, Nigeria, Nigeria, Nigeria Pa&#8230;<\/p>\n","protected":false},"excerpt":{"rendered":"<p>Rondell NORTE 130 PLUS Kod: GK-RO-201-H \u00ab F\u00d6REG\u00c5ENDE N\u00c4STA \u00bb Ladda ner filer Tekniskt datablad: pdf DOC Tekniska ritningar: dwg 3D Modeller: dwg F\u00f6r att ta emot 3D-filen, skicka ett meddelande: V\u00e4lj land USA Storbritannien Afghanistan Al<\/p>\n","protected":false},"featured_media":124309,"template":"","meta":{"site-sidebar-layout":"default","site-content-layout":"","ast-site-content-layout":"default","site-content-style":"default","site-sidebar-style":"default","ast-global-header-display":"","ast-banner-title-visibility":"","ast-main-header-display":"","ast-hfb-above-header-display":"","ast-hfb-below-header-display":"","ast-hfb-mobile-header-display":"","site-post-title":"","ast-breadcrumbs-content":"","ast-featured-img":"","footer-sml-layout":"","theme-transparent-header-meta":"","adv-header-id-meta":"","stick-header-meta":"","header-above-stick-meta":"","header-main-stick-meta":"","header-below-stick-meta":"","astra-migrate-meta-layouts":"default","ast-page-background-enabled":"default","ast-page-background-meta":{"desktop":{"background-color":"var(--ast-global-color-5)","background-image":"","background-repeat":"repeat","background-position":"center center","background-size":"auto","background-attachment":"scroll","background-type":"","background-media":"","overlay-type":"","overlay-color":"","overlay-opacity":"","overlay-gradient":""},"tablet":{"background-color":"","background-image":"","background-repeat":"repeat","background-position":"center center","background-size":"auto","background-attachment":"scroll","background-type":"","background-media":"","overlay-type":"","overlay-color":"","overlay-opacity":"","overlay-gradient":""},"mobile":{"background-color":"","background-image":"","background-repeat":"repeat","background-position":"center center","background-size":"auto","background-attachment":"scroll","background-type":"","background-media":"","overlay-type":"","overlay-color":"","overlay-opacity":"","overlay-gradient":""}},"ast-content-background-meta":{"desktop":{"background-color":"var(--ast-global-color-4)","background-image":"","background-repeat":"repeat","background-position":"center center","background-size":"auto","background-attachment":"scroll","background-type":"","background-media":"","overlay-type":"","overlay-color":"","overlay-opacity":"","overlay-gradient":""},"tablet":{"background-color":"var(--ast-global-color-4)","background-image":"","background-repeat":"repeat","background-position":"center center","background-size":"auto","background-attachment":"scroll","background-type":"","background-media":"","overlay-type":"","overlay-color":"","overlay-opacity":"","overlay-gradient":""},"mobile":{"background-color":"var(--ast-global-color-4)","background-image":"","background-repeat":"repeat","background-position":"center center","background-size":"auto","background-attachment":"scroll","background-type":"","background-media":"","overlay-type":"","overlay-color":"","overlay-opacity":"","overlay-gradient":""}}},"product_brand":[525],"product_cat":[213],"product_tag":[575],"class_list":{"0":"post-104649","1":"product","2":"type-product","3":"status-publish","4":"has-post-thumbnail","6":"product_brand-inter-play","7":"product_cat-karuseller","8":"product_tag-core-karusell","9":"desktop-align-center","10":"tablet-align-left","11":"mobile-align-left","13":"first","14":"instock","15":"taxable","16":"shipping-taxable","17":"purchasable","18":"product-type-simple"},"_links":{"self":[{"href":"https:\/\/readymade.se\/lekplats\/wp-json\/wp\/v2\/product\/104649","targetHints":{"allow":["GET"]}}],"collection":[{"href":"https:\/\/readymade.se\/lekplats\/wp-json\/wp\/v2\/product"}],"about":[{"href":"https:\/\/readymade.se\/lekplats\/wp-json\/wp\/v2\/types\/product"}],"wp:featuredmedia":[{"embeddable":true,"href":"https:\/\/readymade.se\/lekplats\/wp-json\/wp\/v2\/media\/124309"}],"wp:attachment":[{"href":"https:\/\/readymade.se\/lekplats\/wp-json\/wp\/v2\/media?parent=104649"}],"wp:term":[{"taxonomy":"product_brand","embeddable":true,"href":"https:\/\/readymade.se\/lekplats\/wp-json\/wp\/v2\/product_brand?post=104649"},{"taxonomy":"product_cat","embeddable":true,"href":"https:\/\/readymade.se\/lekplats\/wp-json\/wp\/v2\/product_cat?post=104649"},{"taxonomy":"product_tag","embeddable":true,"href":"https:\/\/readymade.se\/lekplats\/wp-json\/wp\/v2\/product_tag?post=104649"}],"curies":[{"name":"wp","href":"https:\/\/api.w.org\/{rel}","templated":true}]}}