{"id":104474,"date":"2025-12-04T19:02:10","date_gmt":"2025-12-04T18:02:10","guid":{"rendered":"https:\/\/readymade.se\/core\/produkt\/tavla-robotar-2-lumo\/"},"modified":"2026-02-28T17:48:37","modified_gmt":"2026-02-28T16:48:37","slug":"tavla-robotar-2-lumo","status":"publish","type":"product","link":"https:\/\/readymade.se\/lekplats\/produkt\/tavla-robotar-2-lumo\/","title":{"rendered":"Tavla Robotar 2 LUMO"},"content":{"rendered":"<p>En stor gl\u00f6dande sensorisk tavla designad f\u00f6r kreativ lek, anpassad f\u00f6r anv\u00e4ndning av barn i rullstol. Huvudtemat best\u00e5r av tre f\u00e4rgglada robotar (fr\u00e5n v\u00e4nster till h\u00f6ger: gr\u00f6n, gul och gr\u00e5). Tavlan inneh\u00e5ller roterande hjul som avger f\u00e4rgglada ljus n\u00e4r de s\u00e4tts i r\u00f6relse, vilket f\u00f6rb\u00e4ttrar spelupplevelsen och g\u00f6r den mer attraktiv. L\u00e4ngst ner finns sp\u00e5r som imiterar byggnader och bidrar till en interaktiv milj\u00f6. Konstruktionen \u00e4r tillverkad av svart, galvaniserat och pulverlackerat st\u00e5l. Skivan \u00e4r gjord av HDPE-material och r\u00f6ren \u00e4r avslutade med dekorativa sf\u00e4riska element. * Tillg\u00e4ngliga stolpar f\u00e4rger [RAL]: 7016; 9006.<\/p>\n","protected":false},"excerpt":{"rendered":"<p>Stor gl\u00f6dande sensorisk tavla med robottema som kombinerar ljus, teknik och fantasifull lek.<\/p>\n","protected":false},"featured_media":124476,"template":"","meta":{"site-sidebar-layout":"default","site-content-layout":"","ast-site-content-layout":"default","site-content-style":"default","site-sidebar-style":"default","ast-global-header-display":"","ast-banner-title-visibility":"","ast-main-header-display":"","ast-hfb-above-header-display":"","ast-hfb-below-header-display":"","ast-hfb-mobile-header-display":"","site-post-title":"","ast-breadcrumbs-content":"","ast-featured-img":"","footer-sml-layout":"","theme-transparent-header-meta":"","adv-header-id-meta":"","stick-header-meta":"","header-above-stick-meta":"","header-main-stick-meta":"","header-below-stick-meta":"","astra-migrate-meta-layouts":"default","ast-page-background-enabled":"default","ast-page-background-meta":{"desktop":{"background-color":"var(--ast-global-color-5)","background-image":"","background-repeat":"repeat","background-position":"center center","background-size":"auto","background-attachment":"scroll","background-type":"","background-media":"","overlay-type":"","overlay-color":"","overlay-opacity":"","overlay-gradient":""},"tablet":{"background-color":"","background-image":"","background-repeat":"repeat","background-position":"center center","background-size":"auto","background-attachment":"scroll","background-type":"","background-media":"","overlay-type":"","overlay-color":"","overlay-opacity":"","overlay-gradient":""},"mobile":{"background-color":"","background-image":"","background-repeat":"repeat","background-position":"center center","background-size":"auto","background-attachment":"scroll","background-type":"","background-media":"","overlay-type":"","overlay-color":"","overlay-opacity":"","overlay-gradient":""}},"ast-content-background-meta":{"desktop":{"background-color":"var(--ast-global-color-4)","background-image":"","background-repeat":"repeat","background-position":"center center","background-size":"auto","background-attachment":"scroll","background-type":"","background-media":"","overlay-type":"","overlay-color":"","overlay-opacity":"","overlay-gradient":""},"tablet":{"background-color":"var(--ast-global-color-4)","background-image":"","background-repeat":"repeat","background-position":"center center","background-size":"auto","background-attachment":"scroll","background-type":"","background-media":"","overlay-type":"","overlay-color":"","overlay-opacity":"","overlay-gradient":""},"mobile":{"background-color":"var(--ast-global-color-4)","background-image":"","background-repeat":"repeat","background-position":"center center","background-size":"auto","background-attachment":"scroll","background-type":"","background-media":"","overlay-type":"","overlay-color":"","overlay-opacity":"","overlay-gradient":""}}},"product_brand":[525],"product_cat":[461],"product_tag":[],"class_list":{"0":"post-104474","1":"product","2":"type-product","3":"status-publish","4":"has-post-thumbnail","6":"product_brand-inter-play","7":"product_cat-lekpaneler","8":"desktop-align-center","9":"tablet-align-left","10":"mobile-align-left","12":"first","13":"instock","14":"taxable","15":"shipping-taxable","16":"purchasable","17":"product-type-simple"},"_links":{"self":[{"href":"https:\/\/readymade.se\/lekplats\/wp-json\/wp\/v2\/product\/104474","targetHints":{"allow":["GET"]}}],"collection":[{"href":"https:\/\/readymade.se\/lekplats\/wp-json\/wp\/v2\/product"}],"about":[{"href":"https:\/\/readymade.se\/lekplats\/wp-json\/wp\/v2\/types\/product"}],"wp:featuredmedia":[{"embeddable":true,"href":"https:\/\/readymade.se\/lekplats\/wp-json\/wp\/v2\/media\/124476"}],"wp:attachment":[{"href":"https:\/\/readymade.se\/lekplats\/wp-json\/wp\/v2\/media?parent=104474"}],"wp:term":[{"taxonomy":"product_brand","embeddable":true,"href":"https:\/\/readymade.se\/lekplats\/wp-json\/wp\/v2\/product_brand?post=104474"},{"taxonomy":"product_cat","embeddable":true,"href":"https:\/\/readymade.se\/lekplats\/wp-json\/wp\/v2\/product_cat?post=104474"},{"taxonomy":"product_tag","embeddable":true,"href":"https:\/\/readymade.se\/lekplats\/wp-json\/wp\/v2\/product_tag?post=104474"}],"curies":[{"name":"wp","href":"https:\/\/api.w.org\/{rel}","templated":true}]}}