{"id":104437,"date":"2025-12-04T19:01:25","date_gmt":"2025-12-04T18:01:25","guid":{"rendered":"https:\/\/readymade.se\/core\/produkt\/ombord-pa-drake-1-lumo\/"},"modified":"2026-01-30T11:20:17","modified_gmt":"2026-01-30T10:20:17","slug":"ombord-pa-drake-1-lumo","status":"publish","type":"product","link":"https:\/\/readymade.se\/lekplats\/produkt\/ombord-pa-drake-1-lumo\/","title":{"rendered":"Ombord p\u00e5 Drake 1 LUMO"},"content":{"rendered":"<p>Stor gl\u00f6dande sensorisk tavla designad f\u00f6r kreativ lek, anpassad f\u00f6r anv\u00e4ndning av barn i rullstol. Huvudtemat \u00e4r en stor, f\u00e4rgglad drake. Tavlan inneh\u00e5ller roterande hjul som avger f\u00e4rgstarkt ljus n\u00e4r de s\u00e4tts i r\u00f6relse och har \u00e4ven sp\u00e5r som imiterar v\u00e4xtlighet och moln. Konstruktionen \u00e4r gjord av svart st\u00e5l, pulverlackerad f\u00f6r h\u00e5llbarhet. Skivan \u00e4r tillverkad av HDPE-plast och r\u00f6ren \u00e4r avslutade med dekorativa sf\u00e4riska element. * Tillg\u00e4ngliga stolpar f\u00e4rger [RAL]: 7016; 9006.<\/p>\n","protected":false},"excerpt":{"rendered":"<p>Stor gl\u00f6dande sensorisk tavla med draktema som kombinerar ljus, fantasi och interaktiv lek.<\/p>\n","protected":false},"featured_media":104436,"template":"","meta":{"site-sidebar-layout":"default","site-content-layout":"","ast-site-content-layout":"default","site-content-style":"default","site-sidebar-style":"default","ast-global-header-display":"","ast-banner-title-visibility":"","ast-main-header-display":"","ast-hfb-above-header-display":"","ast-hfb-below-header-display":"","ast-hfb-mobile-header-display":"","site-post-title":"","ast-breadcrumbs-content":"","ast-featured-img":"","footer-sml-layout":"","theme-transparent-header-meta":"","adv-header-id-meta":"","stick-header-meta":"","header-above-stick-meta":"","header-main-stick-meta":"","header-below-stick-meta":"","astra-migrate-meta-layouts":"default","ast-page-background-enabled":"default","ast-page-background-meta":{"desktop":{"background-color":"var(--ast-global-color-5)","background-image":"","background-repeat":"repeat","background-position":"center center","background-size":"auto","background-attachment":"scroll","background-type":"","background-media":"","overlay-type":"","overlay-color":"","overlay-opacity":"","overlay-gradient":""},"tablet":{"background-color":"","background-image":"","background-repeat":"repeat","background-position":"center center","background-size":"auto","background-attachment":"scroll","background-type":"","background-media":"","overlay-type":"","overlay-color":"","overlay-opacity":"","overlay-gradient":""},"mobile":{"background-color":"","background-image":"","background-repeat":"repeat","background-position":"center center","background-size":"auto","background-attachment":"scroll","background-type":"","background-media":"","overlay-type":"","overlay-color":"","overlay-opacity":"","overlay-gradient":""}},"ast-content-background-meta":{"desktop":{"background-color":"var(--ast-global-color-4)","background-image":"","background-repeat":"repeat","background-position":"center center","background-size":"auto","background-attachment":"scroll","background-type":"","background-media":"","overlay-type":"","overlay-color":"","overlay-opacity":"","overlay-gradient":""},"tablet":{"background-color":"var(--ast-global-color-4)","background-image":"","background-repeat":"repeat","background-position":"center center","background-size":"auto","background-attachment":"scroll","background-type":"","background-media":"","overlay-type":"","overlay-color":"","overlay-opacity":"","overlay-gradient":""},"mobile":{"background-color":"var(--ast-global-color-4)","background-image":"","background-repeat":"repeat","background-position":"center center","background-size":"auto","background-attachment":"scroll","background-type":"","background-media":"","overlay-type":"","overlay-color":"","overlay-opacity":"","overlay-gradient":""}}},"product_brand":[525],"product_cat":[461],"product_tag":[],"class_list":{"0":"post-104437","1":"product","2":"type-product","3":"status-publish","4":"has-post-thumbnail","6":"product_brand-inter-play","7":"product_cat-lekpaneler","8":"desktop-align-center","9":"tablet-align-left","10":"mobile-align-left","12":"first","13":"instock","14":"taxable","15":"shipping-taxable","16":"purchasable","17":"product-type-simple"},"_links":{"self":[{"href":"https:\/\/readymade.se\/lekplats\/wp-json\/wp\/v2\/product\/104437","targetHints":{"allow":["GET"]}}],"collection":[{"href":"https:\/\/readymade.se\/lekplats\/wp-json\/wp\/v2\/product"}],"about":[{"href":"https:\/\/readymade.se\/lekplats\/wp-json\/wp\/v2\/types\/product"}],"wp:featuredmedia":[{"embeddable":true,"href":"https:\/\/readymade.se\/lekplats\/wp-json\/wp\/v2\/media\/104436"}],"wp:attachment":[{"href":"https:\/\/readymade.se\/lekplats\/wp-json\/wp\/v2\/media?parent=104437"}],"wp:term":[{"taxonomy":"product_brand","embeddable":true,"href":"https:\/\/readymade.se\/lekplats\/wp-json\/wp\/v2\/product_brand?post=104437"},{"taxonomy":"product_cat","embeddable":true,"href":"https:\/\/readymade.se\/lekplats\/wp-json\/wp\/v2\/product_cat?post=104437"},{"taxonomy":"product_tag","embeddable":true,"href":"https:\/\/readymade.se\/lekplats\/wp-json\/wp\/v2\/product_tag?post=104437"}],"curies":[{"name":"wp","href":"https:\/\/api.w.org\/{rel}","templated":true}]}}