{"id":104381,"date":"2025-12-04T18:50:36","date_gmt":"2025-12-04T17:50:36","guid":{"rendered":"https:\/\/readymade.se\/core\/produkt\/lekstallning-sfero-skog-1-1\/"},"modified":"2026-01-07T11:11:01","modified_gmt":"2026-01-07T10:11:01","slug":"lekstallning-sfero-skog-1-1","status":"publish","type":"product","link":"https:\/\/readymade.se\/lekplats\/produkt\/lekstallning-sfero-skog-1-1\/","title":{"rendered":"Lekst\u00e4llning Sfero Skog 1-1"},"content":{"rendered":"<p>Lekst\u00e4llning med sf\u00e4risk modul i st\u00e5l med h\u00f6g h\u00e5llfasthet. Konstruktionen \u00e4r varmf\u00f6rzinkad och pulverlackerad f\u00f6r l\u00e5ng livsl\u00e4ngd. Utformad f\u00f6r s\u00e4ker kl\u00e4tterlek i offentliga milj\u00f6er.<\/p>\n","protected":false},"excerpt":{"rendered":"<p>Naturn\u00e4ra lekst\u00e4llning med sf\u00e4risk form som uppmuntrar barn till kl\u00e4ttring och fantasifull lek. Kombinationen av design och funktion skapar en sp\u00e4nnande lekupplevelse.<\/p>\n","protected":false},"featured_media":103853,"template":"","meta":{"site-sidebar-layout":"default","site-content-layout":"","ast-site-content-layout":"default","site-content-style":"default","site-sidebar-style":"default","ast-global-header-display":"","ast-banner-title-visibility":"","ast-main-header-display":"","ast-hfb-above-header-display":"","ast-hfb-below-header-display":"","ast-hfb-mobile-header-display":"","site-post-title":"","ast-breadcrumbs-content":"","ast-featured-img":"","footer-sml-layout":"","theme-transparent-header-meta":"","adv-header-id-meta":"","stick-header-meta":"","header-above-stick-meta":"","header-main-stick-meta":"","header-below-stick-meta":"","astra-migrate-meta-layouts":"default","ast-page-background-enabled":"default","ast-page-background-meta":{"desktop":{"background-color":"var(--ast-global-color-5)","background-image":"","background-repeat":"repeat","background-position":"center center","background-size":"auto","background-attachment":"scroll","background-type":"","background-media":"","overlay-type":"","overlay-color":"","overlay-opacity":"","overlay-gradient":""},"tablet":{"background-color":"","background-image":"","background-repeat":"repeat","background-position":"center center","background-size":"auto","background-attachment":"scroll","background-type":"","background-media":"","overlay-type":"","overlay-color":"","overlay-opacity":"","overlay-gradient":""},"mobile":{"background-color":"","background-image":"","background-repeat":"repeat","background-position":"center center","background-size":"auto","background-attachment":"scroll","background-type":"","background-media":"","overlay-type":"","overlay-color":"","overlay-opacity":"","overlay-gradient":""}},"ast-content-background-meta":{"desktop":{"background-color":"var(--ast-global-color-4)","background-image":"","background-repeat":"repeat","background-position":"center center","background-size":"auto","background-attachment":"scroll","background-type":"","background-media":"","overlay-type":"","overlay-color":"","overlay-opacity":"","overlay-gradient":""},"tablet":{"background-color":"var(--ast-global-color-4)","background-image":"","background-repeat":"repeat","background-position":"center center","background-size":"auto","background-attachment":"scroll","background-type":"","background-media":"","overlay-type":"","overlay-color":"","overlay-opacity":"","overlay-gradient":""},"mobile":{"background-color":"var(--ast-global-color-4)","background-image":"","background-repeat":"repeat","background-position":"center center","background-size":"auto","background-attachment":"scroll","background-type":"","background-media":"","overlay-type":"","overlay-color":"","overlay-opacity":"","overlay-gradient":""}}},"product_brand":[525],"product_cat":[32],"product_tag":[],"class_list":{"0":"post-104381","1":"product","2":"type-product","3":"status-publish","4":"has-post-thumbnail","6":"product_brand-inter-play","7":"product_cat-lekstallningar","8":"desktop-align-center","9":"tablet-align-left","10":"mobile-align-left","12":"first","13":"instock","14":"taxable","15":"shipping-taxable","16":"purchasable","17":"product-type-simple"},"_links":{"self":[{"href":"https:\/\/readymade.se\/lekplats\/wp-json\/wp\/v2\/product\/104381","targetHints":{"allow":["GET"]}}],"collection":[{"href":"https:\/\/readymade.se\/lekplats\/wp-json\/wp\/v2\/product"}],"about":[{"href":"https:\/\/readymade.se\/lekplats\/wp-json\/wp\/v2\/types\/product"}],"wp:featuredmedia":[{"embeddable":true,"href":"https:\/\/readymade.se\/lekplats\/wp-json\/wp\/v2\/media\/103853"}],"wp:attachment":[{"href":"https:\/\/readymade.se\/lekplats\/wp-json\/wp\/v2\/media?parent=104381"}],"wp:term":[{"taxonomy":"product_brand","embeddable":true,"href":"https:\/\/readymade.se\/lekplats\/wp-json\/wp\/v2\/product_brand?post=104381"},{"taxonomy":"product_cat","embeddable":true,"href":"https:\/\/readymade.se\/lekplats\/wp-json\/wp\/v2\/product_cat?post=104381"},{"taxonomy":"product_tag","embeddable":true,"href":"https:\/\/readymade.se\/lekplats\/wp-json\/wp\/v2\/product_tag?post=104381"}],"curies":[{"name":"wp","href":"https:\/\/api.w.org\/{rel}","templated":true}]}}