{"id":104366,"date":"2025-12-04T18:49:22","date_gmt":"2025-12-04T17:49:22","guid":{"rendered":"https:\/\/readymade.se\/core\/produkt\/betongbank-09\/"},"modified":"2025-12-23T11:11:06","modified_gmt":"2025-12-23T10:11:06","slug":"betongbank-09","status":"publish","type":"product","link":"https:\/\/readymade.se\/lekplats\/produkt\/betongbank-09\/","title":{"rendered":"Betongb\u00e4nk 09"},"content":{"rendered":"<p>Betongb\u00e4nk 09 Kod: ST-01-CR-005 \u00ab F\u00d6REG\u00c5ENDE N\u00c4STA \u00bb Ladda ner filer Tekniskt datablad: pdf DOC Tekniska ritningar: pdf dwg 3D-modeller: dwg F\u00f6r att ta emot 3D-filen, skicka ett meddelande: V\u00e4lj land USA United Kingdom Afghanistan Albanien Algeriet Amerikanska Samoa Andorra Angola Angola Argentina Armenien och Barbudjana Australien Arbaia Argentina Armenien och Armenien Armenien Armenien. Bahamas Bahrain Bangladesh Barbados Vitryssland Belgien Belize Benin Bermuda Bhutan Bolivia Bosnien och Hercegovina Botswana Bouvet Island Brasilien Brittiska territoriet i Indiska oceanen Brunei Darussalam Bulgarien Burkina Faso Burundi Kambodja Kamerun Kanada Kap Verde Cayman\u00f6arna Centralafrikanska republiken Tchad Chile Kina Com Christmas Island Cocos R Colombia Cocos Island Cocos (Keel Island) Elfenbenskusten Kroatien Kuba Cypern Tjeckien Danmark Djibouti Dominika Dominikanska republiken Ecuador Egypten El Salvador Ekvatorialguinea Eritrea Estland Etiopien Falklands\u00f6arna (Malvinas) F\u00e4r\u00f6arna Fiji Finland Frankrike Franska Guyana Franska Polynesien Franska s\u00f6dra territorierna Gabon Gambia Guatemala Grekland Guagua Guinea Gibraltar Gr\u00f6nland Gr\u00f6nland Guinea-bissau Guyana Haiti Heard Island och Mcdonald Islands Heard Island (Vatikanstaten) Honduras Hongkong Ungern Island Indien Indonesien Iran, Islamiska republiken Irak Irland Israel Italien Jamaica Japan Jordanien Kazakstan Kenya Kiribati Korea, Demokratiska Korea, Republiken Kuwait Kirgizistan Lao Lestvia Folkets Liberia Demokratiska Republiken Libanesiska Republiken Libanesiska Republiken Libanon, Libanon, Libanon Litauen Luxemburg Macao Makedonien Madagaskar Malawi Malaysia Maldiverna Mali Malta Marshall\u00f6arna Martinique Mauretanien Mauritius Mayotte Mexiko Mikronesien, Moldaviens delstater, Republiken Monaco Mongoliet Montserrat Marocko Mo\u00e7ambique Myanmar Namibia Nauru Nederl\u00e4ndska Antillerna Nya Kaledonien, Nepal, Nederl\u00e4ndska Antillerna, Nya Kaledonien, Nepal, Nya Kaledonien, Nepal, Nya Kaledonien, Nepal, Nya Zeeland, Norfolk, Nicara, Nicara, Nigeria, Nicara, Nigeria, Nigeria, Nigeria Blek&#8230;<\/p>\n","protected":false},"excerpt":{"rendered":"<p>Betongb\u00e4nk 09 Kod: ST-01-CR-005 \u00ab F\u00d6REG\u00c5ENDE N\u00c4STA \u00bb Ladda ner filer Tekniskt datablad: pdf DOC Tekniska ritningar: pdf dwg 3D-modeller: dwg F\u00f6r att ta emot 3D-filen, skicka ett meddelande: V\u00e4lj land USA United Kingdom Afghanistan Alban<\/p>\n","protected":false},"featured_media":103803,"template":"","meta":{"site-sidebar-layout":"default","site-content-layout":"","ast-site-content-layout":"default","site-content-style":"default","site-sidebar-style":"default","ast-global-header-display":"","ast-banner-title-visibility":"","ast-main-header-display":"","ast-hfb-above-header-display":"","ast-hfb-below-header-display":"","ast-hfb-mobile-header-display":"","site-post-title":"","ast-breadcrumbs-content":"","ast-featured-img":"","footer-sml-layout":"","theme-transparent-header-meta":"","adv-header-id-meta":"","stick-header-meta":"","header-above-stick-meta":"","header-main-stick-meta":"","header-below-stick-meta":"","astra-migrate-meta-layouts":"default","ast-page-background-enabled":"default","ast-page-background-meta":{"desktop":{"background-color":"var(--ast-global-color-5)","background-image":"","background-repeat":"repeat","background-position":"center center","background-size":"auto","background-attachment":"scroll","background-type":"","background-media":"","overlay-type":"","overlay-color":"","overlay-opacity":"","overlay-gradient":""},"tablet":{"background-color":"","background-image":"","background-repeat":"repeat","background-position":"center center","background-size":"auto","background-attachment":"scroll","background-type":"","background-media":"","overlay-type":"","overlay-color":"","overlay-opacity":"","overlay-gradient":""},"mobile":{"background-color":"","background-image":"","background-repeat":"repeat","background-position":"center center","background-size":"auto","background-attachment":"scroll","background-type":"","background-media":"","overlay-type":"","overlay-color":"","overlay-opacity":"","overlay-gradient":""}},"ast-content-background-meta":{"desktop":{"background-color":"var(--ast-global-color-4)","background-image":"","background-repeat":"repeat","background-position":"center center","background-size":"auto","background-attachment":"scroll","background-type":"","background-media":"","overlay-type":"","overlay-color":"","overlay-opacity":"","overlay-gradient":""},"tablet":{"background-color":"var(--ast-global-color-4)","background-image":"","background-repeat":"repeat","background-position":"center center","background-size":"auto","background-attachment":"scroll","background-type":"","background-media":"","overlay-type":"","overlay-color":"","overlay-opacity":"","overlay-gradient":""},"mobile":{"background-color":"var(--ast-global-color-4)","background-image":"","background-repeat":"repeat","background-position":"center center","background-size":"auto","background-attachment":"scroll","background-type":"","background-media":"","overlay-type":"","overlay-color":"","overlay-opacity":"","overlay-gradient":""}}},"product_brand":[525],"product_cat":[444],"product_tag":[573],"class_list":{"0":"post-104366","1":"product","2":"type-product","3":"status-publish","4":"has-post-thumbnail","6":"product_brand-inter-play","7":"product_cat-gata-park","8":"product_tag-core-gata-park","9":"desktop-align-center","10":"tablet-align-left","11":"mobile-align-left","13":"first","14":"instock","15":"taxable","16":"shipping-taxable","17":"purchasable","18":"product-type-simple"},"_links":{"self":[{"href":"https:\/\/readymade.se\/lekplats\/wp-json\/wp\/v2\/product\/104366","targetHints":{"allow":["GET"]}}],"collection":[{"href":"https:\/\/readymade.se\/lekplats\/wp-json\/wp\/v2\/product"}],"about":[{"href":"https:\/\/readymade.se\/lekplats\/wp-json\/wp\/v2\/types\/product"}],"wp:featuredmedia":[{"embeddable":true,"href":"https:\/\/readymade.se\/lekplats\/wp-json\/wp\/v2\/media\/103803"}],"wp:attachment":[{"href":"https:\/\/readymade.se\/lekplats\/wp-json\/wp\/v2\/media?parent=104366"}],"wp:term":[{"taxonomy":"product_brand","embeddable":true,"href":"https:\/\/readymade.se\/lekplats\/wp-json\/wp\/v2\/product_brand?post=104366"},{"taxonomy":"product_cat","embeddable":true,"href":"https:\/\/readymade.se\/lekplats\/wp-json\/wp\/v2\/product_cat?post=104366"},{"taxonomy":"product_tag","embeddable":true,"href":"https:\/\/readymade.se\/lekplats\/wp-json\/wp\/v2\/product_tag?post=104366"}],"curies":[{"name":"wp","href":"https:\/\/api.w.org\/{rel}","templated":true}]}}