{"id":104324,"date":"2025-12-04T18:47:35","date_gmt":"2025-12-04T17:47:35","guid":{"rendered":"https:\/\/readymade.se\/core\/produkt\/studsmatta-hexo-kyckling\/"},"modified":"2026-02-28T16:56:01","modified_gmt":"2026-02-28T15:56:01","slug":"studsmatta-hexo-kyckling","status":"publish","type":"product","link":"https:\/\/readymade.se\/lekplats\/produkt\/studsmatta-hexo-kyckling\/","title":{"rendered":"Studsmatta Hexo KYCKLING"},"content":{"rendered":"<p>Hexagonal (bikakeformad) studsmatta med djurm\u00f6nster p\u00e5 hoppmattan, avsedd f\u00f6r intensiv anv\u00e4ndning p\u00e5 lekplatser. Hoppmattan \u00e4r tillverkad av mycket slitstarka Hercules-lameller med V-form och f\u00f6rst\u00e4rkta ribbor. Avst\u00e5ndet mellan lamellerna \u00e4r endast 7 mm, vilket f\u00f6rhindrar att sm\u00e5 f\u00f6rem\u00e5l faller ner. Hoppmattan har ett djurmotiv och \u00e4r uppbyggd av lameller i gula, r\u00f6da, svarta och gr\u00e5 f\u00e4rger. Studsmattan kan utrustas med \u00f6ppningsbart lock f\u00f6r enkel reng\u00f6ring. Garantin omfattar 25 \u00e5r f\u00f6r metalll\u00e5da och 3 \u00e5r f\u00f6r lameller.<\/p>\n","protected":false},"excerpt":{"rendered":"<p>Hexagonal studsmatta med djurm\u00f6nster.<\/p>\n","protected":false},"featured_media":124256,"template":"","meta":{"site-sidebar-layout":"default","site-content-layout":"","ast-site-content-layout":"default","site-content-style":"default","site-sidebar-style":"default","ast-global-header-display":"","ast-banner-title-visibility":"","ast-main-header-display":"","ast-hfb-above-header-display":"","ast-hfb-below-header-display":"","ast-hfb-mobile-header-display":"","site-post-title":"","ast-breadcrumbs-content":"","ast-featured-img":"","footer-sml-layout":"","theme-transparent-header-meta":"","adv-header-id-meta":"","stick-header-meta":"","header-above-stick-meta":"","header-main-stick-meta":"","header-below-stick-meta":"","astra-migrate-meta-layouts":"default","ast-page-background-enabled":"default","ast-page-background-meta":{"desktop":{"background-color":"var(--ast-global-color-5)","background-image":"","background-repeat":"repeat","background-position":"center center","background-size":"auto","background-attachment":"scroll","background-type":"","background-media":"","overlay-type":"","overlay-color":"","overlay-opacity":"","overlay-gradient":""},"tablet":{"background-color":"","background-image":"","background-repeat":"repeat","background-position":"center center","background-size":"auto","background-attachment":"scroll","background-type":"","background-media":"","overlay-type":"","overlay-color":"","overlay-opacity":"","overlay-gradient":""},"mobile":{"background-color":"","background-image":"","background-repeat":"repeat","background-position":"center center","background-size":"auto","background-attachment":"scroll","background-type":"","background-media":"","overlay-type":"","overlay-color":"","overlay-opacity":"","overlay-gradient":""}},"ast-content-background-meta":{"desktop":{"background-color":"var(--ast-global-color-4)","background-image":"","background-repeat":"repeat","background-position":"center center","background-size":"auto","background-attachment":"scroll","background-type":"","background-media":"","overlay-type":"","overlay-color":"","overlay-opacity":"","overlay-gradient":""},"tablet":{"background-color":"var(--ast-global-color-4)","background-image":"","background-repeat":"repeat","background-position":"center center","background-size":"auto","background-attachment":"scroll","background-type":"","background-media":"","overlay-type":"","overlay-color":"","overlay-opacity":"","overlay-gradient":""},"mobile":{"background-color":"var(--ast-global-color-4)","background-image":"","background-repeat":"repeat","background-position":"center center","background-size":"auto","background-attachment":"scroll","background-type":"","background-media":"","overlay-type":"","overlay-color":"","overlay-opacity":"","overlay-gradient":""}}},"product_brand":[525],"product_cat":[460],"product_tag":[],"class_list":{"0":"post-104324","1":"product","2":"type-product","3":"status-publish","4":"has-post-thumbnail","6":"product_brand-inter-play","7":"product_cat-studsa","8":"desktop-align-center","9":"tablet-align-left","10":"mobile-align-left","12":"first","13":"instock","14":"taxable","15":"shipping-taxable","16":"purchasable","17":"product-type-simple"},"_links":{"self":[{"href":"https:\/\/readymade.se\/lekplats\/wp-json\/wp\/v2\/product\/104324","targetHints":{"allow":["GET"]}}],"collection":[{"href":"https:\/\/readymade.se\/lekplats\/wp-json\/wp\/v2\/product"}],"about":[{"href":"https:\/\/readymade.se\/lekplats\/wp-json\/wp\/v2\/types\/product"}],"wp:featuredmedia":[{"embeddable":true,"href":"https:\/\/readymade.se\/lekplats\/wp-json\/wp\/v2\/media\/124256"}],"wp:attachment":[{"href":"https:\/\/readymade.se\/lekplats\/wp-json\/wp\/v2\/media?parent=104324"}],"wp:term":[{"taxonomy":"product_brand","embeddable":true,"href":"https:\/\/readymade.se\/lekplats\/wp-json\/wp\/v2\/product_brand?post=104324"},{"taxonomy":"product_cat","embeddable":true,"href":"https:\/\/readymade.se\/lekplats\/wp-json\/wp\/v2\/product_cat?post=104324"},{"taxonomy":"product_tag","embeddable":true,"href":"https:\/\/readymade.se\/lekplats\/wp-json\/wp\/v2\/product_tag?post=104324"}],"curies":[{"name":"wp","href":"https:\/\/api.w.org\/{rel}","templated":true}]}}