{"id":104285,"date":"2025-12-04T18:45:40","date_gmt":"2025-12-04T17:45:40","guid":{"rendered":"https:\/\/readymade.se\/core\/produkt\/studsmatta-tuto-27\/"},"modified":"2026-02-03T10:18:08","modified_gmt":"2026-02-03T09:18:08","slug":"studsmatta-tuto-27","status":"publish","type":"product","link":"https:\/\/readymade.se\/lekplats\/produkt\/studsmatta-tuto-27\/","title":{"rendered":"Studsmatta TUTO 27"},"content":{"rendered":"<p>Set med 33 studsmattor avsedda f\u00f6r intensiv anv\u00e4ndning p\u00e5 lekplatser. Setet best\u00e5r av 29 kvadratiska studsmattor och 4 kvartsformade studsmattor (29 \u00d7 Pako 150 och 4 \u00d7 Kvartalo 150). Hoppmattorna \u00e4r tillverkade av slitstarka Hercules-lameller med halkfri yta, V-formad konstruktion och f\u00f6rst\u00e4rkta ribbor. Lamellavst\u00e5ndet p\u00e5 endast 7 mm \u00f6kar s\u00e4kerheten. Konstruktionen omfattar fj\u00e4drar runt omkretsen, f\u00f6rst\u00e4rkta kabel\u00e4ndar, flexibel gummikrage och metallboxstruktur. Mattorna finns i 8 f\u00e4rger och kan anpassas med grafik. Studsmattorna kan utrustas med \u00f6ppningsbart lock. Garantin omfattar 25 \u00e5r f\u00f6r metalll\u00e5dor och 3 \u00e5r f\u00f6r lameller.<\/p>\n","protected":false},"excerpt":{"rendered":"<p>Set med 33 studsmattor f\u00f6r mycket stora lekytor.<\/p>\n","protected":false},"featured_media":103447,"template":"","meta":{"site-sidebar-layout":"default","site-content-layout":"","ast-site-content-layout":"default","site-content-style":"default","site-sidebar-style":"default","ast-global-header-display":"","ast-banner-title-visibility":"","ast-main-header-display":"","ast-hfb-above-header-display":"","ast-hfb-below-header-display":"","ast-hfb-mobile-header-display":"","site-post-title":"","ast-breadcrumbs-content":"","ast-featured-img":"","footer-sml-layout":"","theme-transparent-header-meta":"","adv-header-id-meta":"","stick-header-meta":"","header-above-stick-meta":"","header-main-stick-meta":"","header-below-stick-meta":"","astra-migrate-meta-layouts":"default","ast-page-background-enabled":"default","ast-page-background-meta":{"desktop":{"background-color":"var(--ast-global-color-5)","background-image":"","background-repeat":"repeat","background-position":"center center","background-size":"auto","background-attachment":"scroll","background-type":"","background-media":"","overlay-type":"","overlay-color":"","overlay-opacity":"","overlay-gradient":""},"tablet":{"background-color":"","background-image":"","background-repeat":"repeat","background-position":"center center","background-size":"auto","background-attachment":"scroll","background-type":"","background-media":"","overlay-type":"","overlay-color":"","overlay-opacity":"","overlay-gradient":""},"mobile":{"background-color":"","background-image":"","background-repeat":"repeat","background-position":"center center","background-size":"auto","background-attachment":"scroll","background-type":"","background-media":"","overlay-type":"","overlay-color":"","overlay-opacity":"","overlay-gradient":""}},"ast-content-background-meta":{"desktop":{"background-color":"var(--ast-global-color-4)","background-image":"","background-repeat":"repeat","background-position":"center center","background-size":"auto","background-attachment":"scroll","background-type":"","background-media":"","overlay-type":"","overlay-color":"","overlay-opacity":"","overlay-gradient":""},"tablet":{"background-color":"var(--ast-global-color-4)","background-image":"","background-repeat":"repeat","background-position":"center center","background-size":"auto","background-attachment":"scroll","background-type":"","background-media":"","overlay-type":"","overlay-color":"","overlay-opacity":"","overlay-gradient":""},"mobile":{"background-color":"var(--ast-global-color-4)","background-image":"","background-repeat":"repeat","background-position":"center center","background-size":"auto","background-attachment":"scroll","background-type":"","background-media":"","overlay-type":"","overlay-color":"","overlay-opacity":"","overlay-gradient":""}}},"product_brand":[525],"product_cat":[460],"product_tag":[],"class_list":{"0":"post-104285","1":"product","2":"type-product","3":"status-publish","4":"has-post-thumbnail","6":"product_brand-inter-play","7":"product_cat-studsa","8":"desktop-align-center","9":"tablet-align-left","10":"mobile-align-left","12":"first","13":"instock","14":"taxable","15":"shipping-taxable","16":"purchasable","17":"product-type-simple"},"_links":{"self":[{"href":"https:\/\/readymade.se\/lekplats\/wp-json\/wp\/v2\/product\/104285","targetHints":{"allow":["GET"]}}],"collection":[{"href":"https:\/\/readymade.se\/lekplats\/wp-json\/wp\/v2\/product"}],"about":[{"href":"https:\/\/readymade.se\/lekplats\/wp-json\/wp\/v2\/types\/product"}],"wp:featuredmedia":[{"embeddable":true,"href":"https:\/\/readymade.se\/lekplats\/wp-json\/wp\/v2\/media\/103447"}],"wp:attachment":[{"href":"https:\/\/readymade.se\/lekplats\/wp-json\/wp\/v2\/media?parent=104285"}],"wp:term":[{"taxonomy":"product_brand","embeddable":true,"href":"https:\/\/readymade.se\/lekplats\/wp-json\/wp\/v2\/product_brand?post=104285"},{"taxonomy":"product_cat","embeddable":true,"href":"https:\/\/readymade.se\/lekplats\/wp-json\/wp\/v2\/product_cat?post=104285"},{"taxonomy":"product_tag","embeddable":true,"href":"https:\/\/readymade.se\/lekplats\/wp-json\/wp\/v2\/product_tag?post=104285"}],"curies":[{"name":"wp","href":"https:\/\/api.w.org\/{rel}","templated":true}]}}