{"id":104264,"date":"2025-12-04T18:44:36","date_gmt":"2025-12-04T17:44:36","guid":{"rendered":"https:\/\/readymade.se\/core\/produkt\/studsmatta-tuto-3\/"},"modified":"2026-02-28T16:56:20","modified_gmt":"2026-02-28T15:56:20","slug":"studsmatta-tuto-3","status":"publish","type":"product","link":"https:\/\/readymade.se\/lekplats\/produkt\/studsmatta-tuto-3\/","title":{"rendered":"Studsmatta TUTO 3"},"content":{"rendered":"<p>Set med 3 studsmattor avsedda f\u00f6r intensiv anv\u00e4ndning p\u00e5 lekplatser. Setet best\u00e5r av 3 runda studsmattor. Hoppmattorna \u00e4r tillverkade av slitstarka Hercules-lameller med en minsta bredd p\u00e5 37 mm, V-formad konstruktion och f\u00f6rst\u00e4rkta ribbor. Tack vare lamellavst\u00e5nd p\u00e5 endast 7 mm f\u00f6rhindras att sm\u00e5 f\u00f6rem\u00e5l faller ner. Mattorna finns i 8 f\u00e4rger och kan \u00e4ven anpassas med grafik. Trampolinkragen finns i 2 standardf\u00e4rger och 23 specialf\u00e4rger samt kan dekoreras med m\u00f6nster. Studsmattorna kan f\u00f6rses med \u00f6ppningsbart lock f\u00f6r enkel reng\u00f6ring. Garantin omfattar 25 \u00e5r f\u00f6r metalll\u00e5dor och 3 \u00e5r f\u00f6r lameller.<\/p>\n","protected":false},"excerpt":{"rendered":"<p>Set med tre runda studsmattor f\u00f6r lekplatser.<\/p>\n","protected":false},"featured_media":124279,"template":"","meta":{"site-sidebar-layout":"default","site-content-layout":"","ast-site-content-layout":"default","site-content-style":"default","site-sidebar-style":"default","ast-global-header-display":"","ast-banner-title-visibility":"","ast-main-header-display":"","ast-hfb-above-header-display":"","ast-hfb-below-header-display":"","ast-hfb-mobile-header-display":"","site-post-title":"","ast-breadcrumbs-content":"","ast-featured-img":"","footer-sml-layout":"","theme-transparent-header-meta":"","adv-header-id-meta":"","stick-header-meta":"","header-above-stick-meta":"","header-main-stick-meta":"","header-below-stick-meta":"","astra-migrate-meta-layouts":"default","ast-page-background-enabled":"default","ast-page-background-meta":{"desktop":{"background-color":"var(--ast-global-color-5)","background-image":"","background-repeat":"repeat","background-position":"center center","background-size":"auto","background-attachment":"scroll","background-type":"","background-media":"","overlay-type":"","overlay-color":"","overlay-opacity":"","overlay-gradient":""},"tablet":{"background-color":"","background-image":"","background-repeat":"repeat","background-position":"center center","background-size":"auto","background-attachment":"scroll","background-type":"","background-media":"","overlay-type":"","overlay-color":"","overlay-opacity":"","overlay-gradient":""},"mobile":{"background-color":"","background-image":"","background-repeat":"repeat","background-position":"center center","background-size":"auto","background-attachment":"scroll","background-type":"","background-media":"","overlay-type":"","overlay-color":"","overlay-opacity":"","overlay-gradient":""}},"ast-content-background-meta":{"desktop":{"background-color":"var(--ast-global-color-4)","background-image":"","background-repeat":"repeat","background-position":"center center","background-size":"auto","background-attachment":"scroll","background-type":"","background-media":"","overlay-type":"","overlay-color":"","overlay-opacity":"","overlay-gradient":""},"tablet":{"background-color":"var(--ast-global-color-4)","background-image":"","background-repeat":"repeat","background-position":"center center","background-size":"auto","background-attachment":"scroll","background-type":"","background-media":"","overlay-type":"","overlay-color":"","overlay-opacity":"","overlay-gradient":""},"mobile":{"background-color":"var(--ast-global-color-4)","background-image":"","background-repeat":"repeat","background-position":"center center","background-size":"auto","background-attachment":"scroll","background-type":"","background-media":"","overlay-type":"","overlay-color":"","overlay-opacity":"","overlay-gradient":""}}},"product_brand":[525],"product_cat":[460],"product_tag":[],"class_list":{"0":"post-104264","1":"product","2":"type-product","3":"status-publish","4":"has-post-thumbnail","6":"product_brand-inter-play","7":"product_cat-studsa","8":"desktop-align-center","9":"tablet-align-left","10":"mobile-align-left","12":"first","13":"instock","14":"taxable","15":"shipping-taxable","16":"purchasable","17":"product-type-simple"},"_links":{"self":[{"href":"https:\/\/readymade.se\/lekplats\/wp-json\/wp\/v2\/product\/104264","targetHints":{"allow":["GET"]}}],"collection":[{"href":"https:\/\/readymade.se\/lekplats\/wp-json\/wp\/v2\/product"}],"about":[{"href":"https:\/\/readymade.se\/lekplats\/wp-json\/wp\/v2\/types\/product"}],"wp:featuredmedia":[{"embeddable":true,"href":"https:\/\/readymade.se\/lekplats\/wp-json\/wp\/v2\/media\/124279"}],"wp:attachment":[{"href":"https:\/\/readymade.se\/lekplats\/wp-json\/wp\/v2\/media?parent=104264"}],"wp:term":[{"taxonomy":"product_brand","embeddable":true,"href":"https:\/\/readymade.se\/lekplats\/wp-json\/wp\/v2\/product_brand?post=104264"},{"taxonomy":"product_cat","embeddable":true,"href":"https:\/\/readymade.se\/lekplats\/wp-json\/wp\/v2\/product_cat?post=104264"},{"taxonomy":"product_tag","embeddable":true,"href":"https:\/\/readymade.se\/lekplats\/wp-json\/wp\/v2\/product_tag?post=104264"}],"curies":[{"name":"wp","href":"https:\/\/api.w.org\/{rel}","templated":true}]}}