{"id":104222,"date":"2025-12-04T18:42:48","date_gmt":"2025-12-04T17:42:48","guid":{"rendered":"https:\/\/readymade.se\/core\/produkt\/planteringsset-i-betong-med-bank-02\/"},"modified":"2026-02-27T16:18:04","modified_gmt":"2026-02-27T15:18:04","slug":"planteringsset-i-betong-med-bank-02","status":"publish","type":"product","link":"https:\/\/readymade.se\/lekplats\/produkt\/planteringsset-i-betong-med-bank-02\/","title":{"rendered":"Planteringsset i betong med b\u00e4nk 02"},"content":{"rendered":"<p>Sk\u00f6ljd betongb\u00e4nk finns i 7 f\u00e4rger. Sitsen \u00e4r gjord av tr\u00e4. B\u00e4nken i bra val f\u00f6r bekv\u00e4ma och snygga urbana m\u00f6bler att parkera, estete etc. Konstruktionen av denna b\u00e4nk g\u00f6r intrycket av l\u00e4tta och estetiska m\u00f6bler, b\u00e4st f\u00f6r stadsrum.<\/p>\n","protected":false},"excerpt":{"rendered":"<p>Sk\u00f6ljd betongb\u00e4nk finns i 7 f\u00e4rger. Sitsen \u00e4r gjord av tr\u00e4. B\u00e4nken \u00e4r ett bra val f\u00f6r bekv\u00e4ma och snygga stadsm\u00f6bler att parkera, estete etc. Konstruktionen av denna b\u00e4nk ger intrycket av ljus och estetisk m\u00f6blering<\/p>\n","protected":false},"featured_media":121992,"template":"","meta":{"site-sidebar-layout":"default","site-content-layout":"","ast-site-content-layout":"default","site-content-style":"default","site-sidebar-style":"default","ast-global-header-display":"","ast-banner-title-visibility":"","ast-main-header-display":"","ast-hfb-above-header-display":"","ast-hfb-below-header-display":"","ast-hfb-mobile-header-display":"","site-post-title":"","ast-breadcrumbs-content":"","ast-featured-img":"","footer-sml-layout":"","theme-transparent-header-meta":"","adv-header-id-meta":"","stick-header-meta":"","header-above-stick-meta":"","header-main-stick-meta":"","header-below-stick-meta":"","astra-migrate-meta-layouts":"default","ast-page-background-enabled":"default","ast-page-background-meta":{"desktop":{"background-color":"var(--ast-global-color-5)","background-image":"","background-repeat":"repeat","background-position":"center center","background-size":"auto","background-attachment":"scroll","background-type":"","background-media":"","overlay-type":"","overlay-color":"","overlay-opacity":"","overlay-gradient":""},"tablet":{"background-color":"","background-image":"","background-repeat":"repeat","background-position":"center center","background-size":"auto","background-attachment":"scroll","background-type":"","background-media":"","overlay-type":"","overlay-color":"","overlay-opacity":"","overlay-gradient":""},"mobile":{"background-color":"","background-image":"","background-repeat":"repeat","background-position":"center center","background-size":"auto","background-attachment":"scroll","background-type":"","background-media":"","overlay-type":"","overlay-color":"","overlay-opacity":"","overlay-gradient":""}},"ast-content-background-meta":{"desktop":{"background-color":"var(--ast-global-color-4)","background-image":"","background-repeat":"repeat","background-position":"center center","background-size":"auto","background-attachment":"scroll","background-type":"","background-media":"","overlay-type":"","overlay-color":"","overlay-opacity":"","overlay-gradient":""},"tablet":{"background-color":"var(--ast-global-color-4)","background-image":"","background-repeat":"repeat","background-position":"center center","background-size":"auto","background-attachment":"scroll","background-type":"","background-media":"","overlay-type":"","overlay-color":"","overlay-opacity":"","overlay-gradient":""},"mobile":{"background-color":"var(--ast-global-color-4)","background-image":"","background-repeat":"repeat","background-position":"center center","background-size":"auto","background-attachment":"scroll","background-type":"","background-media":"","overlay-type":"","overlay-color":"","overlay-opacity":"","overlay-gradient":""}}},"product_brand":[525],"product_cat":[444],"product_tag":[573],"class_list":{"0":"post-104222","1":"product","2":"type-product","3":"status-publish","4":"has-post-thumbnail","6":"product_brand-inter-play","7":"product_cat-gata-park","8":"product_tag-core-gata-park","9":"desktop-align-center","10":"tablet-align-left","11":"mobile-align-left","13":"first","14":"instock","15":"taxable","16":"shipping-taxable","17":"purchasable","18":"product-type-simple"},"_links":{"self":[{"href":"https:\/\/readymade.se\/lekplats\/wp-json\/wp\/v2\/product\/104222","targetHints":{"allow":["GET"]}}],"collection":[{"href":"https:\/\/readymade.se\/lekplats\/wp-json\/wp\/v2\/product"}],"about":[{"href":"https:\/\/readymade.se\/lekplats\/wp-json\/wp\/v2\/types\/product"}],"wp:featuredmedia":[{"embeddable":true,"href":"https:\/\/readymade.se\/lekplats\/wp-json\/wp\/v2\/media\/121992"}],"wp:attachment":[{"href":"https:\/\/readymade.se\/lekplats\/wp-json\/wp\/v2\/media?parent=104222"}],"wp:term":[{"taxonomy":"product_brand","embeddable":true,"href":"https:\/\/readymade.se\/lekplats\/wp-json\/wp\/v2\/product_brand?post=104222"},{"taxonomy":"product_cat","embeddable":true,"href":"https:\/\/readymade.se\/lekplats\/wp-json\/wp\/v2\/product_cat?post=104222"},{"taxonomy":"product_tag","embeddable":true,"href":"https:\/\/readymade.se\/lekplats\/wp-json\/wp\/v2\/product_tag?post=104222"}],"curies":[{"name":"wp","href":"https:\/\/api.w.org\/{rel}","templated":true}]}}