{"id":103958,"date":"2025-12-04T18:28:49","date_gmt":"2025-12-04T17:28:49","guid":{"rendered":"https:\/\/readymade.se\/core\/produkt\/pyramid-q-55\/"},"modified":"2026-01-09T14:48:50","modified_gmt":"2026-01-09T13:48:50","slug":"pyramid-q-55","status":"publish","type":"product","link":"https:\/\/readymade.se\/lekplats\/produkt\/pyramid-q-55\/","title":{"rendered":"Pyramid Q 55"},"content":{"rendered":"<p>Kl\u00e4tterpyramid med central mast monterad p\u00e5 en s\u00e4rskild monteringsplatta som \u00e4r fastskruvad i grundbetongblock, utan att masten gjuts ner i marken. Konstruktionen inneh\u00e5ller tre plattformar och fyra grenlinjer. Pyramiden \u00e4r avsedd f\u00f6r installation p\u00e5 minst 40 cm sandlager som slutlig yta. Den \u00e4r utrustad med linsp\u00e4nningsjustering med hj\u00e4lp av s\u00e4kra sp\u00e4nnare samt s\u00e4kerhetsrep vid varje ankare. Alla rep \u00e4r tillverkade av polyester med en tjocklek p\u00e5 20 mm. Bygglinorna saknar kopplingar och l\u00f6per i ett sammanh\u00e4ngande stycke fr\u00e5n ankare genom mastens topp till motsatt ankare. Korsningsrep \u00e4r sammanfogade med fabrikspressade aluminiumkulor utan skruv.<\/p>\n","protected":false},"excerpt":{"rendered":"<p>St\u00f6rre kl\u00e4tterpyramid som erbjuder varierad kl\u00e4ttring och r\u00f6relse i h\u00f6jdled. Utvecklar barns motorik, styrka och uth\u00e5llighet genom aktiv lek.<\/p>\n","protected":false},"featured_media":101760,"template":"","meta":{"site-sidebar-layout":"default","site-content-layout":"","ast-site-content-layout":"default","site-content-style":"default","site-sidebar-style":"default","ast-global-header-display":"","ast-banner-title-visibility":"","ast-main-header-display":"","ast-hfb-above-header-display":"","ast-hfb-below-header-display":"","ast-hfb-mobile-header-display":"","site-post-title":"","ast-breadcrumbs-content":"","ast-featured-img":"","footer-sml-layout":"","theme-transparent-header-meta":"","adv-header-id-meta":"","stick-header-meta":"","header-above-stick-meta":"","header-main-stick-meta":"","header-below-stick-meta":"","astra-migrate-meta-layouts":"default","ast-page-background-enabled":"default","ast-page-background-meta":{"desktop":{"background-color":"var(--ast-global-color-5)","background-image":"","background-repeat":"repeat","background-position":"center center","background-size":"auto","background-attachment":"scroll","background-type":"","background-media":"","overlay-type":"","overlay-color":"","overlay-opacity":"","overlay-gradient":""},"tablet":{"background-color":"","background-image":"","background-repeat":"repeat","background-position":"center center","background-size":"auto","background-attachment":"scroll","background-type":"","background-media":"","overlay-type":"","overlay-color":"","overlay-opacity":"","overlay-gradient":""},"mobile":{"background-color":"","background-image":"","background-repeat":"repeat","background-position":"center center","background-size":"auto","background-attachment":"scroll","background-type":"","background-media":"","overlay-type":"","overlay-color":"","overlay-opacity":"","overlay-gradient":""}},"ast-content-background-meta":{"desktop":{"background-color":"var(--ast-global-color-4)","background-image":"","background-repeat":"repeat","background-position":"center center","background-size":"auto","background-attachment":"scroll","background-type":"","background-media":"","overlay-type":"","overlay-color":"","overlay-opacity":"","overlay-gradient":""},"tablet":{"background-color":"var(--ast-global-color-4)","background-image":"","background-repeat":"repeat","background-position":"center center","background-size":"auto","background-attachment":"scroll","background-type":"","background-media":"","overlay-type":"","overlay-color":"","overlay-opacity":"","overlay-gradient":""},"mobile":{"background-color":"var(--ast-global-color-4)","background-image":"","background-repeat":"repeat","background-position":"center center","background-size":"auto","background-attachment":"scroll","background-type":"","background-media":"","overlay-type":"","overlay-color":"","overlay-opacity":"","overlay-gradient":""}}},"product_brand":[525],"product_cat":[483,53],"product_tag":[],"class_list":{"0":"post-103958","1":"product","2":"type-product","3":"status-publish","4":"has-post-thumbnail","6":"product_brand-inter-play","7":"product_cat-klatterpyramider","8":"product_cat-klatterstallningar","9":"desktop-align-center","10":"tablet-align-left","11":"mobile-align-left","13":"first","14":"instock","15":"taxable","16":"shipping-taxable","17":"purchasable","18":"product-type-simple"},"_links":{"self":[{"href":"https:\/\/readymade.se\/lekplats\/wp-json\/wp\/v2\/product\/103958","targetHints":{"allow":["GET"]}}],"collection":[{"href":"https:\/\/readymade.se\/lekplats\/wp-json\/wp\/v2\/product"}],"about":[{"href":"https:\/\/readymade.se\/lekplats\/wp-json\/wp\/v2\/types\/product"}],"wp:featuredmedia":[{"embeddable":true,"href":"https:\/\/readymade.se\/lekplats\/wp-json\/wp\/v2\/media\/101760"}],"wp:attachment":[{"href":"https:\/\/readymade.se\/lekplats\/wp-json\/wp\/v2\/media?parent=103958"}],"wp:term":[{"taxonomy":"product_brand","embeddable":true,"href":"https:\/\/readymade.se\/lekplats\/wp-json\/wp\/v2\/product_brand?post=103958"},{"taxonomy":"product_cat","embeddable":true,"href":"https:\/\/readymade.se\/lekplats\/wp-json\/wp\/v2\/product_cat?post=103958"},{"taxonomy":"product_tag","embeddable":true,"href":"https:\/\/readymade.se\/lekplats\/wp-json\/wp\/v2\/product_tag?post=103958"}],"curies":[{"name":"wp","href":"https:\/\/api.w.org\/{rel}","templated":true}]}}