{"id":103949,"date":"2025-12-04T18:28:26","date_gmt":"2025-12-04T17:28:26","guid":{"rendered":"https:\/\/readymade.se\/core\/produkt\/fotbollsring-2-7x7m\/"},"modified":"2025-12-09T11:22:58","modified_gmt":"2025-12-09T10:22:58","slug":"fotbollsring-2-7x7m","status":"publish","type":"product","link":"https:\/\/readymade.se\/lekplats\/produkt\/fotbollsring-2-7x7m\/","title":{"rendered":"Fotbollsring 2 (7x7m)"},"content":{"rendered":"<p>Fotbollsringen (Muga System) \u00e4r ett system f\u00f6r att spela fotboll. Strukturen best\u00e5r av fotbollsplanpaneler, tv\u00e5 miniportar och entr\u00e9portar. Framf\u00f6r entr\u00e9n finns paneler som f\u00f6rhindrar att bollen faller ut. Fotobilden visar exempel p\u00e5 produkter som ofta modifieras f\u00f6r att m\u00f6ta kraven f\u00f6r s\u00e4rskilda projekt. Enheten inneh\u00e5ller f\u00f6ljande moduler: AR-1, AR-5, AR-7, AR -9, AR-11. Alla bilder \u00e4r endast f\u00f6r illustrations\u00e4ndaM\u00e5l och kan skilja sig fr\u00e5n den faktiska produkten.<\/p>\n","protected":false},"excerpt":{"rendered":"<p>Fotbollsringen (Muga System) \u00e4r ett system f\u00f6r att spela fotboll. Strukturen best\u00e5r av fotbollsplanpaneler, tv\u00e5 miniportar och entr\u00e9portar. Framf\u00f6r entr\u00e9n finns paneler som f\u00f6rhindrar att bollen faller ut. Fotot sid<\/p>\n","protected":false},"featured_media":101713,"template":"","meta":{"site-sidebar-layout":"default","site-content-layout":"","ast-site-content-layout":"default","site-content-style":"default","site-sidebar-style":"default","ast-global-header-display":"","ast-banner-title-visibility":"","ast-main-header-display":"","ast-hfb-above-header-display":"","ast-hfb-below-header-display":"","ast-hfb-mobile-header-display":"","site-post-title":"","ast-breadcrumbs-content":"","ast-featured-img":"","footer-sml-layout":"","theme-transparent-header-meta":"","adv-header-id-meta":"","stick-header-meta":"","header-above-stick-meta":"","header-main-stick-meta":"","header-below-stick-meta":"","astra-migrate-meta-layouts":"default","ast-page-background-enabled":"default","ast-page-background-meta":{"desktop":{"background-color":"var(--ast-global-color-5)","background-image":"","background-repeat":"repeat","background-position":"center center","background-size":"auto","background-attachment":"scroll","background-type":"","background-media":"","overlay-type":"","overlay-color":"","overlay-opacity":"","overlay-gradient":""},"tablet":{"background-color":"","background-image":"","background-repeat":"repeat","background-position":"center center","background-size":"auto","background-attachment":"scroll","background-type":"","background-media":"","overlay-type":"","overlay-color":"","overlay-opacity":"","overlay-gradient":""},"mobile":{"background-color":"","background-image":"","background-repeat":"repeat","background-position":"center center","background-size":"auto","background-attachment":"scroll","background-type":"","background-media":"","overlay-type":"","overlay-color":"","overlay-opacity":"","overlay-gradient":""}},"ast-content-background-meta":{"desktop":{"background-color":"var(--ast-global-color-4)","background-image":"","background-repeat":"repeat","background-position":"center center","background-size":"auto","background-attachment":"scroll","background-type":"","background-media":"","overlay-type":"","overlay-color":"","overlay-opacity":"","overlay-gradient":""},"tablet":{"background-color":"var(--ast-global-color-4)","background-image":"","background-repeat":"repeat","background-position":"center center","background-size":"auto","background-attachment":"scroll","background-type":"","background-media":"","overlay-type":"","overlay-color":"","overlay-opacity":"","overlay-gradient":""},"mobile":{"background-color":"var(--ast-global-color-4)","background-image":"","background-repeat":"repeat","background-position":"center center","background-size":"auto","background-attachment":"scroll","background-type":"","background-media":"","overlay-type":"","overlay-color":"","overlay-opacity":"","overlay-gradient":""}}},"product_brand":[525],"product_cat":[382,369],"product_tag":[],"class_list":{"0":"post-103949","1":"product","2":"type-product","3":"status-publish","4":"has-post-thumbnail","6":"product_brand-inter-play","7":"product_cat-multiarenor","8":"product_cat-sport-rorelse","9":"desktop-align-center","10":"tablet-align-left","11":"mobile-align-left","13":"first","14":"instock","15":"taxable","16":"shipping-taxable","17":"purchasable","18":"product-type-simple"},"_links":{"self":[{"href":"https:\/\/readymade.se\/lekplats\/wp-json\/wp\/v2\/product\/103949","targetHints":{"allow":["GET"]}}],"collection":[{"href":"https:\/\/readymade.se\/lekplats\/wp-json\/wp\/v2\/product"}],"about":[{"href":"https:\/\/readymade.se\/lekplats\/wp-json\/wp\/v2\/types\/product"}],"wp:featuredmedia":[{"embeddable":true,"href":"https:\/\/readymade.se\/lekplats\/wp-json\/wp\/v2\/media\/101713"}],"wp:attachment":[{"href":"https:\/\/readymade.se\/lekplats\/wp-json\/wp\/v2\/media?parent=103949"}],"wp:term":[{"taxonomy":"product_brand","embeddable":true,"href":"https:\/\/readymade.se\/lekplats\/wp-json\/wp\/v2\/product_brand?post=103949"},{"taxonomy":"product_cat","embeddable":true,"href":"https:\/\/readymade.se\/lekplats\/wp-json\/wp\/v2\/product_cat?post=103949"},{"taxonomy":"product_tag","embeddable":true,"href":"https:\/\/readymade.se\/lekplats\/wp-json\/wp\/v2\/product_tag?post=103949"}],"curies":[{"name":"wp","href":"https:\/\/api.w.org\/{rel}","templated":true}]}}