{"id":103927,"date":"2025-12-04T18:27:20","date_gmt":"2025-12-04T17:27:20","guid":{"rendered":"https:\/\/readymade.se\/core\/produkt\/styrelsen-varld-av-djur-1-lumo\/"},"modified":"2026-02-28T17:48:44","modified_gmt":"2026-02-28T16:48:44","slug":"styrelsen-varld-av-djur-1-lumo","status":"publish","type":"product","link":"https:\/\/readymade.se\/lekplats\/produkt\/styrelsen-varld-av-djur-1-lumo\/","title":{"rendered":"Styrelse V\u00e4rld Av Djur 1 Lumo"},"content":{"rendered":"<p>Set med tre sammankopplade sensoriska paneler f\u00f6r interaktiv lek, designat f\u00f6r barn inklusive rullstolsanv\u00e4ndare. Panelerna erbjuder varierande texturer, f\u00e4rger och funktioner som stimulerar sinnena och st\u00e4rker kognitiva f\u00f6rm\u00e5gor. Huvudtemat \u00e4r djur s\u00e5som dinosaurier, katter och hundar. Inbyggda roterande hjul avger f\u00e4rgstarkt ljus vid r\u00f6relse. Bakgrunden inneh\u00e5ller snidade detaljer med v\u00e4xtmotiv och moln. Strukturen \u00e4r gjord av svart, galvaniserat och pulverlackerat st\u00e5l. Panelerna \u00e4r tillverkade av HDPE-material och r\u00f6ren \u00e4r avslutade med sf\u00e4riska dekorativa element. * Tillg\u00e4ngliga stolpf\u00e4rger [RAL]: 7016; 9006.<\/p>\n","protected":false},"excerpt":{"rendered":"<p>Sensoriskt panelset med djurtema som kombinerar l\u00e4rande, fantasi och ljusbaserad lek.<\/p>\n","protected":false},"featured_media":124484,"template":"","meta":{"site-sidebar-layout":"default","site-content-layout":"","ast-site-content-layout":"default","site-content-style":"default","site-sidebar-style":"default","ast-global-header-display":"","ast-banner-title-visibility":"","ast-main-header-display":"","ast-hfb-above-header-display":"","ast-hfb-below-header-display":"","ast-hfb-mobile-header-display":"","site-post-title":"","ast-breadcrumbs-content":"","ast-featured-img":"","footer-sml-layout":"","theme-transparent-header-meta":"","adv-header-id-meta":"","stick-header-meta":"","header-above-stick-meta":"","header-main-stick-meta":"","header-below-stick-meta":"","astra-migrate-meta-layouts":"default","ast-page-background-enabled":"default","ast-page-background-meta":{"desktop":{"background-color":"var(--ast-global-color-5)","background-image":"","background-repeat":"repeat","background-position":"center center","background-size":"auto","background-attachment":"scroll","background-type":"","background-media":"","overlay-type":"","overlay-color":"","overlay-opacity":"","overlay-gradient":""},"tablet":{"background-color":"","background-image":"","background-repeat":"repeat","background-position":"center center","background-size":"auto","background-attachment":"scroll","background-type":"","background-media":"","overlay-type":"","overlay-color":"","overlay-opacity":"","overlay-gradient":""},"mobile":{"background-color":"","background-image":"","background-repeat":"repeat","background-position":"center center","background-size":"auto","background-attachment":"scroll","background-type":"","background-media":"","overlay-type":"","overlay-color":"","overlay-opacity":"","overlay-gradient":""}},"ast-content-background-meta":{"desktop":{"background-color":"var(--ast-global-color-4)","background-image":"","background-repeat":"repeat","background-position":"center center","background-size":"auto","background-attachment":"scroll","background-type":"","background-media":"","overlay-type":"","overlay-color":"","overlay-opacity":"","overlay-gradient":""},"tablet":{"background-color":"var(--ast-global-color-4)","background-image":"","background-repeat":"repeat","background-position":"center center","background-size":"auto","background-attachment":"scroll","background-type":"","background-media":"","overlay-type":"","overlay-color":"","overlay-opacity":"","overlay-gradient":""},"mobile":{"background-color":"var(--ast-global-color-4)","background-image":"","background-repeat":"repeat","background-position":"center center","background-size":"auto","background-attachment":"scroll","background-type":"","background-media":"","overlay-type":"","overlay-color":"","overlay-opacity":"","overlay-gradient":""}}},"product_brand":[525],"product_cat":[461],"product_tag":[],"class_list":{"0":"post-103927","1":"product","2":"type-product","3":"status-publish","4":"has-post-thumbnail","6":"product_brand-inter-play","7":"product_cat-lekpaneler","8":"desktop-align-center","9":"tablet-align-left","10":"mobile-align-left","12":"first","13":"instock","14":"taxable","15":"shipping-taxable","16":"purchasable","17":"product-type-simple"},"_links":{"self":[{"href":"https:\/\/readymade.se\/lekplats\/wp-json\/wp\/v2\/product\/103927","targetHints":{"allow":["GET"]}}],"collection":[{"href":"https:\/\/readymade.se\/lekplats\/wp-json\/wp\/v2\/product"}],"about":[{"href":"https:\/\/readymade.se\/lekplats\/wp-json\/wp\/v2\/types\/product"}],"wp:featuredmedia":[{"embeddable":true,"href":"https:\/\/readymade.se\/lekplats\/wp-json\/wp\/v2\/media\/124484"}],"wp:attachment":[{"href":"https:\/\/readymade.se\/lekplats\/wp-json\/wp\/v2\/media?parent=103927"}],"wp:term":[{"taxonomy":"product_brand","embeddable":true,"href":"https:\/\/readymade.se\/lekplats\/wp-json\/wp\/v2\/product_brand?post=103927"},{"taxonomy":"product_cat","embeddable":true,"href":"https:\/\/readymade.se\/lekplats\/wp-json\/wp\/v2\/product_cat?post=103927"},{"taxonomy":"product_tag","embeddable":true,"href":"https:\/\/readymade.se\/lekplats\/wp-json\/wp\/v2\/product_tag?post=103927"}],"curies":[{"name":"wp","href":"https:\/\/api.w.org\/{rel}","templated":true}]}}