{"id":103920,"date":"2025-12-04T18:26:49","date_gmt":"2025-12-04T17:26:49","guid":{"rendered":"https:\/\/readymade.se\/core\/produkt\/ombord-pa-drake-2-lumo\/"},"modified":"2026-02-28T17:48:44","modified_gmt":"2026-02-28T16:48:44","slug":"ombord-pa-drake-2-lumo","status":"publish","type":"product","link":"https:\/\/readymade.se\/lekplats\/produkt\/ombord-pa-drake-2-lumo\/","title":{"rendered":"Ombord p\u00e5 Drake 2 Lumo"},"content":{"rendered":"<p>Stor sensorisk tavla designad f\u00f6r kreativ lek, anpassad f\u00f6r anv\u00e4ndning av barn i rullstol. Huvudtemat har en stor, f\u00e4rgglad drake. Br\u00e4dan inneh\u00e5ller roterande hjul som avger f\u00e4rgglada ljus n\u00e4r de s\u00e4tts i r\u00f6relse, vilket f\u00f6rb\u00e4ttrar spelupplevelsen. Den har \u00e4ven sp\u00e5r som imiterar tr\u00e4d och moln, vilket skapar en uppslukande milj\u00f6. Konstruktionen \u00e4r gjord av svart, galvaniserat och pulverlackerat st\u00e5l, vilket garanterar h\u00e5llbarhet och s\u00e4kerhet. Skivan \u00e4r gjord av HDPE-material och r\u00f6ren \u00e4r f\u00e4rdiga med dekorativa sf\u00e4riska element. * Tillg\u00e4ngliga stolpar f\u00e4rger [RAL]: 7016; 9006.<\/p>\n","protected":false},"excerpt":{"rendered":"<p>Stor sensorisk tavla med draktema som kombinerar ljus, r\u00f6relse och fantasifull lek f\u00f6r inkluderande milj\u00f6er.<\/p>\n","protected":false},"featured_media":124483,"template":"","meta":{"site-sidebar-layout":"default","site-content-layout":"","ast-site-content-layout":"default","site-content-style":"default","site-sidebar-style":"default","ast-global-header-display":"","ast-banner-title-visibility":"","ast-main-header-display":"","ast-hfb-above-header-display":"","ast-hfb-below-header-display":"","ast-hfb-mobile-header-display":"","site-post-title":"","ast-breadcrumbs-content":"","ast-featured-img":"","footer-sml-layout":"","theme-transparent-header-meta":"","adv-header-id-meta":"","stick-header-meta":"","header-above-stick-meta":"","header-main-stick-meta":"","header-below-stick-meta":"","astra-migrate-meta-layouts":"default","ast-page-background-enabled":"default","ast-page-background-meta":{"desktop":{"background-color":"var(--ast-global-color-5)","background-image":"","background-repeat":"repeat","background-position":"center center","background-size":"auto","background-attachment":"scroll","background-type":"","background-media":"","overlay-type":"","overlay-color":"","overlay-opacity":"","overlay-gradient":""},"tablet":{"background-color":"","background-image":"","background-repeat":"repeat","background-position":"center center","background-size":"auto","background-attachment":"scroll","background-type":"","background-media":"","overlay-type":"","overlay-color":"","overlay-opacity":"","overlay-gradient":""},"mobile":{"background-color":"","background-image":"","background-repeat":"repeat","background-position":"center center","background-size":"auto","background-attachment":"scroll","background-type":"","background-media":"","overlay-type":"","overlay-color":"","overlay-opacity":"","overlay-gradient":""}},"ast-content-background-meta":{"desktop":{"background-color":"var(--ast-global-color-4)","background-image":"","background-repeat":"repeat","background-position":"center center","background-size":"auto","background-attachment":"scroll","background-type":"","background-media":"","overlay-type":"","overlay-color":"","overlay-opacity":"","overlay-gradient":""},"tablet":{"background-color":"var(--ast-global-color-4)","background-image":"","background-repeat":"repeat","background-position":"center center","background-size":"auto","background-attachment":"scroll","background-type":"","background-media":"","overlay-type":"","overlay-color":"","overlay-opacity":"","overlay-gradient":""},"mobile":{"background-color":"var(--ast-global-color-4)","background-image":"","background-repeat":"repeat","background-position":"center center","background-size":"auto","background-attachment":"scroll","background-type":"","background-media":"","overlay-type":"","overlay-color":"","overlay-opacity":"","overlay-gradient":""}}},"product_brand":[525],"product_cat":[461],"product_tag":[],"class_list":{"0":"post-103920","1":"product","2":"type-product","3":"status-publish","4":"has-post-thumbnail","6":"product_brand-inter-play","7":"product_cat-lekpaneler","8":"desktop-align-center","9":"tablet-align-left","10":"mobile-align-left","12":"first","13":"instock","14":"taxable","15":"shipping-taxable","16":"purchasable","17":"product-type-simple"},"_links":{"self":[{"href":"https:\/\/readymade.se\/lekplats\/wp-json\/wp\/v2\/product\/103920","targetHints":{"allow":["GET"]}}],"collection":[{"href":"https:\/\/readymade.se\/lekplats\/wp-json\/wp\/v2\/product"}],"about":[{"href":"https:\/\/readymade.se\/lekplats\/wp-json\/wp\/v2\/types\/product"}],"wp:featuredmedia":[{"embeddable":true,"href":"https:\/\/readymade.se\/lekplats\/wp-json\/wp\/v2\/media\/124483"}],"wp:attachment":[{"href":"https:\/\/readymade.se\/lekplats\/wp-json\/wp\/v2\/media?parent=103920"}],"wp:term":[{"taxonomy":"product_brand","embeddable":true,"href":"https:\/\/readymade.se\/lekplats\/wp-json\/wp\/v2\/product_brand?post=103920"},{"taxonomy":"product_cat","embeddable":true,"href":"https:\/\/readymade.se\/lekplats\/wp-json\/wp\/v2\/product_cat?post=103920"},{"taxonomy":"product_tag","embeddable":true,"href":"https:\/\/readymade.se\/lekplats\/wp-json\/wp\/v2\/product_tag?post=103920"}],"curies":[{"name":"wp","href":"https:\/\/api.w.org\/{rel}","templated":true}]}}