{"id":103905,"date":"2025-12-04T18:25:58","date_gmt":"2025-12-04T17:25:58","guid":{"rendered":"https:\/\/readymade.se\/core\/produkt\/sfero-rymd-4-1\/"},"modified":"2026-02-28T15:20:18","modified_gmt":"2026-02-28T14:20:18","slug":"sfero-rymd-4-1","status":"publish","type":"product","link":"https:\/\/readymade.se\/lekplats\/produkt\/sfero-rymd-4-1\/","title":{"rendered":"Sfero Rymd 4-1"},"content":{"rendered":"<p>Sfero Rymd 4-1 Lekst\u00e4llning \u00e4r en lekplats som f\u00e5ngar uppm\u00e4rksamheten med sin imponerande storlek, moderna design och geometriska precision. Den best\u00e5r av fyra sammankopplade sf\u00e4riska moduler, en rak r\u00f6rslid och en b\u00f6jd r\u00f6rformad rutschkana. Varje sf\u00e4r \u00e4r en arkimedisk solid med \u00e5ttakantig symmetri och liksidig radiell struktur som ger h\u00f6gsta s\u00e4kerhetsstandard. Varje modul inneh\u00e5ller 24 identiska kanter av konstruktionsst\u00e5lr\u00f6r \u00d8 88,9 mm med v\u00e4ggtjocklek 2,6 mm, varmf\u00f6rzinkade och pulverlackerade. Sf\u00e4rerna \u00e4r sammankopplade med ett internt hylssystem som bibeh\u00e5ller full strukturell stabilitet \u00e4ven vid lek av upp till 60 barn. Valbar version med rutschkanor i rostfritt st\u00e5l finns.<\/p>\n","protected":false},"excerpt":{"rendered":"<p>Mycket stor lekst\u00e4llning som fungerar som ett tydligt blickf\u00e5ng p\u00e5 lekplatsen. Den sf\u00e4riska designen erbjuder omfattande kl\u00e4ttring och aktiv lek f\u00f6r st\u00f6rre barngrupper.<\/p>\n","protected":false},"featured_media":123769,"template":"","meta":{"site-sidebar-layout":"default","site-content-layout":"","ast-site-content-layout":"default","site-content-style":"default","site-sidebar-style":"default","ast-global-header-display":"","ast-banner-title-visibility":"","ast-main-header-display":"","ast-hfb-above-header-display":"","ast-hfb-below-header-display":"","ast-hfb-mobile-header-display":"","site-post-title":"","ast-breadcrumbs-content":"","ast-featured-img":"","footer-sml-layout":"","theme-transparent-header-meta":"","adv-header-id-meta":"","stick-header-meta":"","header-above-stick-meta":"","header-main-stick-meta":"","header-below-stick-meta":"","astra-migrate-meta-layouts":"default","ast-page-background-enabled":"default","ast-page-background-meta":{"desktop":{"background-color":"var(--ast-global-color-5)","background-image":"","background-repeat":"repeat","background-position":"center center","background-size":"auto","background-attachment":"scroll","background-type":"","background-media":"","overlay-type":"","overlay-color":"","overlay-opacity":"","overlay-gradient":""},"tablet":{"background-color":"","background-image":"","background-repeat":"repeat","background-position":"center center","background-size":"auto","background-attachment":"scroll","background-type":"","background-media":"","overlay-type":"","overlay-color":"","overlay-opacity":"","overlay-gradient":""},"mobile":{"background-color":"","background-image":"","background-repeat":"repeat","background-position":"center center","background-size":"auto","background-attachment":"scroll","background-type":"","background-media":"","overlay-type":"","overlay-color":"","overlay-opacity":"","overlay-gradient":""}},"ast-content-background-meta":{"desktop":{"background-color":"var(--ast-global-color-4)","background-image":"","background-repeat":"repeat","background-position":"center center","background-size":"auto","background-attachment":"scroll","background-type":"","background-media":"","overlay-type":"","overlay-color":"","overlay-opacity":"","overlay-gradient":""},"tablet":{"background-color":"var(--ast-global-color-4)","background-image":"","background-repeat":"repeat","background-position":"center center","background-size":"auto","background-attachment":"scroll","background-type":"","background-media":"","overlay-type":"","overlay-color":"","overlay-opacity":"","overlay-gradient":""},"mobile":{"background-color":"var(--ast-global-color-4)","background-image":"","background-repeat":"repeat","background-position":"center center","background-size":"auto","background-attachment":"scroll","background-type":"","background-media":"","overlay-type":"","overlay-color":"","overlay-opacity":"","overlay-gradient":""}}},"product_brand":[525],"product_cat":[32],"product_tag":[],"class_list":{"0":"post-103905","1":"product","2":"type-product","3":"status-publish","4":"has-post-thumbnail","6":"product_brand-inter-play","7":"product_cat-lekstallningar","8":"desktop-align-center","9":"tablet-align-left","10":"mobile-align-left","12":"first","13":"instock","14":"taxable","15":"shipping-taxable","16":"purchasable","17":"product-type-simple"},"_links":{"self":[{"href":"https:\/\/readymade.se\/lekplats\/wp-json\/wp\/v2\/product\/103905","targetHints":{"allow":["GET"]}}],"collection":[{"href":"https:\/\/readymade.se\/lekplats\/wp-json\/wp\/v2\/product"}],"about":[{"href":"https:\/\/readymade.se\/lekplats\/wp-json\/wp\/v2\/types\/product"}],"wp:featuredmedia":[{"embeddable":true,"href":"https:\/\/readymade.se\/lekplats\/wp-json\/wp\/v2\/media\/123769"}],"wp:attachment":[{"href":"https:\/\/readymade.se\/lekplats\/wp-json\/wp\/v2\/media?parent=103905"}],"wp:term":[{"taxonomy":"product_brand","embeddable":true,"href":"https:\/\/readymade.se\/lekplats\/wp-json\/wp\/v2\/product_brand?post=103905"},{"taxonomy":"product_cat","embeddable":true,"href":"https:\/\/readymade.se\/lekplats\/wp-json\/wp\/v2\/product_cat?post=103905"},{"taxonomy":"product_tag","embeddable":true,"href":"https:\/\/readymade.se\/lekplats\/wp-json\/wp\/v2\/product_tag?post=103905"}],"curies":[{"name":"wp","href":"https:\/\/api.w.org\/{rel}","templated":true}]}}