{"id":103902,"date":"2025-12-04T18:25:52","date_gmt":"2025-12-04T17:25:52","guid":{"rendered":"https:\/\/readymade.se\/core\/produkt\/sfero-rymd-3-1\/"},"modified":"2026-02-28T15:20:18","modified_gmt":"2026-02-28T14:20:18","slug":"sfero-rymd-3-1","status":"publish","type":"product","link":"https:\/\/readymade.se\/lekplats\/produkt\/sfero-rymd-3-1\/","title":{"rendered":"Sfero Rymd 3-1"},"content":{"rendered":"<p>Sfero Rymd 3-1 best\u00e5r av tre sammankopplade sf\u00e4riska moduler och en l\u00e5ng b\u00f6jd r\u00f6rslid. Varje sf\u00e4r \u00e4r en arkimedisk solid med \u00e5ttakantig symmetri och liksidig radiell konstruktion som ger extrem stabilitet. Konstruktionen best\u00e5r av 24 identiska kanter av konstruktionsst\u00e5lr\u00f6r \u00d8 88,9 mm med v\u00e4ggtjocklek 2,6 mm, varmf\u00f6rzinkade och pulverlackerade. Modulerna \u00e4r sammanfogade med ett internt hylssystem som s\u00e4kerst\u00e4ller h\u00e5llbara fogar och stabilitet vid lek av upp till 39 barn. Valbar version med rutschkanor i rostfritt st\u00e5l finns.<\/p>\n","protected":false},"excerpt":{"rendered":"<p>Spektakul\u00e4r lekst\u00e4llning med futuristisk k\u00e4nsla och stor lekyta. Utformad f\u00f6r att inspirera kl\u00e4ttring, r\u00f6relse och gemensamma lekar.<\/p>\n","protected":false},"featured_media":123770,"template":"","meta":{"site-sidebar-layout":"default","site-content-layout":"","ast-site-content-layout":"default","site-content-style":"default","site-sidebar-style":"default","ast-global-header-display":"","ast-banner-title-visibility":"","ast-main-header-display":"","ast-hfb-above-header-display":"","ast-hfb-below-header-display":"","ast-hfb-mobile-header-display":"","site-post-title":"","ast-breadcrumbs-content":"","ast-featured-img":"","footer-sml-layout":"","theme-transparent-header-meta":"","adv-header-id-meta":"","stick-header-meta":"","header-above-stick-meta":"","header-main-stick-meta":"","header-below-stick-meta":"","astra-migrate-meta-layouts":"default","ast-page-background-enabled":"default","ast-page-background-meta":{"desktop":{"background-color":"var(--ast-global-color-5)","background-image":"","background-repeat":"repeat","background-position":"center center","background-size":"auto","background-attachment":"scroll","background-type":"","background-media":"","overlay-type":"","overlay-color":"","overlay-opacity":"","overlay-gradient":""},"tablet":{"background-color":"","background-image":"","background-repeat":"repeat","background-position":"center center","background-size":"auto","background-attachment":"scroll","background-type":"","background-media":"","overlay-type":"","overlay-color":"","overlay-opacity":"","overlay-gradient":""},"mobile":{"background-color":"","background-image":"","background-repeat":"repeat","background-position":"center center","background-size":"auto","background-attachment":"scroll","background-type":"","background-media":"","overlay-type":"","overlay-color":"","overlay-opacity":"","overlay-gradient":""}},"ast-content-background-meta":{"desktop":{"background-color":"var(--ast-global-color-4)","background-image":"","background-repeat":"repeat","background-position":"center center","background-size":"auto","background-attachment":"scroll","background-type":"","background-media":"","overlay-type":"","overlay-color":"","overlay-opacity":"","overlay-gradient":""},"tablet":{"background-color":"var(--ast-global-color-4)","background-image":"","background-repeat":"repeat","background-position":"center center","background-size":"auto","background-attachment":"scroll","background-type":"","background-media":"","overlay-type":"","overlay-color":"","overlay-opacity":"","overlay-gradient":""},"mobile":{"background-color":"var(--ast-global-color-4)","background-image":"","background-repeat":"repeat","background-position":"center center","background-size":"auto","background-attachment":"scroll","background-type":"","background-media":"","overlay-type":"","overlay-color":"","overlay-opacity":"","overlay-gradient":""}}},"product_brand":[525],"product_cat":[32],"product_tag":[],"class_list":{"0":"post-103902","1":"product","2":"type-product","3":"status-publish","4":"has-post-thumbnail","6":"product_brand-inter-play","7":"product_cat-lekstallningar","8":"desktop-align-center","9":"tablet-align-left","10":"mobile-align-left","12":"first","13":"instock","14":"taxable","15":"shipping-taxable","16":"purchasable","17":"product-type-simple"},"_links":{"self":[{"href":"https:\/\/readymade.se\/lekplats\/wp-json\/wp\/v2\/product\/103902","targetHints":{"allow":["GET"]}}],"collection":[{"href":"https:\/\/readymade.se\/lekplats\/wp-json\/wp\/v2\/product"}],"about":[{"href":"https:\/\/readymade.se\/lekplats\/wp-json\/wp\/v2\/types\/product"}],"wp:featuredmedia":[{"embeddable":true,"href":"https:\/\/readymade.se\/lekplats\/wp-json\/wp\/v2\/media\/123770"}],"wp:attachment":[{"href":"https:\/\/readymade.se\/lekplats\/wp-json\/wp\/v2\/media?parent=103902"}],"wp:term":[{"taxonomy":"product_brand","embeddable":true,"href":"https:\/\/readymade.se\/lekplats\/wp-json\/wp\/v2\/product_brand?post=103902"},{"taxonomy":"product_cat","embeddable":true,"href":"https:\/\/readymade.se\/lekplats\/wp-json\/wp\/v2\/product_cat?post=103902"},{"taxonomy":"product_tag","embeddable":true,"href":"https:\/\/readymade.se\/lekplats\/wp-json\/wp\/v2\/product_tag?post=103902"}],"curies":[{"name":"wp","href":"https:\/\/api.w.org\/{rel}","templated":true}]}}