{"id":101564,"date":"2025-12-04T13:41:03","date_gmt":"2025-12-04T12:41:03","guid":{"rendered":"https:\/\/readymade.se\/core\/produkt\/spelset-robinia-19\/"},"modified":"2025-12-08T13:19:14","modified_gmt":"2025-12-08T12:19:14","slug":"spelset-robinia-19","status":"publish","type":"product","link":"https:\/\/readymade.se\/lekplats\/produkt\/spelset-robinia-19\/","title":{"rendered":"Robinia 19"},"content":{"rendered":"<p>Lekst\u00e4llningen tillverkad av ROBINIA-tr\u00e4 av h\u00f6gsta kvalitet, som kombinerar ett naturligt ekologiskt utseende med  h\u00e5llbarhet. Setet best\u00e5r av en h\u00f6g tr\u00e4stolpe dekorerad med l\u00f6v och en uggla, tillsammans med horisontella st\u00e4nger i rostfritt st\u00e5l som fungerar som kl\u00e4tterstege. Designen \u00e4r enkel men \u00e4nd\u00e5 funktionell, vilket g\u00f6r att barn kan tr\u00e4na balans, kl\u00e4ttring och motorisk koordination. Den h\u00f6ga stolpen med dekorationer ger hela strukturen en v\u00e4nlig, skogsliknande karakt\u00e4r som passar in i det ekologiska designtemat. Materialen som anv\u00e4nds, s\u00e5som slitstarkt ROBINIA-tr\u00e4 och rostfritt st\u00e5l, s\u00e4kerst\u00e4ller motst\u00e5ndskraft mot v\u00e4xlande v\u00e4derf\u00f6rh\u00e5llanden och l\u00e5ngvarig h\u00e5llbarhet. Detta \u00e4r en idealisk l\u00f6sning f\u00f6r lekplatser som s\u00f6ker utrustning med ett modernt men \u00e4nd\u00e5 naturligt utseende, som ger barn h\u00e4lsosam fysisk aktivitet utomhus.<\/p>\n","protected":false},"excerpt":{"rendered":"<p>Lekst\u00e4llningen tillverkad av ROBINIA-tr\u00e4 av h\u00f6gsta kvalitet, som kombinerar ett naturligt ekologiskt utseende med  h\u00e5llbarhet. Setet best\u00e5r av en h\u00f6g tr\u00e4stolpe dekorerad med l\u00f6v och en uggla, tillsammans med horisontell bets<\/p>\n","protected":false},"featured_media":101563,"template":"","meta":{"site-sidebar-layout":"default","site-content-layout":"","ast-site-content-layout":"default","site-content-style":"default","site-sidebar-style":"default","ast-global-header-display":"","ast-banner-title-visibility":"","ast-main-header-display":"","ast-hfb-above-header-display":"","ast-hfb-below-header-display":"","ast-hfb-mobile-header-display":"","site-post-title":"","ast-breadcrumbs-content":"","ast-featured-img":"","footer-sml-layout":"","theme-transparent-header-meta":"","adv-header-id-meta":"","stick-header-meta":"","header-above-stick-meta":"","header-main-stick-meta":"","header-below-stick-meta":"","astra-migrate-meta-layouts":"default","ast-page-background-enabled":"default","ast-page-background-meta":{"desktop":{"background-color":"var(--ast-global-color-5)","background-image":"","background-repeat":"repeat","background-position":"center center","background-size":"auto","background-attachment":"scroll","background-type":"","background-media":"","overlay-type":"","overlay-color":"","overlay-opacity":"","overlay-gradient":""},"tablet":{"background-color":"","background-image":"","background-repeat":"repeat","background-position":"center center","background-size":"auto","background-attachment":"scroll","background-type":"","background-media":"","overlay-type":"","overlay-color":"","overlay-opacity":"","overlay-gradient":""},"mobile":{"background-color":"","background-image":"","background-repeat":"repeat","background-position":"center center","background-size":"auto","background-attachment":"scroll","background-type":"","background-media":"","overlay-type":"","overlay-color":"","overlay-opacity":"","overlay-gradient":""}},"ast-content-background-meta":{"desktop":{"background-color":"var(--ast-global-color-4)","background-image":"","background-repeat":"repeat","background-position":"center center","background-size":"auto","background-attachment":"scroll","background-type":"","background-media":"","overlay-type":"","overlay-color":"","overlay-opacity":"","overlay-gradient":""},"tablet":{"background-color":"var(--ast-global-color-4)","background-image":"","background-repeat":"repeat","background-position":"center center","background-size":"auto","background-attachment":"scroll","background-type":"","background-media":"","overlay-type":"","overlay-color":"","overlay-opacity":"","overlay-gradient":""},"mobile":{"background-color":"var(--ast-global-color-4)","background-image":"","background-repeat":"repeat","background-position":"center center","background-size":"auto","background-attachment":"scroll","background-type":"","background-media":"","overlay-type":"","overlay-color":"","overlay-opacity":"","overlay-gradient":""}}},"product_brand":[525],"product_cat":[55],"product_tag":[446],"class_list":{"0":"post-101564","1":"product","2":"type-product","3":"status-publish","4":"has-post-thumbnail","6":"product_brand-inter-play","7":"product_cat-balans-motorik","8":"product_tag-readymade-woods","9":"desktop-align-center","10":"tablet-align-left","11":"mobile-align-left","13":"first","14":"instock","15":"taxable","16":"shipping-taxable","17":"purchasable","18":"product-type-simple"},"_links":{"self":[{"href":"https:\/\/readymade.se\/lekplats\/wp-json\/wp\/v2\/product\/101564","targetHints":{"allow":["GET"]}}],"collection":[{"href":"https:\/\/readymade.se\/lekplats\/wp-json\/wp\/v2\/product"}],"about":[{"href":"https:\/\/readymade.se\/lekplats\/wp-json\/wp\/v2\/types\/product"}],"wp:featuredmedia":[{"embeddable":true,"href":"https:\/\/readymade.se\/lekplats\/wp-json\/wp\/v2\/media\/101563"}],"wp:attachment":[{"href":"https:\/\/readymade.se\/lekplats\/wp-json\/wp\/v2\/media?parent=101564"}],"wp:term":[{"taxonomy":"product_brand","embeddable":true,"href":"https:\/\/readymade.se\/lekplats\/wp-json\/wp\/v2\/product_brand?post=101564"},{"taxonomy":"product_cat","embeddable":true,"href":"https:\/\/readymade.se\/lekplats\/wp-json\/wp\/v2\/product_cat?post=101564"},{"taxonomy":"product_tag","embeddable":true,"href":"https:\/\/readymade.se\/lekplats\/wp-json\/wp\/v2\/product_tag?post=101564"}],"curies":[{"name":"wp","href":"https:\/\/api.w.org\/{rel}","templated":true}]}}