{"id":101377,"date":"2025-12-04T13:36:57","date_gmt":"2025-12-04T12:36:57","guid":{"rendered":"https:\/\/readymade.se\/core\/produkt\/plattform-for-sluttningsrutschbanor-paso\/"},"modified":"2025-12-22T09:37:54","modified_gmt":"2025-12-22T08:37:54","slug":"plattform-for-sluttningsrutschbanor-paso","status":"publish","type":"product","link":"https:\/\/readymade.se\/lekplats\/produkt\/plattform-for-sluttningsrutschbanor-paso\/","title":{"rendered":"Plattform f\u00f6r sluttningsrutschbanor PASO"},"content":{"rendered":"<p>Plattformens specialiserade design m\u00f6jligg\u00f6r bekv\u00e4m och s\u00e4ker anv\u00e4ndning av rutschbanor installerade p\u00e5 en sluttning. Den plana ytan fungerar som ett startomr\u00e5de f\u00f6r glidanv\u00e4ndare och \u00e4r t\u00e4ckt med en HPL-skiva med en halkfri struktur. Denna l\u00f6sning \u00e4r praktisk, estetiskt tilltalande och f\u00f6rb\u00e4ttrar anv\u00e4ndbarheten i omr\u00e5den med okonventionell terr\u00e4ng.<\/p>\n","protected":false},"excerpt":{"rendered":"<p>Plattformens specialiserade design m\u00f6jligg\u00f6r bekv\u00e4m och s\u00e4ker anv\u00e4ndning av rutschbanor installerade p\u00e5 en sluttning. Den plana ytan fungerar som ett startomr\u00e5de f\u00f6r glidanv\u00e4ndare och \u00e4r t\u00e4ckt med en HPL-skiva med en halkfri struktur. Denna l\u00f6sning i<\/p>\n","protected":false},"featured_media":100643,"template":"","meta":{"site-sidebar-layout":"default","site-content-layout":"","ast-site-content-layout":"default","site-content-style":"default","site-sidebar-style":"default","ast-global-header-display":"","ast-banner-title-visibility":"","ast-main-header-display":"","ast-hfb-above-header-display":"","ast-hfb-below-header-display":"","ast-hfb-mobile-header-display":"","site-post-title":"","ast-breadcrumbs-content":"","ast-featured-img":"","footer-sml-layout":"","theme-transparent-header-meta":"","adv-header-id-meta":"","stick-header-meta":"","header-above-stick-meta":"","header-main-stick-meta":"","header-below-stick-meta":"","astra-migrate-meta-layouts":"default","ast-page-background-enabled":"default","ast-page-background-meta":{"desktop":{"background-color":"var(--ast-global-color-5)","background-image":"","background-repeat":"repeat","background-position":"center center","background-size":"auto","background-attachment":"scroll","background-type":"","background-media":"","overlay-type":"","overlay-color":"","overlay-opacity":"","overlay-gradient":""},"tablet":{"background-color":"","background-image":"","background-repeat":"repeat","background-position":"center center","background-size":"auto","background-attachment":"scroll","background-type":"","background-media":"","overlay-type":"","overlay-color":"","overlay-opacity":"","overlay-gradient":""},"mobile":{"background-color":"","background-image":"","background-repeat":"repeat","background-position":"center center","background-size":"auto","background-attachment":"scroll","background-type":"","background-media":"","overlay-type":"","overlay-color":"","overlay-opacity":"","overlay-gradient":""}},"ast-content-background-meta":{"desktop":{"background-color":"var(--ast-global-color-4)","background-image":"","background-repeat":"repeat","background-position":"center center","background-size":"auto","background-attachment":"scroll","background-type":"","background-media":"","overlay-type":"","overlay-color":"","overlay-opacity":"","overlay-gradient":""},"tablet":{"background-color":"var(--ast-global-color-4)","background-image":"","background-repeat":"repeat","background-position":"center center","background-size":"auto","background-attachment":"scroll","background-type":"","background-media":"","overlay-type":"","overlay-color":"","overlay-opacity":"","overlay-gradient":""},"mobile":{"background-color":"var(--ast-global-color-4)","background-image":"","background-repeat":"repeat","background-position":"center center","background-size":"auto","background-attachment":"scroll","background-type":"","background-media":"","overlay-type":"","overlay-color":"","overlay-opacity":"","overlay-gradient":""}}},"product_brand":[525],"product_cat":[560],"product_tag":[],"class_list":{"0":"post-101377","1":"product","2":"type-product","3":"status-publish","4":"has-post-thumbnail","6":"product_brand-inter-play","7":"product_cat-reservdelar-rutschkanor","8":"desktop-align-center","9":"tablet-align-left","10":"mobile-align-left","12":"first","13":"instock","14":"taxable","15":"shipping-taxable","16":"purchasable","17":"product-type-simple"},"_links":{"self":[{"href":"https:\/\/readymade.se\/lekplats\/wp-json\/wp\/v2\/product\/101377","targetHints":{"allow":["GET"]}}],"collection":[{"href":"https:\/\/readymade.se\/lekplats\/wp-json\/wp\/v2\/product"}],"about":[{"href":"https:\/\/readymade.se\/lekplats\/wp-json\/wp\/v2\/types\/product"}],"wp:featuredmedia":[{"embeddable":true,"href":"https:\/\/readymade.se\/lekplats\/wp-json\/wp\/v2\/media\/100643"}],"wp:attachment":[{"href":"https:\/\/readymade.se\/lekplats\/wp-json\/wp\/v2\/media?parent=101377"}],"wp:term":[{"taxonomy":"product_brand","embeddable":true,"href":"https:\/\/readymade.se\/lekplats\/wp-json\/wp\/v2\/product_brand?post=101377"},{"taxonomy":"product_cat","embeddable":true,"href":"https:\/\/readymade.se\/lekplats\/wp-json\/wp\/v2\/product_cat?post=101377"},{"taxonomy":"product_tag","embeddable":true,"href":"https:\/\/readymade.se\/lekplats\/wp-json\/wp\/v2\/product_tag?post=101377"}],"curies":[{"name":"wp","href":"https:\/\/api.w.org\/{rel}","templated":true}]}}