{"id":101187,"date":"2025-12-04T09:17:59","date_gmt":"2025-12-04T08:17:59","guid":{"rendered":"https:\/\/readymade.se\/core\/?post_type=product&#038;p=101187"},"modified":"2025-12-15T14:00:57","modified_gmt":"2025-12-15T13:00:57","slug":"kattmedel","status":"publish","type":"product","link":"https:\/\/readymade.se\/lekplats\/produkt\/kattmedel\/","title":{"rendered":"Kattmedel"},"content":{"rendered":"<p>KOT-STOP verkar enligt principen att hundar och katter inte g\u00e5r p\u00e5 toaletten d\u00e4r de \u00e4ter. Medlet \u00e4r helt ofarligt f\u00f6r m\u00e4nniskor, djur och v\u00e4xter. Det \u00e4r en blandning av naturliga vattenl\u00f6sliga vegetabiliska oljor och arom\u00e4mnen, utan kemiska tillsatser.<br \/>\nF\u00f6r hundar och katter luktar det mat och de v\u00e4ljer d\u00e4rf\u00f6r att l\u00e4mna sina exkrement p\u00e5 ett annat st\u00e4lle. Man sp\u00e4r det med vatten f\u00f6r att enkelt kunna vattna ut det p\u00e5 ytor som ska skyddas t.ex. sandl\u00e5dor och gr\u00e4smattor.<br \/>\nInneh\u00e5ll:<br \/>\nBlandning av vattenl\u00f6sliga vegetabiliska oljor, utan kemiska tillsatser<br \/>\n&#8211; lavadinolja<br \/>\n&#8211; citronellaolja,<br \/>\n&#8211; verbenaolja\/j\u00e4rn\u00f6rtolja<br \/>\n&#8211; vatten<br \/>\n&#8211; \u00f6rtl\u00f6sningsmedel<br \/>\nAnv\u00e4ndning:<br \/>\n&#8211; Innan anv\u00e4ndning ska smutsiga ytor reng\u00f6ras och vattnas.<br \/>\n&#8211; Skakas v\u00e4l innan anv\u00e4ndning.<br \/>\n&#8211; Blanda 1 dl Kot-Stop med 10 liter vatten. Anv\u00e4nd omedelbart. Vid \u00e5terupprepad anv\u00e4ndning kan koncentrationen minskas till 1 dl Kot-Stop till 25 liter vatten.<br \/>\n&#8211; F\u00f6rdela j\u00e4mt p\u00e5 och runt ytor med vattenkanna eller sprayflaska.<br \/>\n&#8211; \u00c5terupprepa efter 1-2 veckor. D\u00e4refter var 3:e-4:e vecka.<br \/>\n&#8211; 1 liter Kot-Stop koncentrat r\u00e4cker till ca 200 m\u00b2 (vid blandning 1:100).<br \/>\n&#8211; F\u00f6rvara produkten kallt och outsp\u00e4dd.<\/p>\n","protected":false},"excerpt":{"rendered":"<p>KOT-STOP verkar enligt principen att hundar och katter inte g\u00e5r p\u00e5 toaletten d\u00e4r de \u00e4ter. Medlet \u00e4r helt ofarligt f\u00f6r [&hellip;]<\/p>\n","protected":false},"featured_media":101209,"template":"","meta":{"site-sidebar-layout":"default","site-content-layout":"","ast-site-content-layout":"default","site-content-style":"default","site-sidebar-style":"default","ast-global-header-display":"","ast-banner-title-visibility":"","ast-main-header-display":"","ast-hfb-above-header-display":"","ast-hfb-below-header-display":"","ast-hfb-mobile-header-display":"","site-post-title":"","ast-breadcrumbs-content":"","ast-featured-img":"","footer-sml-layout":"","theme-transparent-header-meta":"","adv-header-id-meta":"","stick-header-meta":"","header-above-stick-meta":"","header-main-stick-meta":"","header-below-stick-meta":"","astra-migrate-meta-layouts":"default","ast-page-background-enabled":"default","ast-page-background-meta":{"desktop":{"background-color":"var(--ast-global-color-5)","background-image":"","background-repeat":"repeat","background-position":"center center","background-size":"auto","background-attachment":"scroll","background-type":"","background-media":"","overlay-type":"","overlay-color":"","overlay-opacity":"","overlay-gradient":""},"tablet":{"background-color":"","background-image":"","background-repeat":"repeat","background-position":"center center","background-size":"auto","background-attachment":"scroll","background-type":"","background-media":"","overlay-type":"","overlay-color":"","overlay-opacity":"","overlay-gradient":""},"mobile":{"background-color":"","background-image":"","background-repeat":"repeat","background-position":"center center","background-size":"auto","background-attachment":"scroll","background-type":"","background-media":"","overlay-type":"","overlay-color":"","overlay-opacity":"","overlay-gradient":""}},"ast-content-background-meta":{"desktop":{"background-color":"var(--ast-global-color-4)","background-image":"","background-repeat":"repeat","background-position":"center center","background-size":"auto","background-attachment":"scroll","background-type":"","background-media":"","overlay-type":"","overlay-color":"","overlay-opacity":"","overlay-gradient":""},"tablet":{"background-color":"var(--ast-global-color-4)","background-image":"","background-repeat":"repeat","background-position":"center center","background-size":"auto","background-attachment":"scroll","background-type":"","background-media":"","overlay-type":"","overlay-color":"","overlay-opacity":"","overlay-gradient":""},"mobile":{"background-color":"var(--ast-global-color-4)","background-image":"","background-repeat":"repeat","background-position":"center center","background-size":"auto","background-attachment":"scroll","background-type":"","background-media":"","overlay-type":"","overlay-color":"","overlay-opacity":"","overlay-gradient":""}}},"product_brand":[],"product_cat":[506],"product_tag":[552],"class_list":{"0":"post-101187","1":"product","2":"type-product","3":"status-publish","4":"has-post-thumbnail","6":"product_cat-reservdelar-och-tillbehor","7":"product_tag-docks","8":"desktop-align-center","9":"tablet-align-left","10":"mobile-align-left","12":"first","13":"instock","14":"sold-individually","15":"taxable","16":"shipping-taxable","17":"purchasable","18":"product-type-simple"},"_links":{"self":[{"href":"https:\/\/readymade.se\/lekplats\/wp-json\/wp\/v2\/product\/101187","targetHints":{"allow":["GET"]}}],"collection":[{"href":"https:\/\/readymade.se\/lekplats\/wp-json\/wp\/v2\/product"}],"about":[{"href":"https:\/\/readymade.se\/lekplats\/wp-json\/wp\/v2\/types\/product"}],"wp:featuredmedia":[{"embeddable":true,"href":"https:\/\/readymade.se\/lekplats\/wp-json\/wp\/v2\/media\/101209"}],"wp:attachment":[{"href":"https:\/\/readymade.se\/lekplats\/wp-json\/wp\/v2\/media?parent=101187"}],"wp:term":[{"taxonomy":"product_brand","embeddable":true,"href":"https:\/\/readymade.se\/lekplats\/wp-json\/wp\/v2\/product_brand?post=101187"},{"taxonomy":"product_cat","embeddable":true,"href":"https:\/\/readymade.se\/lekplats\/wp-json\/wp\/v2\/product_cat?post=101187"},{"taxonomy":"product_tag","embeddable":true,"href":"https:\/\/readymade.se\/lekplats\/wp-json\/wp\/v2\/product_tag?post=101187"}],"curies":[{"name":"wp","href":"https:\/\/api.w.org\/{rel}","templated":true}]}}