{"id":100997,"date":"2025-12-04T09:13:32","date_gmt":"2025-12-04T08:13:32","guid":{"rendered":"https:\/\/readymade.se\/core\/?post_type=product&#038;p=100997"},"modified":"2025-12-15T14:01:13","modified_gmt":"2025-12-15T13:01:13","slug":"brandmansstang","status":"publish","type":"product","link":"https:\/\/readymade.se\/lekplats\/produkt\/brandmansstang\/","title":{"rendered":"Brandmansst\u00e5ng"},"content":{"rendered":"<p>Brandmansst\u00e5ng i rostfritt st\u00e5l, L=4000mm \u00d838mm.<\/p>\n<p>Brandmansst\u00e5ngen kan kortas f\u00f6r att passa \u00f6nskad monteringsh\u00f6jd.<br \/>\nSt\u00e5ngen \u00e4r f\u00f6rborrad och klar f\u00f6r montering i det medf\u00f6ljande kompositf\u00e4stet.<br \/>\nF\u00e4stet har en konstruktion som s\u00e4kerst\u00e4ller en enkel och v\u00e4lfungerande installation.<\/p>\n<p>Inkluderar:<br \/>\n1 del. f\u00f6rborrad brandmansst\u00e5ng L=4000mm \u00d838mm<br \/>\n1 del. specialbeslag i komposit<br \/>\n1 del. dela<br \/>\n4 stycken. torx skruvar 5X70<\/p>\n","protected":false},"excerpt":{"rendered":"<p>Brandmansst\u00e5ng i rostfritt st\u00e5l, L=4000mm \u00d838mm. Brandmansst\u00e5ngen kan kortas f\u00f6r att passa \u00f6nskad monteringsh\u00f6jd. St\u00e5ngen \u00e4r f\u00f6rborrad och klar f\u00f6r [&hellip;]<\/p>\n","protected":false},"featured_media":101036,"template":"","meta":{"site-sidebar-layout":"default","site-content-layout":"","ast-site-content-layout":"default","site-content-style":"default","site-sidebar-style":"default","ast-global-header-display":"","ast-banner-title-visibility":"","ast-main-header-display":"","ast-hfb-above-header-display":"","ast-hfb-below-header-display":"","ast-hfb-mobile-header-display":"","site-post-title":"","ast-breadcrumbs-content":"","ast-featured-img":"","footer-sml-layout":"","theme-transparent-header-meta":"","adv-header-id-meta":"","stick-header-meta":"","header-above-stick-meta":"","header-main-stick-meta":"","header-below-stick-meta":"","astra-migrate-meta-layouts":"default","ast-page-background-enabled":"default","ast-page-background-meta":{"desktop":{"background-color":"var(--ast-global-color-5)","background-image":"","background-repeat":"repeat","background-position":"center center","background-size":"auto","background-attachment":"scroll","background-type":"","background-media":"","overlay-type":"","overlay-color":"","overlay-opacity":"","overlay-gradient":""},"tablet":{"background-color":"","background-image":"","background-repeat":"repeat","background-position":"center center","background-size":"auto","background-attachment":"scroll","background-type":"","background-media":"","overlay-type":"","overlay-color":"","overlay-opacity":"","overlay-gradient":""},"mobile":{"background-color":"","background-image":"","background-repeat":"repeat","background-position":"center center","background-size":"auto","background-attachment":"scroll","background-type":"","background-media":"","overlay-type":"","overlay-color":"","overlay-opacity":"","overlay-gradient":""}},"ast-content-background-meta":{"desktop":{"background-color":"var(--ast-global-color-4)","background-image":"","background-repeat":"repeat","background-position":"center center","background-size":"auto","background-attachment":"scroll","background-type":"","background-media":"","overlay-type":"","overlay-color":"","overlay-opacity":"","overlay-gradient":""},"tablet":{"background-color":"var(--ast-global-color-4)","background-image":"","background-repeat":"repeat","background-position":"center center","background-size":"auto","background-attachment":"scroll","background-type":"","background-media":"","overlay-type":"","overlay-color":"","overlay-opacity":"","overlay-gradient":""},"mobile":{"background-color":"var(--ast-global-color-4)","background-image":"","background-repeat":"repeat","background-position":"center center","background-size":"auto","background-attachment":"scroll","background-type":"","background-media":"","overlay-type":"","overlay-color":"","overlay-opacity":"","overlay-gradient":""}}},"product_brand":[],"product_cat":[506],"product_tag":[552],"class_list":{"0":"post-100997","1":"product","2":"type-product","3":"status-publish","4":"has-post-thumbnail","6":"product_cat-reservdelar-och-tillbehor","7":"product_tag-docks","8":"desktop-align-center","9":"tablet-align-left","10":"mobile-align-left","12":"first","13":"instock","14":"sold-individually","15":"taxable","16":"shipping-taxable","17":"purchasable","18":"product-type-simple"},"_links":{"self":[{"href":"https:\/\/readymade.se\/lekplats\/wp-json\/wp\/v2\/product\/100997","targetHints":{"allow":["GET"]}}],"collection":[{"href":"https:\/\/readymade.se\/lekplats\/wp-json\/wp\/v2\/product"}],"about":[{"href":"https:\/\/readymade.se\/lekplats\/wp-json\/wp\/v2\/types\/product"}],"wp:featuredmedia":[{"embeddable":true,"href":"https:\/\/readymade.se\/lekplats\/wp-json\/wp\/v2\/media\/101036"}],"wp:attachment":[{"href":"https:\/\/readymade.se\/lekplats\/wp-json\/wp\/v2\/media?parent=100997"}],"wp:term":[{"taxonomy":"product_brand","embeddable":true,"href":"https:\/\/readymade.se\/lekplats\/wp-json\/wp\/v2\/product_brand?post=100997"},{"taxonomy":"product_cat","embeddable":true,"href":"https:\/\/readymade.se\/lekplats\/wp-json\/wp\/v2\/product_cat?post=100997"},{"taxonomy":"product_tag","embeddable":true,"href":"https:\/\/readymade.se\/lekplats\/wp-json\/wp\/v2\/product_tag?post=100997"}],"curies":[{"name":"wp","href":"https:\/\/api.w.org\/{rel}","templated":true}]}}