{"id":100837,"date":"2025-12-04T09:10:12","date_gmt":"2025-12-04T08:10:12","guid":{"rendered":"https:\/\/readymade.se\/core\/?post_type=product&#038;p=100837"},"modified":"2025-12-15T14:03:31","modified_gmt":"2025-12-15T13:03:31","slug":"provkroppar-europa-pe","status":"publish","type":"product","link":"https:\/\/readymade.se\/lekplats\/produkt\/provkroppar-europa-pe\/","title":{"rendered":"Provkroppar Europa-PE"},"content":{"rendered":"<p>Vi s\u00e4ljer professionella provkroppar f\u00f6r inspektion\/besiktning\/kontroll av lekplatser. <\/p>\n<p>Detta set \u00e4r komplett f\u00f6r standarden i Europa och inneh\u00e5ller provkropp 1, 4-9. De olikf\u00e4rgade &#8221;kropparna\/provsonderna&#8221; g\u00f6r det enkelt att v\u00e4lja r\u00e4tt &#8221;kropp\/sond&#8221; f\u00f6r r\u00e4tt \u00e4ndam\u00e5l. Material PE. <\/p>\n<p>Finger och provkroppar tillverkade av rostfritt st\u00e5l, ring tillverkad av aluminium<br \/>\nSet inneh\u00e5ller f\u00f6ljande provkroppar:<br \/>\n1 &#8211; Provkropp D<br \/>\n4 &#8211; Provkropp C<br \/>\n5 &#8211; Provkropp V-form<br \/>\n6 &#8211; Provkroppar Fingertavar (8 mm\/12 mm\/25 mm)<br \/>\n7 &#8211; Provkropp Kn\u00e4vring med kedja<br \/>\n8 &#8211; Provkropp E<br \/>\n9 &#8211; Ringen<br \/>\nenl. SS-EN1176 del 1<\/p>\n<p>Alla provset kommer att levereras med en kartongf\u00f6rpackning<br \/>\nDet finns \u00e4ven en specialv\u00e4ska f\u00f6r provkropparna art. LEK700750<\/p>\n","protected":false},"excerpt":{"rendered":"<p>Vi s\u00e4ljer professionella provkroppar f\u00f6r inspektion\/besiktning\/kontroll av lekplatser. Detta set \u00e4r komplett f\u00f6r standarden i Europa och inneh\u00e5ller provkropp 1, [&hellip;]<\/p>\n","protected":false},"featured_media":100887,"template":"","meta":{"site-sidebar-layout":"default","site-content-layout":"","ast-site-content-layout":"default","site-content-style":"default","site-sidebar-style":"default","ast-global-header-display":"","ast-banner-title-visibility":"","ast-main-header-display":"","ast-hfb-above-header-display":"","ast-hfb-below-header-display":"","ast-hfb-mobile-header-display":"","site-post-title":"","ast-breadcrumbs-content":"","ast-featured-img":"","footer-sml-layout":"","theme-transparent-header-meta":"","adv-header-id-meta":"","stick-header-meta":"","header-above-stick-meta":"","header-main-stick-meta":"","header-below-stick-meta":"","astra-migrate-meta-layouts":"default","ast-page-background-enabled":"default","ast-page-background-meta":{"desktop":{"background-color":"var(--ast-global-color-5)","background-image":"","background-repeat":"repeat","background-position":"center center","background-size":"auto","background-attachment":"scroll","background-type":"","background-media":"","overlay-type":"","overlay-color":"","overlay-opacity":"","overlay-gradient":""},"tablet":{"background-color":"","background-image":"","background-repeat":"repeat","background-position":"center center","background-size":"auto","background-attachment":"scroll","background-type":"","background-media":"","overlay-type":"","overlay-color":"","overlay-opacity":"","overlay-gradient":""},"mobile":{"background-color":"","background-image":"","background-repeat":"repeat","background-position":"center center","background-size":"auto","background-attachment":"scroll","background-type":"","background-media":"","overlay-type":"","overlay-color":"","overlay-opacity":"","overlay-gradient":""}},"ast-content-background-meta":{"desktop":{"background-color":"var(--ast-global-color-4)","background-image":"","background-repeat":"repeat","background-position":"center center","background-size":"auto","background-attachment":"scroll","background-type":"","background-media":"","overlay-type":"","overlay-color":"","overlay-opacity":"","overlay-gradient":""},"tablet":{"background-color":"var(--ast-global-color-4)","background-image":"","background-repeat":"repeat","background-position":"center center","background-size":"auto","background-attachment":"scroll","background-type":"","background-media":"","overlay-type":"","overlay-color":"","overlay-opacity":"","overlay-gradient":""},"mobile":{"background-color":"var(--ast-global-color-4)","background-image":"","background-repeat":"repeat","background-position":"center center","background-size":"auto","background-attachment":"scroll","background-type":"","background-media":"","overlay-type":"","overlay-color":"","overlay-opacity":"","overlay-gradient":""}}},"product_brand":[],"product_cat":[506],"product_tag":[552],"class_list":{"0":"post-100837","1":"product","2":"type-product","3":"status-publish","4":"has-post-thumbnail","6":"product_cat-reservdelar-och-tillbehor","7":"product_tag-docks","8":"desktop-align-center","9":"tablet-align-left","10":"mobile-align-left","12":"first","13":"instock","14":"sold-individually","15":"taxable","16":"shipping-taxable","17":"purchasable","18":"product-type-variable"},"_links":{"self":[{"href":"https:\/\/readymade.se\/lekplats\/wp-json\/wp\/v2\/product\/100837","targetHints":{"allow":["GET"]}}],"collection":[{"href":"https:\/\/readymade.se\/lekplats\/wp-json\/wp\/v2\/product"}],"about":[{"href":"https:\/\/readymade.se\/lekplats\/wp-json\/wp\/v2\/types\/product"}],"wp:featuredmedia":[{"embeddable":true,"href":"https:\/\/readymade.se\/lekplats\/wp-json\/wp\/v2\/media\/100887"}],"wp:attachment":[{"href":"https:\/\/readymade.se\/lekplats\/wp-json\/wp\/v2\/media?parent=100837"}],"wp:term":[{"taxonomy":"product_brand","embeddable":true,"href":"https:\/\/readymade.se\/lekplats\/wp-json\/wp\/v2\/product_brand?post=100837"},{"taxonomy":"product_cat","embeddable":true,"href":"https:\/\/readymade.se\/lekplats\/wp-json\/wp\/v2\/product_cat?post=100837"},{"taxonomy":"product_tag","embeddable":true,"href":"https:\/\/readymade.se\/lekplats\/wp-json\/wp\/v2\/product_tag?post=100837"}],"curies":[{"name":"wp","href":"https:\/\/api.w.org\/{rel}","templated":true}]}}