{"id":100791,"date":"2025-12-04T09:09:26","date_gmt":"2025-12-04T08:09:26","guid":{"rendered":"https:\/\/readymade.se\/core\/?post_type=product&#038;p=100791"},"modified":"2026-02-27T19:36:19","modified_gmt":"2026-02-27T18:36:19","slug":"sakerhetsbygel-till-kedjegunga","status":"publish","type":"product","link":"https:\/\/readymade.se\/lekplats\/produkt\/sakerhetsbygel-till-kedjegunga\/","title":{"rendered":"S\u00e4kerhetsbygel till kedjegunga"},"content":{"rendered":"<p>Ergonomisk och h\u00e5llbar s\u00e4kerhetsbygel som tillf\u00f6r extra s\u00e4kerhet till din kedjegunga.<\/p>\n<p>\u2013 G\u00e5r att montera p\u00e5 redan existerande kedjegungor<br \/>\n\u2013 Passar b\u00e5de 5mm och 6mm kedjor<\/p>\n<p>Material:<br \/>\n\u2013 Rostfritt r\u00f6r som delvis \u00e4r t\u00e4ckt av svart PU-blandning<br \/>\n\u2013 Kedjehus av h\u00e5rdplast<\/p>\n","protected":false},"excerpt":{"rendered":"<p>Ergonomisk och h\u00e5llbar s\u00e4kerhetsbygel som tillf\u00f6r extra s\u00e4kerhet till din kedjegunga. \u2013 G\u00e5r att montera p\u00e5 redan existerande kedjegungor \u2013 [&hellip;]<\/p>\n","protected":false},"featured_media":123393,"template":"","meta":{"site-sidebar-layout":"default","site-content-layout":"","ast-site-content-layout":"default","site-content-style":"default","site-sidebar-style":"default","ast-global-header-display":"","ast-banner-title-visibility":"","ast-main-header-display":"","ast-hfb-above-header-display":"","ast-hfb-below-header-display":"","ast-hfb-mobile-header-display":"","site-post-title":"","ast-breadcrumbs-content":"","ast-featured-img":"","footer-sml-layout":"","theme-transparent-header-meta":"default","adv-header-id-meta":"","stick-header-meta":"","header-above-stick-meta":"","header-main-stick-meta":"","header-below-stick-meta":"","astra-migrate-meta-layouts":"set","ast-page-background-enabled":"default","ast-page-background-meta":{"desktop":{"background-color":"var(--ast-global-color-5)","background-image":"","background-repeat":"repeat","background-position":"center center","background-size":"auto","background-attachment":"scroll","background-type":"","background-media":"","overlay-type":"","overlay-color":"","overlay-opacity":"","overlay-gradient":""},"tablet":{"background-color":"","background-image":"","background-repeat":"repeat","background-position":"center center","background-size":"auto","background-attachment":"scroll","background-type":"","background-media":"","overlay-type":"","overlay-color":"","overlay-opacity":"","overlay-gradient":""},"mobile":{"background-color":"","background-image":"","background-repeat":"repeat","background-position":"center center","background-size":"auto","background-attachment":"scroll","background-type":"","background-media":"","overlay-type":"","overlay-color":"","overlay-opacity":"","overlay-gradient":""}},"ast-content-background-meta":{"desktop":{"background-color":"var(--ast-global-color-4)","background-image":"","background-repeat":"repeat","background-position":"center center","background-size":"auto","background-attachment":"scroll","background-type":"","background-media":"","overlay-type":"","overlay-color":"","overlay-opacity":"","overlay-gradient":""},"tablet":{"background-color":"var(--ast-global-color-4)","background-image":"","background-repeat":"repeat","background-position":"center center","background-size":"auto","background-attachment":"scroll","background-type":"","background-media":"","overlay-type":"","overlay-color":"","overlay-opacity":"","overlay-gradient":""},"mobile":{"background-color":"var(--ast-global-color-4)","background-image":"","background-repeat":"repeat","background-position":"center center","background-size":"auto","background-attachment":"scroll","background-type":"","background-media":"","overlay-type":"","overlay-color":"","overlay-opacity":"","overlay-gradient":""}}},"product_brand":[],"product_cat":[432,482,506],"product_tag":[552],"class_list":{"0":"post-100791","1":"product","2":"type-product","3":"status-publish","4":"has-post-thumbnail","6":"product_cat-gungor","7":"product_cat-gungsitsar","8":"product_cat-reservdelar-och-tillbehor","9":"product_tag-docks","10":"desktop-align-center","11":"tablet-align-left","12":"mobile-align-left","14":"first","15":"instock","16":"sold-individually","17":"taxable","18":"shipping-taxable","19":"purchasable","20":"product-type-simple"},"_links":{"self":[{"href":"https:\/\/readymade.se\/lekplats\/wp-json\/wp\/v2\/product\/100791","targetHints":{"allow":["GET"]}}],"collection":[{"href":"https:\/\/readymade.se\/lekplats\/wp-json\/wp\/v2\/product"}],"about":[{"href":"https:\/\/readymade.se\/lekplats\/wp-json\/wp\/v2\/types\/product"}],"wp:featuredmedia":[{"embeddable":true,"href":"https:\/\/readymade.se\/lekplats\/wp-json\/wp\/v2\/media\/123393"}],"wp:attachment":[{"href":"https:\/\/readymade.se\/lekplats\/wp-json\/wp\/v2\/media?parent=100791"}],"wp:term":[{"taxonomy":"product_brand","embeddable":true,"href":"https:\/\/readymade.se\/lekplats\/wp-json\/wp\/v2\/product_brand?post=100791"},{"taxonomy":"product_cat","embeddable":true,"href":"https:\/\/readymade.se\/lekplats\/wp-json\/wp\/v2\/product_cat?post=100791"},{"taxonomy":"product_tag","embeddable":true,"href":"https:\/\/readymade.se\/lekplats\/wp-json\/wp\/v2\/product_tag?post=100791"}],"curies":[{"name":"wp","href":"https:\/\/api.w.org\/{rel}","templated":true}]}}