{"id":100664,"date":"2025-12-04T09:07:19","date_gmt":"2025-12-04T08:07:19","guid":{"rendered":"https:\/\/readymade.se\/core\/?post_type=product&#038;p=100664"},"modified":"2025-12-15T14:03:22","modified_gmt":"2025-12-15T13:03:22","slug":"fonster-kupol","status":"publish","type":"product","link":"https:\/\/readymade.se\/lekplats\/produkt\/fonster-kupol\/","title":{"rendered":"F\u00f6nster &#8211; kupol"},"content":{"rendered":"<p>Transparent runt kupolf\u00f6nster som kan anv\u00e4ndas <br \/>som bulls eye, torn och mycket annat.<\/p>\n<ul>\n<li>Tillverkat av polykarbonat<\/li>\n<li>3mm tjockt<\/li>\n<li>F\u00f6rborrade monteringsh\u00e5l<\/li>\n<li>Finns i flera storlekar<\/li>\n<\/ul>\n<p>\u00d8130mm &#8211; Kupol \u00d890mm &#8211; H\u00f6jd 30mm<br \/><span>\u00d8240mm &#8211; Kupol \u00d8200mm &#8211; H\u00f6jd 80mm<\/span><br \/> <span>\u00d8340mm &#8211; Kupol \u00d8300mm &#8211; H\u00f6jd\u00a085mm<\/span><br \/><span>\u00d8440mm &#8211; Kupol \u00d8400mm &#8211; H\u00f6jd\u00a0140mm<\/span><br \/><span>\u00d8540mm &#8211; Kupol \u00d8500mm &#8211; H\u00f6jd\u00a0160mm<\/span><br \/><span>\u00d8640mm &#8211; Kupol \u00d8600mm &#8211; H\u00f6jd\u00a0160mm<\/span><\/p>\n<ul><\/ul>\n","protected":false},"excerpt":{"rendered":"<p>Transparent runt kupolf\u00f6nster som kan anv\u00e4ndas som bulls eye, torn och mycket annat. Tillverkat av polykarbonat 3mm tjockt F\u00f6rborrade monteringsh\u00e5l [&hellip;]<\/p>\n","protected":false},"featured_media":100690,"template":"","meta":{"site-sidebar-layout":"default","site-content-layout":"","ast-site-content-layout":"default","site-content-style":"default","site-sidebar-style":"default","ast-global-header-display":"","ast-banner-title-visibility":"","ast-main-header-display":"","ast-hfb-above-header-display":"","ast-hfb-below-header-display":"","ast-hfb-mobile-header-display":"","site-post-title":"","ast-breadcrumbs-content":"","ast-featured-img":"","footer-sml-layout":"","theme-transparent-header-meta":"","adv-header-id-meta":"","stick-header-meta":"","header-above-stick-meta":"","header-main-stick-meta":"","header-below-stick-meta":"","astra-migrate-meta-layouts":"default","ast-page-background-enabled":"default","ast-page-background-meta":{"desktop":{"background-color":"var(--ast-global-color-5)","background-image":"","background-repeat":"repeat","background-position":"center center","background-size":"auto","background-attachment":"scroll","background-type":"","background-media":"","overlay-type":"","overlay-color":"","overlay-opacity":"","overlay-gradient":""},"tablet":{"background-color":"","background-image":"","background-repeat":"repeat","background-position":"center center","background-size":"auto","background-attachment":"scroll","background-type":"","background-media":"","overlay-type":"","overlay-color":"","overlay-opacity":"","overlay-gradient":""},"mobile":{"background-color":"","background-image":"","background-repeat":"repeat","background-position":"center center","background-size":"auto","background-attachment":"scroll","background-type":"","background-media":"","overlay-type":"","overlay-color":"","overlay-opacity":"","overlay-gradient":""}},"ast-content-background-meta":{"desktop":{"background-color":"var(--ast-global-color-4)","background-image":"","background-repeat":"repeat","background-position":"center center","background-size":"auto","background-attachment":"scroll","background-type":"","background-media":"","overlay-type":"","overlay-color":"","overlay-opacity":"","overlay-gradient":""},"tablet":{"background-color":"var(--ast-global-color-4)","background-image":"","background-repeat":"repeat","background-position":"center center","background-size":"auto","background-attachment":"scroll","background-type":"","background-media":"","overlay-type":"","overlay-color":"","overlay-opacity":"","overlay-gradient":""},"mobile":{"background-color":"var(--ast-global-color-4)","background-image":"","background-repeat":"repeat","background-position":"center center","background-size":"auto","background-attachment":"scroll","background-type":"","background-media":"","overlay-type":"","overlay-color":"","overlay-opacity":"","overlay-gradient":""}}},"product_brand":[],"product_cat":[506],"product_tag":[552],"class_list":{"0":"post-100664","1":"product","2":"type-product","3":"status-publish","4":"has-post-thumbnail","6":"product_cat-reservdelar-och-tillbehor","7":"product_tag-docks","8":"desktop-align-center","9":"tablet-align-left","10":"mobile-align-left","12":"first","13":"instock","14":"sold-individually","15":"taxable","16":"shipping-taxable","17":"purchasable","18":"product-type-variable","19":"has-default-attributes"},"_links":{"self":[{"href":"https:\/\/readymade.se\/lekplats\/wp-json\/wp\/v2\/product\/100664","targetHints":{"allow":["GET"]}}],"collection":[{"href":"https:\/\/readymade.se\/lekplats\/wp-json\/wp\/v2\/product"}],"about":[{"href":"https:\/\/readymade.se\/lekplats\/wp-json\/wp\/v2\/types\/product"}],"wp:featuredmedia":[{"embeddable":true,"href":"https:\/\/readymade.se\/lekplats\/wp-json\/wp\/v2\/media\/100690"}],"wp:attachment":[{"href":"https:\/\/readymade.se\/lekplats\/wp-json\/wp\/v2\/media?parent=100664"}],"wp:term":[{"taxonomy":"product_brand","embeddable":true,"href":"https:\/\/readymade.se\/lekplats\/wp-json\/wp\/v2\/product_brand?post=100664"},{"taxonomy":"product_cat","embeddable":true,"href":"https:\/\/readymade.se\/lekplats\/wp-json\/wp\/v2\/product_cat?post=100664"},{"taxonomy":"product_tag","embeddable":true,"href":"https:\/\/readymade.se\/lekplats\/wp-json\/wp\/v2\/product_tag?post=100664"}],"curies":[{"name":"wp","href":"https:\/\/api.w.org\/{rel}","templated":true}]}}