{"id":51935,"date":"2026-03-12T19:33:25","date_gmt":"2026-03-12T18:33:25","guid":{"rendered":"https:\/\/readymade.se\/core\/produkt\/parkbank-yrtor-18-m\/"},"modified":"2026-03-12T19:33:27","modified_gmt":"2026-03-12T18:33:27","slug":"parkbank-yrtor-18-m","status":"publish","type":"product","link":"https:\/\/readymade.se\/core\/produkt\/parkbank-yrtor-18-m\/","title":{"rendered":"Parkb\u00e4nk Yrtor 1,8 m"},"content":{"rendered":"<p>Parkb\u00e4nk Yrtor 1,8 m \u00e4r en parkb\u00e4nk avsedd f\u00f6r offentlig utomhusmilj\u00f6 s\u00e5som lekplatser, skolor, f\u00f6rskolor, parker eller gemensamma g\u00e5rdsmilj\u00f6er. Produkten \u00e4r utf\u00f6rd i zinkovan\u00e1 a pr\u00e1\u0161kovan\u00e1 oce\u013e, tropick\u00e9 drevo, nerezov\u00fd spojovac\u00ed materi\u00e1l farebnos\u0165: kon\u0161trukcie v odtieni ral 7022 katal\u00f3gov\u00fd list pdf na stiahnutie \u010dasto kladen\u00e9 ot\u00e1zky can you arrange transportation to my place? yes, we provide transportation in central europe. will i be able to install the game elements, workout and fitness myself? each element in our offer is also available with installation, but if you are interested and want to save money, we can provide you with a drawing of the foundations and assembly so that you can install the elements yourself. are your elements certified? all of our items in the offer have been inspected by the technical inspection a.s., according to the relevant standard, as evidenced by the certificates that you can find on the website for each product. although all of our products are approved by the technical inspection a.s., the strictest inspectors for us are those who set out on a journey for fun &#8211; and it&#8217;s not just children. who makes all this for you? our products are designed, developed, tested and manufactured in our hall in tren\u010d\u00edn. what is the delivery time of the order? standard delivery time is 4 to 6 weeks from order placement. st\u00f4l 1,8m drevo vedie\u0165 viac prida\u0165 do ko\u0161\u00edka st\u00f4l 0,6 m drevo vedie\u0165 viac prida\u0165 do ko\u0161\u00edka parkov\u00e1 lavi\u010dka bez operadla s podr\u00fa\u010dkami 0,6m drevo vedie\u0165 viac prida\u0165 do ko\u0161\u00edka parkov\u00e1 lavi\u010dka bez operadla 0,6m drevo vedie\u0165 viac prida\u0165 do ko\u0161\u00edka parkov\u00e1 lavi\u010dka bez operadla s podr\u00fa\u010dkami 1,5m drevo vedie\u0165 viac prida\u0165 do ko\u0161\u00edka parkov\u00e1 lavi\u010dka s operadlom 0,6m drevo vedie\u0165 viac prida\u0165 do ko\u0161\u00edka leh\u00e1tko drevo vedie\u0165 viac prida\u0165 do ko\u0161\u00edka parkov\u00e1 lavi\u010dka s operadlom 1,5m drevo vedie\u0165 viac prida\u0165 do ko\u0161\u00edka st\u00f4l 1,5 m drevo vedie\u0165 viac prida\u0165 do ko\u0161\u00edka parkov\u00e1 lavi\u010dka bez operadla 1,5 m drevo vedie\u0165 viac prida\u0165 do ko\u0161\u00edka parkov\u00e1 lavi\u010dka s operadlom 1,8m drevo vedie\u0165 viac prida\u0165 do ko\u0161\u00edka parkov\u00e1 lavi\u010dka bez operadla s podr\u00fa\u010dkami 1,8m drevo vedie\u0165 viac prida\u0165 do ko\u0161\u00edka \ufeff chynorany vr\u00fatky horn\u00e9 s\u0155nie levo\u010da doln\u00e9 obdokovce bo\u0161\u00e1ca ru\u017einov reca spi\u0161sk\u00e1 bel\u00e1 skalit\u00e9 pohranice bratislava nem\u010di\u0148any hos\u0165ov\u00e1 ivanovce humenn\u00e9 liptovsk\u00fd mikul\u00e1\u0161 ko\u0161ice &#8211; \u0165ahanovce popro\u010d liptovsk\u00e1 tepli\u010dka handlov\u00e1 kamenec pod vt\u00e1\u010dnikom hlbok\u00e9 kloko\u010dov p\u00fachov b\u00e1novce nad bebravou mapa realiz\u00e1ci\u00ed we are number one and we continue to grow. we enjoy sports and playgrounds! every morning, our teams set off to assemble playground elements, build a workout park, install outdoor fitness machines, or expand existing relaxation zones. every day, we hand over products manufactured by us and certified in slovakia to municipalities, cities, schools, and kindergartens for use. every evening, we brainstorm ideas on how to move forward and what innovations to bring to you &#8211; our customers. we design, manufacture, and professionally implement maintenance-free playgrounds. whether they are steel or stainless steel, their quality is confirmed by a certificate issued by the technical inspection a.s. we know that safety is the most important thing when it comes to playgrounds. a safe playground has the following parameters: the safety zones around the play elements meet the dimensions given by the standard and do not overlap, the surface of the impact area complies with the standard and takes into account the critical fall height for each play element separately, the materials used for the construction, thanks to the high-quality surface finish, are weather-resistant, all stressed parts are designed for &#8221;rough&#8221; handling and high loads, moving parts are covered and have stops to prevent damage to the structure. outdoor fitness machines, street workout and parkour sets, elements and complete sets for skate parks meet the safety standards stn en 1176, stn en 1177, stn en 16630 and stn en 14974+a1 with valid certification from technick\u00e1 in\u0161pekcia, a.s. and iso 9001:2008, iso 14001:2004 and ohsas 18001:2007. thanks to the certified quality, customers from all over slovakia turn to us every day. contact ver\u00edme v z\u00e1bavu, s.r.o. kas\u00e1rensk\u00e1 9 911 01 tren\u010d\u00edn slovakia dopyty@verimevzabavu.sk +421 800 500 023 verimevzabavu verimevzabavu nastavenia cookies detsk\u00e9 ihrisk\u00e1 bez\u00fadr\u017ebov\u00e9 detsk\u00e9 ihrisk\u00e1 bez\u00fadr\u017ebov\u00e9 mini vonkaj\u0161ie \u0161portovisk\u00e1 skateparkov\u00e9 zostavy dopadov\u00e9 plochy mestsk\u00fd mobili\u00e1r lanov\u00e9 parky copyright \u00a9 2026 vvz playgrounds and fitness | mapa str\u00e1nky polo\u017eky v ko\u0161\u00edku pokra\u010dova\u0165 vo vyberan\u00ed dokon\u010di\u0165 kontaktujte n\u00e1s kontaktujte n\u00e1s zavolajte n\u00e1m 0800 500 023 nap\u00ed\u0161te n\u00e1m dopyty@verimevzabavu.sk na\u0161i \u0161pecialisti \u010dakaj\u00fa na va\u0161e ot\u00e1zky sk\u00fasen\u00ed odborn\u00edci a obchodn\u00edci s\u00fa pripraven\u00ed pom\u00f4c\u0165 v\u00e1m s v\u00fdberom a n\u00e1vrhom ihriska presne pod\u013ea va\u0161ich potrieb a predst\u00e1v. obchodn\u00e9 zast\u00fapenie m\u00e1me v celej krajine. n\u00e1js\u0165 obchodn\u00e9ho z\u00e1stupcu s\u00fahlas\u00edm so spracovan\u00edm osobn\u00fdch \u00fadajov odosla\u0165 spr\u00e1vu, vilket ger en t\u00e5lig konstruktion f\u00f6r daglig anv\u00e4ndning utomhus.<\/p>\n","protected":false},"excerpt":{"rendered":"<p>Parkb\u00e4nk Yrtor 1,8 m f\u00f6r offentlig utomhusmilj\u00f6.<\/p>\n","protected":false},"featured_media":51934,"template":"","meta":{"site-sidebar-layout":"","site-content-layout":"","ast-site-content-layout":"","site-content-style":"","site-sidebar-style":"","ast-global-header-display":"","ast-banner-title-visibility":"","ast-main-header-display":"","ast-hfb-above-header-display":"","ast-hfb-below-header-display":"","ast-hfb-mobile-header-display":"","site-post-title":"","ast-breadcrumbs-content":"","ast-featured-img":"","footer-sml-layout":"","theme-transparent-header-meta":"","adv-header-id-meta":"","stick-header-meta":"","header-above-stick-meta":"","header-main-stick-meta":"","header-below-stick-meta":"","astra-migrate-meta-layouts":"","ast-page-background-enabled":"default","ast-page-background-meta":{"desktop":{"background-color":"var(--ast-global-color-5)","background-image":"","background-repeat":"repeat","background-position":"center center","background-size":"auto","background-attachment":"scroll","background-type":"","background-media":"","overlay-type":"","overlay-color":"","overlay-opacity":"","overlay-gradient":""},"tablet":{"background-color":"","background-image":"","background-repeat":"repeat","background-position":"center center","background-size":"auto","background-attachment":"scroll","background-type":"","background-media":"","overlay-type":"","overlay-color":"","overlay-opacity":"","overlay-gradient":""},"mobile":{"background-color":"","background-image":"","background-repeat":"repeat","background-position":"center center","background-size":"auto","background-attachment":"scroll","background-type":"","background-media":"","overlay-type":"","overlay-color":"","overlay-opacity":"","overlay-gradient":""}},"ast-content-background-meta":{"desktop":{"background-color":"var(--ast-global-color-4)","background-image":"","background-repeat":"repeat","background-position":"center center","background-size":"auto","background-attachment":"scroll","background-type":"","background-media":"","overlay-type":"","overlay-color":"","overlay-opacity":"","overlay-gradient":""},"tablet":{"background-color":"var(--ast-global-color-4)","background-image":"","background-repeat":"repeat","background-position":"center center","background-size":"auto","background-attachment":"scroll","background-type":"","background-media":"","overlay-type":"","overlay-color":"","overlay-opacity":"","overlay-gradient":""},"mobile":{"background-color":"var(--ast-global-color-4)","background-image":"","background-repeat":"repeat","background-position":"center center","background-size":"auto","background-attachment":"scroll","background-type":"","background-media":"","overlay-type":"","overlay-color":"","overlay-opacity":"","overlay-gradient":""}}},"product_brand":[314],"product_cat":[313,39],"product_tag":[],"class_list":{"0":"post-51935","1":"product","2":"type-product","3":"status-publish","4":"has-post-thumbnail","6":"product_brand-verime-v-zabavu","7":"product_cat-bankar-bord","8":"product_cat-gata-park","9":"desktop-align-center","10":"tablet-align-left","11":"mobile-align-left","13":"first","14":"instock","15":"taxable","16":"shipping-taxable","17":"product-type-simple"},"_links":{"self":[{"href":"https:\/\/readymade.se\/core\/wp-json\/wp\/v2\/product\/51935","targetHints":{"allow":["GET"]}}],"collection":[{"href":"https:\/\/readymade.se\/core\/wp-json\/wp\/v2\/product"}],"about":[{"href":"https:\/\/readymade.se\/core\/wp-json\/wp\/v2\/types\/product"}],"wp:featuredmedia":[{"embeddable":true,"href":"https:\/\/readymade.se\/core\/wp-json\/wp\/v2\/media\/51934"}],"wp:attachment":[{"href":"https:\/\/readymade.se\/core\/wp-json\/wp\/v2\/media?parent=51935"}],"wp:term":[{"taxonomy":"product_brand","embeddable":true,"href":"https:\/\/readymade.se\/core\/wp-json\/wp\/v2\/product_brand?post=51935"},{"taxonomy":"product_cat","embeddable":true,"href":"https:\/\/readymade.se\/core\/wp-json\/wp\/v2\/product_cat?post=51935"},{"taxonomy":"product_tag","embeddable":true,"href":"https:\/\/readymade.se\/core\/wp-json\/wp\/v2\/product_tag?post=51935"}],"curies":[{"name":"wp","href":"https:\/\/api.w.org\/{rel}","templated":true}]}}