{"id":47753,"date":"2026-03-09T01:29:41","date_gmt":"2026-03-09T00:29:41","guid":{"rendered":"https:\/\/readymade.se\/core\/produkt\/gungstallning-lonan\/"},"modified":"2026-03-09T01:29:42","modified_gmt":"2026-03-09T00:29:42","slug":"gungstallning-lonan","status":"publish","type":"product","link":"https:\/\/readymade.se\/core\/produkt\/gungstallning-lonan\/","title":{"rendered":"Gungst\u00e4llning Lonan"},"content":{"rendered":"<p>Denna produkt \u00e4r utvecklad f\u00f6r gunglek i offentlig milj\u00f6 med fokus p\u00e5 h\u00e5llbarhet, s\u00e4kerhet och daglig anv\u00e4ndning. Steel gungst\u00e4llning. Modellen \u00e4r a double gungst\u00e4llning with 2 f\u00e5gelbogungor. Teknisk information: \u00c5ldersgrupp: 3+. Fallh\u00f6jd: 150 cm. S\u00e4kerhetsyta: 5.6 x 7.5 m. S\u00e4kerhetsyta m2: 42. Vikt: 320 kg. St\u00f6rsta enskilda del: 340 cm. Monteringstid: 7 hours.<\/p>\n","protected":false},"excerpt":{"rendered":"<p>Gungprodukt f\u00f6r offentlig milj\u00f6, \u00e5lder 3+, fallh\u00f6jd 150 cm.<\/p>\n","protected":false},"featured_media":47752,"template":"","meta":{"site-sidebar-layout":"","site-content-layout":"","ast-site-content-layout":"","site-content-style":"","site-sidebar-style":"","ast-global-header-display":"","ast-banner-title-visibility":"","ast-main-header-display":"","ast-hfb-above-header-display":"","ast-hfb-below-header-display":"","ast-hfb-mobile-header-display":"","site-post-title":"","ast-breadcrumbs-content":"","ast-featured-img":"","footer-sml-layout":"","theme-transparent-header-meta":"","adv-header-id-meta":"","stick-header-meta":"","header-above-stick-meta":"","header-main-stick-meta":"","header-below-stick-meta":"","astra-migrate-meta-layouts":"","ast-page-background-enabled":"default","ast-page-background-meta":{"desktop":{"background-color":"var(--ast-global-color-5)","background-image":"","background-repeat":"repeat","background-position":"center center","background-size":"auto","background-attachment":"scroll","background-type":"","background-media":"","overlay-type":"","overlay-color":"","overlay-opacity":"","overlay-gradient":""},"tablet":{"background-color":"","background-image":"","background-repeat":"repeat","background-position":"center center","background-size":"auto","background-attachment":"scroll","background-type":"","background-media":"","overlay-type":"","overlay-color":"","overlay-opacity":"","overlay-gradient":""},"mobile":{"background-color":"","background-image":"","background-repeat":"repeat","background-position":"center center","background-size":"auto","background-attachment":"scroll","background-type":"","background-media":"","overlay-type":"","overlay-color":"","overlay-opacity":"","overlay-gradient":""}},"ast-content-background-meta":{"desktop":{"background-color":"var(--ast-global-color-4)","background-image":"","background-repeat":"repeat","background-position":"center center","background-size":"auto","background-attachment":"scroll","background-type":"","background-media":"","overlay-type":"","overlay-color":"","overlay-opacity":"","overlay-gradient":""},"tablet":{"background-color":"var(--ast-global-color-4)","background-image":"","background-repeat":"repeat","background-position":"center center","background-size":"auto","background-attachment":"scroll","background-type":"","background-media":"","overlay-type":"","overlay-color":"","overlay-opacity":"","overlay-gradient":""},"mobile":{"background-color":"var(--ast-global-color-4)","background-image":"","background-repeat":"repeat","background-position":"center center","background-size":"auto","background-attachment":"scroll","background-type":"","background-media":"","overlay-type":"","overlay-color":"","overlay-opacity":"","overlay-gradient":""}}},"product_brand":[24],"product_cat":[123,127],"product_tag":[128],"class_list":{"0":"post-47753","1":"product","2":"type-product","3":"status-publish","4":"has-post-thumbnail","6":"product_brand-guldborg","7":"product_cat-gungor","8":"product_cat-gungstallningar-gungor","9":"product_tag-core-gungor","10":"desktop-align-center","11":"tablet-align-left","12":"mobile-align-left","14":"first","15":"instock","16":"taxable","17":"shipping-taxable","18":"purchasable","19":"product-type-simple"},"_links":{"self":[{"href":"https:\/\/readymade.se\/core\/wp-json\/wp\/v2\/product\/47753","targetHints":{"allow":["GET"]}}],"collection":[{"href":"https:\/\/readymade.se\/core\/wp-json\/wp\/v2\/product"}],"about":[{"href":"https:\/\/readymade.se\/core\/wp-json\/wp\/v2\/types\/product"}],"wp:featuredmedia":[{"embeddable":true,"href":"https:\/\/readymade.se\/core\/wp-json\/wp\/v2\/media\/47752"}],"wp:attachment":[{"href":"https:\/\/readymade.se\/core\/wp-json\/wp\/v2\/media?parent=47753"}],"wp:term":[{"taxonomy":"product_brand","embeddable":true,"href":"https:\/\/readymade.se\/core\/wp-json\/wp\/v2\/product_brand?post=47753"},{"taxonomy":"product_cat","embeddable":true,"href":"https:\/\/readymade.se\/core\/wp-json\/wp\/v2\/product_cat?post=47753"},{"taxonomy":"product_tag","embeddable":true,"href":"https:\/\/readymade.se\/core\/wp-json\/wp\/v2\/product_tag?post=47753"}],"curies":[{"name":"wp","href":"https:\/\/api.w.org\/{rel}","templated":true}]}}