{"id":44873,"date":"2026-03-08T20:07:30","date_gmt":"2026-03-08T19:07:30","guid":{"rendered":"https:\/\/readymade.se\/core\/produkt\/reservdel-sexkantig-bultkapa-nyckelstorlek-17\/"},"modified":"2026-03-14T16:25:22","modified_gmt":"2026-03-14T15:25:22","slug":"reservdel-sexkantig-bultkapa-nyckelstorlek-17","status":"publish","type":"product","link":"https:\/\/readymade.se\/core\/produkt\/reservdel-sexkantig-bultkapa-nyckelstorlek-17\/","title":{"rendered":"Reservdel &#8211; Sexkantig bultk\u00e5pa &#8211; nyckelstorlek 17"},"content":{"rendered":"<p>Sexkantig bultk\u00e5pa &#8211; nyckelstorlek 17 anv\u00e4nds som skyddande komponent i lekplatsutrustning d\u00e4r man vill t\u00e4cka inf\u00e4stningar och skapa en s\u00e4ker och h\u00e5llbar avslutning.<\/p>\n","protected":false},"excerpt":{"rendered":"<p>Sexkantig bultk\u00e5pa &#8211; nyckelstorlek 17 f\u00f6r lekplatsutrustning och offentlig milj\u00f6.<\/p>\n","protected":false},"featured_media":0,"template":"","meta":{"site-sidebar-layout":"","site-content-layout":"","ast-site-content-layout":"","site-content-style":"","site-sidebar-style":"","ast-global-header-display":"","ast-banner-title-visibility":"","ast-main-header-display":"","ast-hfb-above-header-display":"","ast-hfb-below-header-display":"","ast-hfb-mobile-header-display":"","site-post-title":"","ast-breadcrumbs-content":"","ast-featured-img":"","footer-sml-layout":"","theme-transparent-header-meta":"","adv-header-id-meta":"","stick-header-meta":"","header-above-stick-meta":"","header-main-stick-meta":"","header-below-stick-meta":"","astra-migrate-meta-layouts":"","ast-page-background-enabled":"default","ast-page-background-meta":{"desktop":{"background-color":"var(--ast-global-color-5)","background-image":"","background-repeat":"repeat","background-position":"center center","background-size":"auto","background-attachment":"scroll","background-type":"","background-media":"","overlay-type":"","overlay-color":"","overlay-opacity":"","overlay-gradient":""},"tablet":{"background-color":"","background-image":"","background-repeat":"repeat","background-position":"center center","background-size":"auto","background-attachment":"scroll","background-type":"","background-media":"","overlay-type":"","overlay-color":"","overlay-opacity":"","overlay-gradient":""},"mobile":{"background-color":"","background-image":"","background-repeat":"repeat","background-position":"center center","background-size":"auto","background-attachment":"scroll","background-type":"","background-media":"","overlay-type":"","overlay-color":"","overlay-opacity":"","overlay-gradient":""}},"ast-content-background-meta":{"desktop":{"background-color":"var(--ast-global-color-4)","background-image":"","background-repeat":"repeat","background-position":"center center","background-size":"auto","background-attachment":"scroll","background-type":"","background-media":"","overlay-type":"","overlay-color":"","overlay-opacity":"","overlay-gradient":""},"tablet":{"background-color":"var(--ast-global-color-4)","background-image":"","background-repeat":"repeat","background-position":"center center","background-size":"auto","background-attachment":"scroll","background-type":"","background-media":"","overlay-type":"","overlay-color":"","overlay-opacity":"","overlay-gradient":""},"mobile":{"background-color":"var(--ast-global-color-4)","background-image":"","background-repeat":"repeat","background-position":"center center","background-size":"auto","background-attachment":"scroll","background-type":"","background-media":"","overlay-type":"","overlay-color":"","overlay-opacity":"","overlay-gradient":""}}},"product_brand":[270],"product_cat":[138],"product_tag":[],"class_list":{"0":"post-44873","1":"product","2":"type-product","3":"status-publish","5":"product_brand-e-beckmann","6":"product_cat-reservdelar-tillbehor","7":"desktop-align-center","8":"tablet-align-left","9":"mobile-align-left","11":"first","12":"instock","13":"taxable","14":"shipping-taxable","15":"product-type-simple"},"_links":{"self":[{"href":"https:\/\/readymade.se\/core\/wp-json\/wp\/v2\/product\/44873","targetHints":{"allow":["GET"]}}],"collection":[{"href":"https:\/\/readymade.se\/core\/wp-json\/wp\/v2\/product"}],"about":[{"href":"https:\/\/readymade.se\/core\/wp-json\/wp\/v2\/types\/product"}],"wp:attachment":[{"href":"https:\/\/readymade.se\/core\/wp-json\/wp\/v2\/media?parent=44873"}],"wp:term":[{"taxonomy":"product_brand","embeddable":true,"href":"https:\/\/readymade.se\/core\/wp-json\/wp\/v2\/product_brand?post=44873"},{"taxonomy":"product_cat","embeddable":true,"href":"https:\/\/readymade.se\/core\/wp-json\/wp\/v2\/product_cat?post=44873"},{"taxonomy":"product_tag","embeddable":true,"href":"https:\/\/readymade.se\/core\/wp-json\/wp\/v2\/product_tag?post=44873"}],"curies":[{"name":"wp","href":"https:\/\/api.w.org\/{rel}","templated":true}]}}