{"id":40886,"date":"2026-03-08T14:35:43","date_gmt":"2026-03-08T13:35:43","guid":{"rendered":"https:\/\/readymade.se\/core\/produkt\/lekstallning-ileva\/"},"modified":"2026-03-08T14:35:46","modified_gmt":"2026-03-08T13:35:46","slug":"lekstallning-ileva","status":"publish","type":"product","link":"https:\/\/readymade.se\/core\/produkt\/lekstallning-ileva\/","title":{"rendered":"Lekst\u00e4llning Ileva"},"content":{"rendered":"<p>Lekst\u00e4llning Ileva \u00e4r utvecklad f\u00f6r lekplatser, skolor, f\u00f6rskolor och andra offentliga utemilj\u00f6er. Produkten har bredd 322 cm, djup 172 cm och h\u00f6jd 301 cm. Specifikationen omfattar s\u00e4kerhetszon L 621 x W 471. Utf\u00f6randet i metallprofil, HDPE, HPL och impregnerad furu ger en t\u00e5lig konstruktion som l\u00e4mpar sig f\u00f6r \u00e5terkommande anv\u00e4ndning i kr\u00e4vande milj\u00f6er. Den \u00e4r anpassad f\u00f6r upp till 4 barn och rekommenderad \u00e5lder 6-12.<\/p>\n","protected":false},"excerpt":{"rendered":"<p>Lekst\u00e4llning Ileva i metallprofil, HDPE och HPL f\u00f6r offentlig milj\u00f6.<\/p>\n","protected":false},"featured_media":40885,"template":"","meta":{"site-sidebar-layout":"","site-content-layout":"","ast-site-content-layout":"","site-content-style":"","site-sidebar-style":"","ast-global-header-display":"","ast-banner-title-visibility":"","ast-main-header-display":"","ast-hfb-above-header-display":"","ast-hfb-below-header-display":"","ast-hfb-mobile-header-display":"","site-post-title":"","ast-breadcrumbs-content":"","ast-featured-img":"","footer-sml-layout":"","theme-transparent-header-meta":"","adv-header-id-meta":"","stick-header-meta":"","header-above-stick-meta":"","header-main-stick-meta":"","header-below-stick-meta":"","astra-migrate-meta-layouts":"","ast-page-background-enabled":"default","ast-page-background-meta":{"desktop":{"background-color":"var(--ast-global-color-5)","background-image":"","background-repeat":"repeat","background-position":"center center","background-size":"auto","background-attachment":"scroll","background-type":"","background-media":"","overlay-type":"","overlay-color":"","overlay-opacity":"","overlay-gradient":""},"tablet":{"background-color":"","background-image":"","background-repeat":"repeat","background-position":"center center","background-size":"auto","background-attachment":"scroll","background-type":"","background-media":"","overlay-type":"","overlay-color":"","overlay-opacity":"","overlay-gradient":""},"mobile":{"background-color":"","background-image":"","background-repeat":"repeat","background-position":"center center","background-size":"auto","background-attachment":"scroll","background-type":"","background-media":"","overlay-type":"","overlay-color":"","overlay-opacity":"","overlay-gradient":""}},"ast-content-background-meta":{"desktop":{"background-color":"var(--ast-global-color-4)","background-image":"","background-repeat":"repeat","background-position":"center center","background-size":"auto","background-attachment":"scroll","background-type":"","background-media":"","overlay-type":"","overlay-color":"","overlay-opacity":"","overlay-gradient":""},"tablet":{"background-color":"var(--ast-global-color-4)","background-image":"","background-repeat":"repeat","background-position":"center center","background-size":"auto","background-attachment":"scroll","background-type":"","background-media":"","overlay-type":"","overlay-color":"","overlay-opacity":"","overlay-gradient":""},"mobile":{"background-color":"var(--ast-global-color-4)","background-image":"","background-repeat":"repeat","background-position":"center center","background-size":"auto","background-attachment":"scroll","background-type":"","background-media":"","overlay-type":"","overlay-color":"","overlay-opacity":"","overlay-gradient":""}}},"product_brand":[99],"product_cat":[145],"product_tag":[],"class_list":{"0":"post-40886","1":"product","2":"type-product","3":"status-publish","4":"has-post-thumbnail","6":"product_brand-mertuglu","7":"product_cat-lekstallningar","8":"desktop-align-center","9":"tablet-align-left","10":"mobile-align-left","12":"first","13":"instock","14":"taxable","15":"shipping-taxable","16":"product-type-simple"},"_links":{"self":[{"href":"https:\/\/readymade.se\/core\/wp-json\/wp\/v2\/product\/40886","targetHints":{"allow":["GET"]}}],"collection":[{"href":"https:\/\/readymade.se\/core\/wp-json\/wp\/v2\/product"}],"about":[{"href":"https:\/\/readymade.se\/core\/wp-json\/wp\/v2\/types\/product"}],"wp:featuredmedia":[{"embeddable":true,"href":"https:\/\/readymade.se\/core\/wp-json\/wp\/v2\/media\/40885"}],"wp:attachment":[{"href":"https:\/\/readymade.se\/core\/wp-json\/wp\/v2\/media?parent=40886"}],"wp:term":[{"taxonomy":"product_brand","embeddable":true,"href":"https:\/\/readymade.se\/core\/wp-json\/wp\/v2\/product_brand?post=40886"},{"taxonomy":"product_cat","embeddable":true,"href":"https:\/\/readymade.se\/core\/wp-json\/wp\/v2\/product_cat?post=40886"},{"taxonomy":"product_tag","embeddable":true,"href":"https:\/\/readymade.se\/core\/wp-json\/wp\/v2\/product_tag?post=40886"}],"curies":[{"name":"wp","href":"https:\/\/api.w.org\/{rel}","templated":true}]}}