{"id":40480,"date":"2026-03-08T14:28:53","date_gmt":"2026-03-08T13:28:53","guid":{"rendered":"https:\/\/readymade.se\/core\/produkt\/papperskorg-elel\/"},"modified":"2026-03-08T14:28:54","modified_gmt":"2026-03-08T13:28:54","slug":"papperskorg-elel","status":"publish","type":"product","link":"https:\/\/readymade.se\/core\/produkt\/papperskorg-elel\/","title":{"rendered":"Papperskorg Elel"},"content":{"rendered":"<p>Papperskorg Elel \u00e4r utvecklad f\u00f6r parker, g\u00e5rdar och offentliga platser med h\u00f6ga krav p\u00e5 slitstyrka och daglig anv\u00e4ndning. Produkten har bredd 45 cm, djup 45 cm och h\u00f6jd 68 cm. Utf\u00f6randet i flat steel base och impregnated pi ger en t\u00e5lig konstruktion som l\u00e4mpar sig f\u00f6r \u00e5terkommande anv\u00e4ndning i kr\u00e4vande milj\u00f6er. Den har en volym p\u00e5 55 lt och ett uppgivet volymm\u00e5tt p\u00e5 0,13 m\u00b3.<\/p>\n","protected":false},"excerpt":{"rendered":"<p>Papperskorg Elel i flat steel base och impregnated pi f\u00f6r offentlig milj\u00f6.<\/p>\n","protected":false},"featured_media":40479,"template":"","meta":{"site-sidebar-layout":"","site-content-layout":"","ast-site-content-layout":"","site-content-style":"","site-sidebar-style":"","ast-global-header-display":"","ast-banner-title-visibility":"","ast-main-header-display":"","ast-hfb-above-header-display":"","ast-hfb-below-header-display":"","ast-hfb-mobile-header-display":"","site-post-title":"","ast-breadcrumbs-content":"","ast-featured-img":"","footer-sml-layout":"","theme-transparent-header-meta":"","adv-header-id-meta":"","stick-header-meta":"","header-above-stick-meta":"","header-main-stick-meta":"","header-below-stick-meta":"","astra-migrate-meta-layouts":"","ast-page-background-enabled":"default","ast-page-background-meta":{"desktop":{"background-color":"var(--ast-global-color-5)","background-image":"","background-repeat":"repeat","background-position":"center center","background-size":"auto","background-attachment":"scroll","background-type":"","background-media":"","overlay-type":"","overlay-color":"","overlay-opacity":"","overlay-gradient":""},"tablet":{"background-color":"","background-image":"","background-repeat":"repeat","background-position":"center center","background-size":"auto","background-attachment":"scroll","background-type":"","background-media":"","overlay-type":"","overlay-color":"","overlay-opacity":"","overlay-gradient":""},"mobile":{"background-color":"","background-image":"","background-repeat":"repeat","background-position":"center center","background-size":"auto","background-attachment":"scroll","background-type":"","background-media":"","overlay-type":"","overlay-color":"","overlay-opacity":"","overlay-gradient":""}},"ast-content-background-meta":{"desktop":{"background-color":"var(--ast-global-color-4)","background-image":"","background-repeat":"repeat","background-position":"center center","background-size":"auto","background-attachment":"scroll","background-type":"","background-media":"","overlay-type":"","overlay-color":"","overlay-opacity":"","overlay-gradient":""},"tablet":{"background-color":"var(--ast-global-color-4)","background-image":"","background-repeat":"repeat","background-position":"center center","background-size":"auto","background-attachment":"scroll","background-type":"","background-media":"","overlay-type":"","overlay-color":"","overlay-opacity":"","overlay-gradient":""},"mobile":{"background-color":"var(--ast-global-color-4)","background-image":"","background-repeat":"repeat","background-position":"center center","background-size":"auto","background-attachment":"scroll","background-type":"","background-media":"","overlay-type":"","overlay-color":"","overlay-opacity":"","overlay-gradient":""}}},"product_brand":[99],"product_cat":[39,65],"product_tag":[],"class_list":{"0":"post-40480","1":"product","2":"type-product","3":"status-publish","4":"has-post-thumbnail","6":"product_brand-mertuglu","7":"product_cat-gata-park","8":"product_cat-papperskorgar","9":"desktop-align-center","10":"tablet-align-left","11":"mobile-align-left","13":"first","14":"instock","15":"taxable","16":"shipping-taxable","17":"product-type-simple"},"_links":{"self":[{"href":"https:\/\/readymade.se\/core\/wp-json\/wp\/v2\/product\/40480","targetHints":{"allow":["GET"]}}],"collection":[{"href":"https:\/\/readymade.se\/core\/wp-json\/wp\/v2\/product"}],"about":[{"href":"https:\/\/readymade.se\/core\/wp-json\/wp\/v2\/types\/product"}],"wp:featuredmedia":[{"embeddable":true,"href":"https:\/\/readymade.se\/core\/wp-json\/wp\/v2\/media\/40479"}],"wp:attachment":[{"href":"https:\/\/readymade.se\/core\/wp-json\/wp\/v2\/media?parent=40480"}],"wp:term":[{"taxonomy":"product_brand","embeddable":true,"href":"https:\/\/readymade.se\/core\/wp-json\/wp\/v2\/product_brand?post=40480"},{"taxonomy":"product_cat","embeddable":true,"href":"https:\/\/readymade.se\/core\/wp-json\/wp\/v2\/product_cat?post=40480"},{"taxonomy":"product_tag","embeddable":true,"href":"https:\/\/readymade.se\/core\/wp-json\/wp\/v2\/product_tag?post=40480"}],"curies":[{"name":"wp","href":"https:\/\/api.w.org\/{rel}","templated":true}]}}