{"id":39392,"date":"2026-03-07T19:03:32","date_gmt":"2026-03-07T18:03:32","guid":{"rendered":"https:\/\/readymade.se\/core\/produkt\/traningsredskap-alonon\/"},"modified":"2026-03-08T11:59:31","modified_gmt":"2026-03-08T10:59:31","slug":"traningsredskap-alonon","status":"publish","type":"product","link":"https:\/\/readymade.se\/core\/produkt\/traningsredskap-alonon\/","title":{"rendered":"Tr\u00e4ningsredskap Alonon"},"content":{"rendered":"<p>Tr\u00e4ningsredskap Alonon \u00e4r utvecklad f\u00f6r lekplatser, skolor, f\u00f6rskolor, parker och bostadsg\u00e5rdar och anpassad f\u00f6r daglig anv\u00e4ndning d\u00e4r slitstyrka, s\u00e4kerhet och l\u00e5g underh\u00e5llsniv\u00e5 \u00e4r viktiga krav. Den \u00e4r avsedd f\u00f6r \u00e5terkommande utomhustr\u00e4ning och ger en tydlig tr\u00e4ningsfunktion i offentliga milj\u00f6er. Konstruktionen i rostfritt st\u00e5l bidrar till l\u00e5ng livsl\u00e4ngd och g\u00f6r produkten l\u00e4mplig f\u00f6r utomhusbruk \u00e5ret om. Den st\u00f6djer aktiviteter som kl\u00e4ttring, fysisk aktivitet, motorik, koordination och finmotorik, vilket g\u00f6r den till ett funktionellt inslag i milj\u00f6er d\u00e4r r\u00f6relse, lek eller tr\u00e4ning st\u00e5r i fokus. Rekommenderat underlag \u00e4r gummiplattor och grus.<\/p>\n","protected":false},"excerpt":{"rendered":"<p>Tr\u00e4ningsredskap Alonon i rostfritt st\u00e5l f\u00f6r offentlig milj\u00f6.<\/p>\n","protected":false},"featured_media":39995,"template":"","meta":{"site-sidebar-layout":"","site-content-layout":"","ast-site-content-layout":"","site-content-style":"","site-sidebar-style":"","ast-global-header-display":"","ast-banner-title-visibility":"","ast-main-header-display":"","ast-hfb-above-header-display":"","ast-hfb-below-header-display":"","ast-hfb-mobile-header-display":"","site-post-title":"","ast-breadcrumbs-content":"","ast-featured-img":"","footer-sml-layout":"","theme-transparent-header-meta":"","adv-header-id-meta":"","stick-header-meta":"","header-above-stick-meta":"","header-main-stick-meta":"","header-below-stick-meta":"","astra-migrate-meta-layouts":"","ast-page-background-enabled":"default","ast-page-background-meta":{"desktop":{"background-color":"var(--ast-global-color-5)","background-image":"","background-repeat":"repeat","background-position":"center center","background-size":"auto","background-attachment":"scroll","background-type":"","background-media":"","overlay-type":"","overlay-color":"","overlay-opacity":"","overlay-gradient":""},"tablet":{"background-color":"","background-image":"","background-repeat":"repeat","background-position":"center center","background-size":"auto","background-attachment":"scroll","background-type":"","background-media":"","overlay-type":"","overlay-color":"","overlay-opacity":"","overlay-gradient":""},"mobile":{"background-color":"","background-image":"","background-repeat":"repeat","background-position":"center center","background-size":"auto","background-attachment":"scroll","background-type":"","background-media":"","overlay-type":"","overlay-color":"","overlay-opacity":"","overlay-gradient":""}},"ast-content-background-meta":{"desktop":{"background-color":"var(--ast-global-color-4)","background-image":"","background-repeat":"repeat","background-position":"center center","background-size":"auto","background-attachment":"scroll","background-type":"","background-media":"","overlay-type":"","overlay-color":"","overlay-opacity":"","overlay-gradient":""},"tablet":{"background-color":"var(--ast-global-color-4)","background-image":"","background-repeat":"repeat","background-position":"center center","background-size":"auto","background-attachment":"scroll","background-type":"","background-media":"","overlay-type":"","overlay-color":"","overlay-opacity":"","overlay-gradient":""},"mobile":{"background-color":"var(--ast-global-color-4)","background-image":"","background-repeat":"repeat","background-position":"center center","background-size":"auto","background-attachment":"scroll","background-type":"","background-media":"","overlay-type":"","overlay-color":"","overlay-opacity":"","overlay-gradient":""}}},"product_brand":[97],"product_cat":[19],"product_tag":[254],"class_list":{"0":"post-39392","1":"product","2":"type-product","3":"status-publish","4":"has-post-thumbnail","6":"product_brand-sapekor","7":"product_cat-sport-rorelse","8":"product_tag-sapekor-lekplatsutrustning","9":"desktop-align-center","10":"tablet-align-left","11":"mobile-align-left","13":"first","14":"instock","15":"taxable","16":"shipping-taxable","17":"purchasable","18":"product-type-simple"},"_links":{"self":[{"href":"https:\/\/readymade.se\/core\/wp-json\/wp\/v2\/product\/39392","targetHints":{"allow":["GET"]}}],"collection":[{"href":"https:\/\/readymade.se\/core\/wp-json\/wp\/v2\/product"}],"about":[{"href":"https:\/\/readymade.se\/core\/wp-json\/wp\/v2\/types\/product"}],"wp:featuredmedia":[{"embeddable":true,"href":"https:\/\/readymade.se\/core\/wp-json\/wp\/v2\/media\/39995"}],"wp:attachment":[{"href":"https:\/\/readymade.se\/core\/wp-json\/wp\/v2\/media?parent=39392"}],"wp:term":[{"taxonomy":"product_brand","embeddable":true,"href":"https:\/\/readymade.se\/core\/wp-json\/wp\/v2\/product_brand?post=39392"},{"taxonomy":"product_cat","embeddable":true,"href":"https:\/\/readymade.se\/core\/wp-json\/wp\/v2\/product_cat?post=39392"},{"taxonomy":"product_tag","embeddable":true,"href":"https:\/\/readymade.se\/core\/wp-json\/wp\/v2\/product_tag?post=39392"}],"curies":[{"name":"wp","href":"https:\/\/api.w.org\/{rel}","templated":true}]}}