{"id":39213,"date":"2026-03-07T19:00:26","date_gmt":"2026-03-07T18:00:26","guid":{"rendered":"https:\/\/readymade.se\/core\/?post_type=product&#038;p=39213"},"modified":"2026-03-08T11:55:48","modified_gmt":"2026-03-08T10:55:48","slug":"sandlada-aliaia","status":"publish","type":"product","link":"https:\/\/readymade.se\/core\/produkt\/sandlada-aliaia\/","title":{"rendered":"Sandl\u00e5da Aliaia"},"content":{"rendered":"<p>Sandl\u00e5da Aliaia \u00e4r utvecklad f\u00f6r lekplatser, skolor, f\u00f6rskolor, parker och bostadsg\u00e5rdar och anpassad f\u00f6r daglig anv\u00e4ndning d\u00e4r slitstyrka, s\u00e4kerhet och l\u00e5g underh\u00e5llsniv\u00e5 \u00e4r viktiga krav. Den ger en tydlig plats f\u00f6r sandlek, utforskande och lugnare aktivitet utomhus. Konstruktionen i rostfritt st\u00e5l och HDPE bidrar till l\u00e5ng livsl\u00e4ngd och g\u00f6r produkten l\u00e4mplig f\u00f6r utomhusbruk \u00e5ret om. Den st\u00f6djer aktiviteter som rutschlek, finmotorik, socialt samspel och kreativ lek, vilket g\u00f6r den till ett funktionellt inslag i milj\u00f6er d\u00e4r r\u00f6relse, lek eller tr\u00e4ning st\u00e5r i fokus. Rekommenderat underlag \u00e4r gummiplattor, grus och gr\u00e4s.<\/p>\n","protected":false},"excerpt":{"rendered":"<p>Sandl\u00e5da Aliaia i rostfritt st\u00e5l och HDPE f\u00f6r offentlig milj\u00f6.<\/p>\n","protected":false},"featured_media":39878,"template":"","meta":{"site-sidebar-layout":"","site-content-layout":"","ast-site-content-layout":"","site-content-style":"","site-sidebar-style":"","ast-global-header-display":"","ast-banner-title-visibility":"","ast-main-header-display":"","ast-hfb-above-header-display":"","ast-hfb-below-header-display":"","ast-hfb-mobile-header-display":"","site-post-title":"","ast-breadcrumbs-content":"","ast-featured-img":"","footer-sml-layout":"","theme-transparent-header-meta":"","adv-header-id-meta":"","stick-header-meta":"","header-above-stick-meta":"","header-main-stick-meta":"","header-below-stick-meta":"","astra-migrate-meta-layouts":"","ast-page-background-enabled":"default","ast-page-background-meta":{"desktop":{"background-color":"var(--ast-global-color-5)","background-image":"","background-repeat":"repeat","background-position":"center center","background-size":"auto","background-attachment":"scroll","background-type":"","background-media":"","overlay-type":"","overlay-color":"","overlay-opacity":"","overlay-gradient":""},"tablet":{"background-color":"","background-image":"","background-repeat":"repeat","background-position":"center center","background-size":"auto","background-attachment":"scroll","background-type":"","background-media":"","overlay-type":"","overlay-color":"","overlay-opacity":"","overlay-gradient":""},"mobile":{"background-color":"","background-image":"","background-repeat":"repeat","background-position":"center center","background-size":"auto","background-attachment":"scroll","background-type":"","background-media":"","overlay-type":"","overlay-color":"","overlay-opacity":"","overlay-gradient":""}},"ast-content-background-meta":{"desktop":{"background-color":"var(--ast-global-color-4)","background-image":"","background-repeat":"repeat","background-position":"center center","background-size":"auto","background-attachment":"scroll","background-type":"","background-media":"","overlay-type":"","overlay-color":"","overlay-opacity":"","overlay-gradient":""},"tablet":{"background-color":"var(--ast-global-color-4)","background-image":"","background-repeat":"repeat","background-position":"center center","background-size":"auto","background-attachment":"scroll","background-type":"","background-media":"","overlay-type":"","overlay-color":"","overlay-opacity":"","overlay-gradient":""},"mobile":{"background-color":"var(--ast-global-color-4)","background-image":"","background-repeat":"repeat","background-position":"center center","background-size":"auto","background-attachment":"scroll","background-type":"","background-media":"","overlay-type":"","overlay-color":"","overlay-opacity":"","overlay-gradient":""}}},"product_brand":[97],"product_cat":[124,132],"product_tag":[254],"class_list":{"0":"post-39213","1":"product","2":"type-product","3":"status-publish","4":"has-post-thumbnail","6":"product_brand-sapekor","7":"product_cat-sand-vattenlek","8":"product_cat-sandlador-sand-vattenlek","9":"product_tag-sapekor-lekplatsutrustning","10":"desktop-align-center","11":"tablet-align-left","12":"mobile-align-left","14":"first","15":"instock","16":"taxable","17":"shipping-taxable","18":"purchasable","19":"product-type-simple"},"_links":{"self":[{"href":"https:\/\/readymade.se\/core\/wp-json\/wp\/v2\/product\/39213","targetHints":{"allow":["GET"]}}],"collection":[{"href":"https:\/\/readymade.se\/core\/wp-json\/wp\/v2\/product"}],"about":[{"href":"https:\/\/readymade.se\/core\/wp-json\/wp\/v2\/types\/product"}],"wp:featuredmedia":[{"embeddable":true,"href":"https:\/\/readymade.se\/core\/wp-json\/wp\/v2\/media\/39878"}],"wp:attachment":[{"href":"https:\/\/readymade.se\/core\/wp-json\/wp\/v2\/media?parent=39213"}],"wp:term":[{"taxonomy":"product_brand","embeddable":true,"href":"https:\/\/readymade.se\/core\/wp-json\/wp\/v2\/product_brand?post=39213"},{"taxonomy":"product_cat","embeddable":true,"href":"https:\/\/readymade.se\/core\/wp-json\/wp\/v2\/product_cat?post=39213"},{"taxonomy":"product_tag","embeddable":true,"href":"https:\/\/readymade.se\/core\/wp-json\/wp\/v2\/product_tag?post=39213"}],"curies":[{"name":"wp","href":"https:\/\/api.w.org\/{rel}","templated":true}]}}