{"id":39148,"date":"2026-03-07T18:59:42","date_gmt":"2026-03-07T17:59:42","guid":{"rendered":"https:\/\/readymade.se\/core\/?post_type=product&#038;p=39148"},"modified":"2026-03-08T11:52:45","modified_gmt":"2026-03-08T10:52:45","slug":"gummiplatta-alana","status":"publish","type":"product","link":"https:\/\/readymade.se\/core\/produkt\/gummiplatta-alana\/","title":{"rendered":"Gummiplatta Alana"},"content":{"rendered":"<p>Gummiplatta Alana \u00e4r framtagen f\u00f6r offentliga milj\u00f6er d\u00e4r man beh\u00f6ver ett slitstarkt och d\u00e4mpande underlag. Den passar p\u00e5 lekytor, g\u00e5ngstr\u00e5k och andra utomhusmilj\u00f6er d\u00e4r man vill kombinera st\u00f6td\u00e4mpning, halks\u00e4kerhet och l\u00e5ng livsl\u00e4ngd. Materialet i SBR-gummi ger en t\u00e5lig yta med l\u00e5g sk\u00f6tsel och god funktion \u00f6ver tid. Den fungerar v\u00e4l p\u00e5 ytor d\u00e4r man beh\u00f6ver ett robust underlag som klarar v\u00e4der, slitage och \u00e5terkommande anv\u00e4ndning.<\/p>\n","protected":false},"excerpt":{"rendered":"<p>Gummiplatta Alana i \u00e5tervunnet SBR-gummi f\u00f6r offentlig milj\u00f6.<\/p>\n","protected":false},"featured_media":39784,"template":"","meta":{"site-sidebar-layout":"","site-content-layout":"","ast-site-content-layout":"","site-content-style":"","site-sidebar-style":"","ast-global-header-display":"","ast-banner-title-visibility":"","ast-main-header-display":"","ast-hfb-above-header-display":"","ast-hfb-below-header-display":"","ast-hfb-mobile-header-display":"","site-post-title":"","ast-breadcrumbs-content":"","ast-featured-img":"","footer-sml-layout":"","theme-transparent-header-meta":"","adv-header-id-meta":"","stick-header-meta":"","header-above-stick-meta":"","header-main-stick-meta":"","header-below-stick-meta":"","astra-migrate-meta-layouts":"","ast-page-background-enabled":"default","ast-page-background-meta":{"desktop":{"background-color":"var(--ast-global-color-5)","background-image":"","background-repeat":"repeat","background-position":"center center","background-size":"auto","background-attachment":"scroll","background-type":"","background-media":"","overlay-type":"","overlay-color":"","overlay-opacity":"","overlay-gradient":""},"tablet":{"background-color":"","background-image":"","background-repeat":"repeat","background-position":"center center","background-size":"auto","background-attachment":"scroll","background-type":"","background-media":"","overlay-type":"","overlay-color":"","overlay-opacity":"","overlay-gradient":""},"mobile":{"background-color":"","background-image":"","background-repeat":"repeat","background-position":"center center","background-size":"auto","background-attachment":"scroll","background-type":"","background-media":"","overlay-type":"","overlay-color":"","overlay-opacity":"","overlay-gradient":""}},"ast-content-background-meta":{"desktop":{"background-color":"var(--ast-global-color-4)","background-image":"","background-repeat":"repeat","background-position":"center center","background-size":"auto","background-attachment":"scroll","background-type":"","background-media":"","overlay-type":"","overlay-color":"","overlay-opacity":"","overlay-gradient":""},"tablet":{"background-color":"var(--ast-global-color-4)","background-image":"","background-repeat":"repeat","background-position":"center center","background-size":"auto","background-attachment":"scroll","background-type":"","background-media":"","overlay-type":"","overlay-color":"","overlay-opacity":"","overlay-gradient":""},"mobile":{"background-color":"var(--ast-global-color-4)","background-image":"","background-repeat":"repeat","background-position":"center center","background-size":"auto","background-attachment":"scroll","background-type":"","background-media":"","overlay-type":"","overlay-color":"","overlay-opacity":"","overlay-gradient":""}}},"product_brand":[97],"product_cat":[88,235],"product_tag":[],"class_list":{"0":"post-39148","1":"product","2":"type-product","3":"status-publish","4":"has-post-thumbnail","6":"product_brand-sapekor","7":"product_cat-fallskydd-underlag-standardsortiment","8":"product_cat-gummiplattor-fallskydd-underlag-standardsortiment","9":"desktop-align-center","10":"tablet-align-left","11":"mobile-align-left","13":"first","14":"instock","15":"taxable","16":"shipping-taxable","17":"product-type-simple"},"_links":{"self":[{"href":"https:\/\/readymade.se\/core\/wp-json\/wp\/v2\/product\/39148","targetHints":{"allow":["GET"]}}],"collection":[{"href":"https:\/\/readymade.se\/core\/wp-json\/wp\/v2\/product"}],"about":[{"href":"https:\/\/readymade.se\/core\/wp-json\/wp\/v2\/types\/product"}],"wp:featuredmedia":[{"embeddable":true,"href":"https:\/\/readymade.se\/core\/wp-json\/wp\/v2\/media\/39784"}],"wp:attachment":[{"href":"https:\/\/readymade.se\/core\/wp-json\/wp\/v2\/media?parent=39148"}],"wp:term":[{"taxonomy":"product_brand","embeddable":true,"href":"https:\/\/readymade.se\/core\/wp-json\/wp\/v2\/product_brand?post=39148"},{"taxonomy":"product_cat","embeddable":true,"href":"https:\/\/readymade.se\/core\/wp-json\/wp\/v2\/product_cat?post=39148"},{"taxonomy":"product_tag","embeddable":true,"href":"https:\/\/readymade.se\/core\/wp-json\/wp\/v2\/product_tag?post=39148"}],"curies":[{"name":"wp","href":"https:\/\/api.w.org\/{rel}","templated":true}]}}