{"id":39144,"date":"2026-03-07T18:59:42","date_gmt":"2026-03-07T17:59:42","guid":{"rendered":"https:\/\/readymade.se\/core\/?post_type=product&#038;p=39144"},"modified":"2026-03-08T11:52:36","modified_gmt":"2026-03-08T10:52:36","slug":"parkbank-alanar","status":"publish","type":"product","link":"https:\/\/readymade.se\/core\/produkt\/parkbank-alanar\/","title":{"rendered":"Parkb\u00e4nk Alanar"},"content":{"rendered":"<p>Parkb\u00e4nk Alanar \u00e4r utvecklad f\u00f6r parker, g\u00e5rdar, skolmilj\u00f6er och andra offentliga platser och anpassad f\u00f6r daglig anv\u00e4ndning d\u00e4r slitstyrka, s\u00e4kerhet och l\u00e5g underh\u00e5llsniv\u00e5 \u00e4r viktiga krav. Den ger en tydlig sittplats f\u00f6r vila och vistelse i offentliga utomhusmilj\u00f6er. Konstruktionen i rostfritt st\u00e5l, WPC och tr\u00e4 bidrar till l\u00e5ng livsl\u00e4ngd och g\u00f6r produkten l\u00e4mplig f\u00f6r utomhusbruk \u00e5ret om. Den fungerar v\u00e4l som en h\u00e5llbar l\u00f6sning i milj\u00f6er d\u00e4r man vill kombinera tydlig funktion med enkel sk\u00f6tsel \u00f6ver tid.<\/p>\n","protected":false},"excerpt":{"rendered":"<p>Parkb\u00e4nk Alanar i rostfritt st\u00e5l, WPC och tr\u00e4 f\u00f6r offentlig milj\u00f6.<\/p>\n","protected":false},"featured_media":39779,"template":"","meta":{"site-sidebar-layout":"","site-content-layout":"","ast-site-content-layout":"","site-content-style":"","site-sidebar-style":"","ast-global-header-display":"","ast-banner-title-visibility":"","ast-main-header-display":"","ast-hfb-above-header-display":"","ast-hfb-below-header-display":"","ast-hfb-mobile-header-display":"","site-post-title":"","ast-breadcrumbs-content":"","ast-featured-img":"","footer-sml-layout":"","theme-transparent-header-meta":"","adv-header-id-meta":"","stick-header-meta":"","header-above-stick-meta":"","header-main-stick-meta":"","header-below-stick-meta":"","astra-migrate-meta-layouts":"","ast-page-background-enabled":"default","ast-page-background-meta":{"desktop":{"background-color":"var(--ast-global-color-5)","background-image":"","background-repeat":"repeat","background-position":"center center","background-size":"auto","background-attachment":"scroll","background-type":"","background-media":"","overlay-type":"","overlay-color":"","overlay-opacity":"","overlay-gradient":""},"tablet":{"background-color":"","background-image":"","background-repeat":"repeat","background-position":"center center","background-size":"auto","background-attachment":"scroll","background-type":"","background-media":"","overlay-type":"","overlay-color":"","overlay-opacity":"","overlay-gradient":""},"mobile":{"background-color":"","background-image":"","background-repeat":"repeat","background-position":"center center","background-size":"auto","background-attachment":"scroll","background-type":"","background-media":"","overlay-type":"","overlay-color":"","overlay-opacity":"","overlay-gradient":""}},"ast-content-background-meta":{"desktop":{"background-color":"var(--ast-global-color-4)","background-image":"","background-repeat":"repeat","background-position":"center center","background-size":"auto","background-attachment":"scroll","background-type":"","background-media":"","overlay-type":"","overlay-color":"","overlay-opacity":"","overlay-gradient":""},"tablet":{"background-color":"var(--ast-global-color-4)","background-image":"","background-repeat":"repeat","background-position":"center center","background-size":"auto","background-attachment":"scroll","background-type":"","background-media":"","overlay-type":"","overlay-color":"","overlay-opacity":"","overlay-gradient":""},"mobile":{"background-color":"var(--ast-global-color-4)","background-image":"","background-repeat":"repeat","background-position":"center center","background-size":"auto","background-attachment":"scroll","background-type":"","background-media":"","overlay-type":"","overlay-color":"","overlay-opacity":"","overlay-gradient":""}}},"product_brand":[97],"product_cat":[39,40],"product_tag":[141,258],"class_list":{"0":"post-39144","1":"product","2":"type-product","3":"status-publish","4":"has-post-thumbnail","6":"product_brand-sapekor","7":"product_cat-gata-park","8":"product_cat-parkbankar","9":"product_tag-core-gata-park","10":"product_tag-sapekor-gata-park","11":"desktop-align-center","12":"tablet-align-left","13":"mobile-align-left","15":"first","16":"instock","17":"taxable","18":"shipping-taxable","19":"purchasable","20":"product-type-simple"},"_links":{"self":[{"href":"https:\/\/readymade.se\/core\/wp-json\/wp\/v2\/product\/39144","targetHints":{"allow":["GET"]}}],"collection":[{"href":"https:\/\/readymade.se\/core\/wp-json\/wp\/v2\/product"}],"about":[{"href":"https:\/\/readymade.se\/core\/wp-json\/wp\/v2\/types\/product"}],"wp:featuredmedia":[{"embeddable":true,"href":"https:\/\/readymade.se\/core\/wp-json\/wp\/v2\/media\/39779"}],"wp:attachment":[{"href":"https:\/\/readymade.se\/core\/wp-json\/wp\/v2\/media?parent=39144"}],"wp:term":[{"taxonomy":"product_brand","embeddable":true,"href":"https:\/\/readymade.se\/core\/wp-json\/wp\/v2\/product_brand?post=39144"},{"taxonomy":"product_cat","embeddable":true,"href":"https:\/\/readymade.se\/core\/wp-json\/wp\/v2\/product_cat?post=39144"},{"taxonomy":"product_tag","embeddable":true,"href":"https:\/\/readymade.se\/core\/wp-json\/wp\/v2\/product_tag?post=39144"}],"curies":[{"name":"wp","href":"https:\/\/api.w.org\/{rel}","templated":true}]}}