{"id":39058,"date":"2026-03-07T18:58:46","date_gmt":"2026-03-07T17:58:46","guid":{"rendered":"https:\/\/readymade.se\/core\/?post_type=product&#038;p=39058"},"modified":"2026-03-08T11:48:42","modified_gmt":"2026-03-08T10:48:42","slug":"lekhus-alera","status":"publish","type":"product","link":"https:\/\/readymade.se\/core\/produkt\/lekhus-alera\/","title":{"rendered":"Lekhus Alera"},"content":{"rendered":"<p>Lekhus Alera \u00e4r utvecklad f\u00f6r lekplatser, skolor, f\u00f6rskolor, parker och bostadsg\u00e5rdar och anpassad f\u00f6r daglig anv\u00e4ndning d\u00e4r slitstyrka, s\u00e4kerhet och l\u00e5g underh\u00e5llsniv\u00e5 \u00e4r viktiga krav. Den skapar en tydlig plats f\u00f6r fantasifull lek, m\u00f6ten och socialt samspel. Konstruktionen i rostfritt st\u00e5l och HDPE bidrar till l\u00e5ng livsl\u00e4ngd och g\u00f6r produkten l\u00e4mplig f\u00f6r utomhusbruk \u00e5ret om. Den st\u00f6djer aktiviteter som finmotorik och socialt samspel, vilket g\u00f6r den till ett funktionellt inslag i milj\u00f6er d\u00e4r r\u00f6relse, lek eller tr\u00e4ning st\u00e5r i fokus. Rekommenderat underlag \u00e4r gummiplattor, grus och gr\u00e4s.<\/p>\n","protected":false},"excerpt":{"rendered":"<p>Lekhus Alera i rostfritt st\u00e5l och HDPE f\u00f6r offentlig milj\u00f6.<\/p>\n","protected":false},"featured_media":39650,"template":"","meta":{"site-sidebar-layout":"","site-content-layout":"","ast-site-content-layout":"","site-content-style":"","site-sidebar-style":"","ast-global-header-display":"","ast-banner-title-visibility":"","ast-main-header-display":"","ast-hfb-above-header-display":"","ast-hfb-below-header-display":"","ast-hfb-mobile-header-display":"","site-post-title":"","ast-breadcrumbs-content":"","ast-featured-img":"","footer-sml-layout":"","theme-transparent-header-meta":"","adv-header-id-meta":"","stick-header-meta":"","header-above-stick-meta":"","header-main-stick-meta":"","header-below-stick-meta":"","astra-migrate-meta-layouts":"","ast-page-background-enabled":"default","ast-page-background-meta":{"desktop":{"background-color":"var(--ast-global-color-5)","background-image":"","background-repeat":"repeat","background-position":"center center","background-size":"auto","background-attachment":"scroll","background-type":"","background-media":"","overlay-type":"","overlay-color":"","overlay-opacity":"","overlay-gradient":""},"tablet":{"background-color":"","background-image":"","background-repeat":"repeat","background-position":"center center","background-size":"auto","background-attachment":"scroll","background-type":"","background-media":"","overlay-type":"","overlay-color":"","overlay-opacity":"","overlay-gradient":""},"mobile":{"background-color":"","background-image":"","background-repeat":"repeat","background-position":"center center","background-size":"auto","background-attachment":"scroll","background-type":"","background-media":"","overlay-type":"","overlay-color":"","overlay-opacity":"","overlay-gradient":""}},"ast-content-background-meta":{"desktop":{"background-color":"var(--ast-global-color-4)","background-image":"","background-repeat":"repeat","background-position":"center center","background-size":"auto","background-attachment":"scroll","background-type":"","background-media":"","overlay-type":"","overlay-color":"","overlay-opacity":"","overlay-gradient":""},"tablet":{"background-color":"var(--ast-global-color-4)","background-image":"","background-repeat":"repeat","background-position":"center center","background-size":"auto","background-attachment":"scroll","background-type":"","background-media":"","overlay-type":"","overlay-color":"","overlay-opacity":"","overlay-gradient":""},"mobile":{"background-color":"var(--ast-global-color-4)","background-image":"","background-repeat":"repeat","background-position":"center center","background-size":"auto","background-attachment":"scroll","background-type":"","background-media":"","overlay-type":"","overlay-color":"","overlay-opacity":"","overlay-gradient":""}}},"product_brand":[97],"product_cat":[144],"product_tag":[254],"class_list":{"0":"post-39058","1":"product","2":"type-product","3":"status-publish","4":"has-post-thumbnail","6":"product_brand-sapekor","7":"product_cat-lekhus","8":"product_tag-sapekor-lekplatsutrustning","9":"desktop-align-center","10":"tablet-align-left","11":"mobile-align-left","13":"first","14":"instock","15":"taxable","16":"shipping-taxable","17":"purchasable","18":"product-type-simple"},"_links":{"self":[{"href":"https:\/\/readymade.se\/core\/wp-json\/wp\/v2\/product\/39058","targetHints":{"allow":["GET"]}}],"collection":[{"href":"https:\/\/readymade.se\/core\/wp-json\/wp\/v2\/product"}],"about":[{"href":"https:\/\/readymade.se\/core\/wp-json\/wp\/v2\/types\/product"}],"wp:featuredmedia":[{"embeddable":true,"href":"https:\/\/readymade.se\/core\/wp-json\/wp\/v2\/media\/39650"}],"wp:attachment":[{"href":"https:\/\/readymade.se\/core\/wp-json\/wp\/v2\/media?parent=39058"}],"wp:term":[{"taxonomy":"product_brand","embeddable":true,"href":"https:\/\/readymade.se\/core\/wp-json\/wp\/v2\/product_brand?post=39058"},{"taxonomy":"product_cat","embeddable":true,"href":"https:\/\/readymade.se\/core\/wp-json\/wp\/v2\/product_cat?post=39058"},{"taxonomy":"product_tag","embeddable":true,"href":"https:\/\/readymade.se\/core\/wp-json\/wp\/v2\/product_tag?post=39058"}],"curies":[{"name":"wp","href":"https:\/\/api.w.org\/{rel}","templated":true}]}}