{"id":39039,"date":"2026-03-07T18:58:43","date_gmt":"2026-03-07T17:58:43","guid":{"rendered":"https:\/\/readymade.se\/core\/?post_type=product&#038;p=39039"},"modified":"2026-03-08T11:47:48","modified_gmt":"2026-03-08T10:47:48","slug":"hoppring-alara","status":"publish","type":"product","link":"https:\/\/readymade.se\/core\/produkt\/hoppring-alara\/","title":{"rendered":"Hoppring Alara"},"content":{"rendered":"<p>Hoppring Alara \u00e4r utvecklad f\u00f6r hundparker, tr\u00e4ningsytor och andra offentliga utemilj\u00f6er och anpassad f\u00f6r daglig anv\u00e4ndning d\u00e4r slitstyrka, s\u00e4kerhet och l\u00e5g underh\u00e5llsniv\u00e5 \u00e4r viktiga krav. Den \u00e4r utformad med hoppring f\u00f6r att skapa en tydlig och funktionell anv\u00e4ndning. Produkten \u00e4r anpassad f\u00f6r offentlig milj\u00f6 och utformad f\u00f6r att t\u00e5la v\u00e4der, slitage och frekvent anv\u00e4ndning \u00f6ver tid. Den fungerar v\u00e4l som en h\u00e5llbar l\u00f6sning i milj\u00f6er d\u00e4r man vill kombinera tydlig funktion med enkel sk\u00f6tsel \u00f6ver tid.<\/p>\n","protected":false},"excerpt":{"rendered":"<p>Hoppring Alara f\u00f6r precision och kroppskontroll i agility.<\/p>\n","protected":false},"featured_media":39623,"template":"","meta":{"site-sidebar-layout":"","site-content-layout":"","ast-site-content-layout":"","site-content-style":"","site-sidebar-style":"","ast-global-header-display":"","ast-banner-title-visibility":"","ast-main-header-display":"","ast-hfb-above-header-display":"","ast-hfb-below-header-display":"","ast-hfb-mobile-header-display":"","site-post-title":"","ast-breadcrumbs-content":"","ast-featured-img":"","footer-sml-layout":"","theme-transparent-header-meta":"","adv-header-id-meta":"","stick-header-meta":"","header-above-stick-meta":"","header-main-stick-meta":"","header-below-stick-meta":"","astra-migrate-meta-layouts":"","ast-page-background-enabled":"default","ast-page-background-meta":{"desktop":{"background-color":"var(--ast-global-color-5)","background-image":"","background-repeat":"repeat","background-position":"center center","background-size":"auto","background-attachment":"scroll","background-type":"","background-media":"","overlay-type":"","overlay-color":"","overlay-opacity":"","overlay-gradient":""},"tablet":{"background-color":"","background-image":"","background-repeat":"repeat","background-position":"center center","background-size":"auto","background-attachment":"scroll","background-type":"","background-media":"","overlay-type":"","overlay-color":"","overlay-opacity":"","overlay-gradient":""},"mobile":{"background-color":"","background-image":"","background-repeat":"repeat","background-position":"center center","background-size":"auto","background-attachment":"scroll","background-type":"","background-media":"","overlay-type":"","overlay-color":"","overlay-opacity":"","overlay-gradient":""}},"ast-content-background-meta":{"desktop":{"background-color":"var(--ast-global-color-4)","background-image":"","background-repeat":"repeat","background-position":"center center","background-size":"auto","background-attachment":"scroll","background-type":"","background-media":"","overlay-type":"","overlay-color":"","overlay-opacity":"","overlay-gradient":""},"tablet":{"background-color":"var(--ast-global-color-4)","background-image":"","background-repeat":"repeat","background-position":"center center","background-size":"auto","background-attachment":"scroll","background-type":"","background-media":"","overlay-type":"","overlay-color":"","overlay-opacity":"","overlay-gradient":""},"mobile":{"background-color":"var(--ast-global-color-4)","background-image":"","background-repeat":"repeat","background-position":"center center","background-size":"auto","background-attachment":"scroll","background-type":"","background-media":"","overlay-type":"","overlay-color":"","overlay-opacity":"","overlay-gradient":""}}},"product_brand":[97],"product_cat":[59],"product_tag":[253],"class_list":{"0":"post-39039","1":"product","2":"type-product","3":"status-publish","4":"has-post-thumbnail","6":"product_brand-sapekor","7":"product_cat-agility","8":"product_tag-sapekor-agility","9":"desktop-align-center","10":"tablet-align-left","11":"mobile-align-left","13":"first","14":"instock","15":"taxable","16":"shipping-taxable","17":"purchasable","18":"product-type-simple"},"_links":{"self":[{"href":"https:\/\/readymade.se\/core\/wp-json\/wp\/v2\/product\/39039","targetHints":{"allow":["GET"]}}],"collection":[{"href":"https:\/\/readymade.se\/core\/wp-json\/wp\/v2\/product"}],"about":[{"href":"https:\/\/readymade.se\/core\/wp-json\/wp\/v2\/types\/product"}],"wp:featuredmedia":[{"embeddable":true,"href":"https:\/\/readymade.se\/core\/wp-json\/wp\/v2\/media\/39623"}],"wp:attachment":[{"href":"https:\/\/readymade.se\/core\/wp-json\/wp\/v2\/media?parent=39039"}],"wp:term":[{"taxonomy":"product_brand","embeddable":true,"href":"https:\/\/readymade.se\/core\/wp-json\/wp\/v2\/product_brand?post=39039"},{"taxonomy":"product_cat","embeddable":true,"href":"https:\/\/readymade.se\/core\/wp-json\/wp\/v2\/product_cat?post=39039"},{"taxonomy":"product_tag","embeddable":true,"href":"https:\/\/readymade.se\/core\/wp-json\/wp\/v2\/product_tag?post=39039"}],"curies":[{"name":"wp","href":"https:\/\/api.w.org\/{rel}","templated":true}]}}