{"id":38285,"date":"2026-03-06T16:08:43","date_gmt":"2026-03-06T15:08:43","guid":{"rendered":"https:\/\/readymade.se\/core\/?post_type=product&#038;p=38285"},"modified":"2026-03-07T00:41:55","modified_gmt":"2026-03-06T23:41:55","slug":"gymredskap-gatutraning-29","status":"publish","type":"product","link":"https:\/\/readymade.se\/core\/produkt\/gymredskap-gatutraning-29\/","title":{"rendered":"Gymredskap Gatutr\u00e4ning 29"},"content":{"rendered":"<p>Gymredskap Gatutr\u00e4ning 29 \u00e4r utvecklad f\u00f6r offentliga lek- och utemilj\u00f6er d\u00e4r s\u00e4kerhet, h\u00e5llbarhet och drifts\u00e4kerhet \u00e4r avg\u00f6rande. L\u00f6sningen st\u00f6djer funktionell tr\u00e4ning av styrka, r\u00f6rlighet, koordination och uth\u00e5llighet f\u00f6r olika anv\u00e4ndarniv\u00e5er. Vanliga material i utf\u00f6randet \u00e4r pulverlackerat st\u00e5l. Konstruktionen \u00e4r anpassad f\u00f6r daglig anv\u00e4ndning i parker, skolor, f\u00f6rskolor och bostadsomr\u00e5den med l\u00e5ngsiktigt underh\u00e5ll i fokus. Kontakta oss g\u00e4rna f\u00f6r r\u00e5dgivning om placering, underlag, montage och val av utf\u00f6rande.<\/p>\n","protected":false},"excerpt":{"rendered":"<p>Gymredskap Gatutr\u00e4ning 29 f\u00f6r offentlig tr\u00e4ningsmilj\u00f6 med robust konstruktion, s\u00e4ker anv\u00e4ndning och h\u00f6g t\u00e5lighet vid daglig belastning. Material: pulverlackerat st\u00e5l.<\/p>\n","protected":false},"featured_media":17895,"template":"","meta":{"site-sidebar-layout":"","site-content-layout":"","ast-site-content-layout":"","site-content-style":"","site-sidebar-style":"","ast-global-header-display":"","ast-banner-title-visibility":"","ast-main-header-display":"","ast-hfb-above-header-display":"","ast-hfb-below-header-display":"","ast-hfb-mobile-header-display":"","site-post-title":"","ast-breadcrumbs-content":"","ast-featured-img":"","footer-sml-layout":"","theme-transparent-header-meta":"","adv-header-id-meta":"","stick-header-meta":"","header-above-stick-meta":"","header-main-stick-meta":"","header-below-stick-meta":"","astra-migrate-meta-layouts":"","ast-page-background-enabled":"default","ast-page-background-meta":{"desktop":{"background-color":"var(--ast-global-color-5)","background-image":"","background-repeat":"repeat","background-position":"center center","background-size":"auto","background-attachment":"scroll","background-type":"","background-media":"","overlay-type":"","overlay-color":"","overlay-opacity":"","overlay-gradient":""},"tablet":{"background-color":"","background-image":"","background-repeat":"repeat","background-position":"center center","background-size":"auto","background-attachment":"scroll","background-type":"","background-media":"","overlay-type":"","overlay-color":"","overlay-opacity":"","overlay-gradient":""},"mobile":{"background-color":"","background-image":"","background-repeat":"repeat","background-position":"center center","background-size":"auto","background-attachment":"scroll","background-type":"","background-media":"","overlay-type":"","overlay-color":"","overlay-opacity":"","overlay-gradient":""}},"ast-content-background-meta":{"desktop":{"background-color":"var(--ast-global-color-4)","background-image":"","background-repeat":"repeat","background-position":"center center","background-size":"auto","background-attachment":"scroll","background-type":"","background-media":"","overlay-type":"","overlay-color":"","overlay-opacity":"","overlay-gradient":""},"tablet":{"background-color":"var(--ast-global-color-4)","background-image":"","background-repeat":"repeat","background-position":"center center","background-size":"auto","background-attachment":"scroll","background-type":"","background-media":"","overlay-type":"","overlay-color":"","overlay-opacity":"","overlay-gradient":""},"mobile":{"background-color":"var(--ast-global-color-4)","background-image":"","background-repeat":"repeat","background-position":"center center","background-size":"auto","background-attachment":"scroll","background-type":"","background-media":"","overlay-type":"","overlay-color":"","overlay-opacity":"","overlay-gradient":""}}},"product_brand":[47],"product_cat":[63,80,19],"product_tag":[222,233],"class_list":{"0":"post-38285","1":"product","2":"type-product","3":"status-publish","4":"has-post-thumbnail","6":"product_brand-inter-play","7":"product_cat-gym","8":"product_cat-parkour","9":"product_cat-sport-rorelse","10":"product_tag-inter-play","11":"product_tag-serie-sport-fitness","12":"desktop-align-center","13":"tablet-align-left","14":"mobile-align-left","16":"first","17":"instock","18":"taxable","19":"shipping-taxable","20":"product-type-simple"},"_links":{"self":[{"href":"https:\/\/readymade.se\/core\/wp-json\/wp\/v2\/product\/38285","targetHints":{"allow":["GET"]}}],"collection":[{"href":"https:\/\/readymade.se\/core\/wp-json\/wp\/v2\/product"}],"about":[{"href":"https:\/\/readymade.se\/core\/wp-json\/wp\/v2\/types\/product"}],"wp:featuredmedia":[{"embeddable":true,"href":"https:\/\/readymade.se\/core\/wp-json\/wp\/v2\/media\/17895"}],"wp:attachment":[{"href":"https:\/\/readymade.se\/core\/wp-json\/wp\/v2\/media?parent=38285"}],"wp:term":[{"taxonomy":"product_brand","embeddable":true,"href":"https:\/\/readymade.se\/core\/wp-json\/wp\/v2\/product_brand?post=38285"},{"taxonomy":"product_cat","embeddable":true,"href":"https:\/\/readymade.se\/core\/wp-json\/wp\/v2\/product_cat?post=38285"},{"taxonomy":"product_tag","embeddable":true,"href":"https:\/\/readymade.se\/core\/wp-json\/wp\/v2\/product_tag?post=38285"}],"curies":[{"name":"wp","href":"https:\/\/api.w.org\/{rel}","templated":true}]}}