{"id":38246,"date":"2026-03-06T16:08:25","date_gmt":"2026-03-06T15:08:25","guid":{"rendered":"https:\/\/readymade.se\/core\/?post_type=product&#038;p=38246"},"modified":"2026-03-07T00:41:50","modified_gmt":"2026-03-06T23:41:50","slug":"cykelstall-17-stal-l-form-bakvand","status":"publish","type":"product","link":"https:\/\/readymade.se\/core\/produkt\/cykelstall-17-stal-l-form-bakvand\/","title":{"rendered":"Cykelst\u00e4ll 17 st\u00e5l L-form bakv\u00e4nd"},"content":{"rendered":"<p>Cykelst\u00e4ll 17 st\u00e5l L-form bakv\u00e4nd \u00e4r utvecklad f\u00f6r offentliga lek- och utemilj\u00f6er d\u00e4r s\u00e4kerhet, h\u00e5llbarhet och drifts\u00e4kerhet \u00e4r avg\u00f6rande. Utformningen \u00e4r framtagen f\u00f6r offentlig drift med fokus p\u00e5 h\u00e5llbar funktion, trygg anv\u00e4ndning och enkel sk\u00f6tsel. Materialvalet \u00e4r anpassat f\u00f6r l\u00e5ng livsl\u00e4ngd i nordiskt klimat. Konstruktionen \u00e4r anpassad f\u00f6r daglig anv\u00e4ndning i parker, skolor, f\u00f6rskolor och bostadsomr\u00e5den med l\u00e5ngsiktigt underh\u00e5ll i fokus. Kontakta oss g\u00e4rna f\u00f6r r\u00e5dgivning om placering, underlag, montage och val av utf\u00f6rande.<\/p>\n","protected":false},"excerpt":{"rendered":"<p>Cykelst\u00e4ll 17 st\u00e5l L-form bakv\u00e4nd f\u00f6r park- och stadsmilj\u00f6 med h\u00e5llbar konstruktion, funktionell design och l\u00e5g sk\u00f6tselniv\u00e5 i daglig drift.<\/p>\n","protected":false},"featured_media":17796,"template":"","meta":{"site-sidebar-layout":"","site-content-layout":"","ast-site-content-layout":"","site-content-style":"","site-sidebar-style":"","ast-global-header-display":"","ast-banner-title-visibility":"","ast-main-header-display":"","ast-hfb-above-header-display":"","ast-hfb-below-header-display":"","ast-hfb-mobile-header-display":"","site-post-title":"","ast-breadcrumbs-content":"","ast-featured-img":"","footer-sml-layout":"","theme-transparent-header-meta":"","adv-header-id-meta":"","stick-header-meta":"","header-above-stick-meta":"","header-main-stick-meta":"","header-below-stick-meta":"","astra-migrate-meta-layouts":"","ast-page-background-enabled":"default","ast-page-background-meta":{"desktop":{"background-color":"var(--ast-global-color-5)","background-image":"","background-repeat":"repeat","background-position":"center center","background-size":"auto","background-attachment":"scroll","background-type":"","background-media":"","overlay-type":"","overlay-color":"","overlay-opacity":"","overlay-gradient":""},"tablet":{"background-color":"","background-image":"","background-repeat":"repeat","background-position":"center center","background-size":"auto","background-attachment":"scroll","background-type":"","background-media":"","overlay-type":"","overlay-color":"","overlay-opacity":"","overlay-gradient":""},"mobile":{"background-color":"","background-image":"","background-repeat":"repeat","background-position":"center center","background-size":"auto","background-attachment":"scroll","background-type":"","background-media":"","overlay-type":"","overlay-color":"","overlay-opacity":"","overlay-gradient":""}},"ast-content-background-meta":{"desktop":{"background-color":"var(--ast-global-color-4)","background-image":"","background-repeat":"repeat","background-position":"center center","background-size":"auto","background-attachment":"scroll","background-type":"","background-media":"","overlay-type":"","overlay-color":"","overlay-opacity":"","overlay-gradient":""},"tablet":{"background-color":"var(--ast-global-color-4)","background-image":"","background-repeat":"repeat","background-position":"center center","background-size":"auto","background-attachment":"scroll","background-type":"","background-media":"","overlay-type":"","overlay-color":"","overlay-opacity":"","overlay-gradient":""},"mobile":{"background-color":"var(--ast-global-color-4)","background-image":"","background-repeat":"repeat","background-position":"center center","background-size":"auto","background-attachment":"scroll","background-type":"","background-media":"","overlay-type":"","overlay-color":"","overlay-opacity":"","overlay-gradient":""}}},"product_brand":[47],"product_cat":[60,39],"product_tag":[222,155],"class_list":{"0":"post-38246","1":"product","2":"type-product","3":"status-publish","4":"has-post-thumbnail","6":"product_brand-inter-play","7":"product_cat-cykelstall","8":"product_cat-gata-park","9":"product_tag-inter-play","10":"product_tag-serie-urban-furniture","11":"desktop-align-center","12":"tablet-align-left","13":"mobile-align-left","15":"first","16":"instock","17":"taxable","18":"shipping-taxable","19":"purchasable","20":"product-type-simple"},"_links":{"self":[{"href":"https:\/\/readymade.se\/core\/wp-json\/wp\/v2\/product\/38246","targetHints":{"allow":["GET"]}}],"collection":[{"href":"https:\/\/readymade.se\/core\/wp-json\/wp\/v2\/product"}],"about":[{"href":"https:\/\/readymade.se\/core\/wp-json\/wp\/v2\/types\/product"}],"wp:featuredmedia":[{"embeddable":true,"href":"https:\/\/readymade.se\/core\/wp-json\/wp\/v2\/media\/17796"}],"wp:attachment":[{"href":"https:\/\/readymade.se\/core\/wp-json\/wp\/v2\/media?parent=38246"}],"wp:term":[{"taxonomy":"product_brand","embeddable":true,"href":"https:\/\/readymade.se\/core\/wp-json\/wp\/v2\/product_brand?post=38246"},{"taxonomy":"product_cat","embeddable":true,"href":"https:\/\/readymade.se\/core\/wp-json\/wp\/v2\/product_cat?post=38246"},{"taxonomy":"product_tag","embeddable":true,"href":"https:\/\/readymade.se\/core\/wp-json\/wp\/v2\/product_tag?post=38246"}],"curies":[{"name":"wp","href":"https:\/\/api.w.org\/{rel}","templated":true}]}}