{"id":37990,"date":"2026-03-06T16:05:51","date_gmt":"2026-03-06T15:05:51","guid":{"rendered":"https:\/\/readymade.se\/core\/?post_type=product&#038;p=37990"},"modified":"2026-03-07T00:41:34","modified_gmt":"2026-03-06T23:41:34","slug":"klatterpyramid-natstruktur-mt-rosa","status":"publish","type":"product","link":"https:\/\/readymade.se\/core\/produkt\/klatterpyramid-natstruktur-mt-rosa\/","title":{"rendered":"Kl\u00e4tterpyramid N\u00e4tstruktur MT. ROSA"},"content":{"rendered":"<p>Kl\u00e4tterpyramid N\u00e4tstruktur MT. ROSA \u00e4r utvecklad f\u00f6r offentliga lek- och utemilj\u00f6er d\u00e4r s\u00e4kerhet, h\u00e5llbarhet och drifts\u00e4kerhet \u00e4r avg\u00f6rande. Produkten stimulerar r\u00f6relse, koordination och social interaktion samt ger ett tydligt lekv\u00e4rde i offentliga milj\u00f6er. Materialvalet \u00e4r anpassat f\u00f6r l\u00e5ng livsl\u00e4ngd i nordiskt klimat. Konstruktionen \u00e4r anpassad f\u00f6r daglig anv\u00e4ndning i parker, skolor, f\u00f6rskolor och bostadsomr\u00e5den med l\u00e5ngsiktigt underh\u00e5ll i fokus. Kontakta oss g\u00e4rna f\u00f6r r\u00e5dgivning om placering, underlag, montage och val av utf\u00f6rande.<\/p>\n","protected":false},"excerpt":{"rendered":"<p>Kl\u00e4tterpyramid N\u00e4tstruktur MT. ROSA f\u00f6r offentlig utemilj\u00f6 med fokus p\u00e5 s\u00e4ker anv\u00e4ndning, robust konstruktion och l\u00e5ng livsl\u00e4ngd vid daglig drift.<\/p>\n","protected":false},"featured_media":17140,"template":"","meta":{"site-sidebar-layout":"","site-content-layout":"","ast-site-content-layout":"","site-content-style":"","site-sidebar-style":"","ast-global-header-display":"","ast-banner-title-visibility":"","ast-main-header-display":"","ast-hfb-above-header-display":"","ast-hfb-below-header-display":"","ast-hfb-mobile-header-display":"","site-post-title":"","ast-breadcrumbs-content":"","ast-featured-img":"","footer-sml-layout":"","theme-transparent-header-meta":"","adv-header-id-meta":"","stick-header-meta":"","header-above-stick-meta":"","header-main-stick-meta":"","header-below-stick-meta":"","astra-migrate-meta-layouts":"","ast-page-background-enabled":"default","ast-page-background-meta":{"desktop":{"background-color":"var(--ast-global-color-5)","background-image":"","background-repeat":"repeat","background-position":"center center","background-size":"auto","background-attachment":"scroll","background-type":"","background-media":"","overlay-type":"","overlay-color":"","overlay-opacity":"","overlay-gradient":""},"tablet":{"background-color":"","background-image":"","background-repeat":"repeat","background-position":"center center","background-size":"auto","background-attachment":"scroll","background-type":"","background-media":"","overlay-type":"","overlay-color":"","overlay-opacity":"","overlay-gradient":""},"mobile":{"background-color":"","background-image":"","background-repeat":"repeat","background-position":"center center","background-size":"auto","background-attachment":"scroll","background-type":"","background-media":"","overlay-type":"","overlay-color":"","overlay-opacity":"","overlay-gradient":""}},"ast-content-background-meta":{"desktop":{"background-color":"var(--ast-global-color-4)","background-image":"","background-repeat":"repeat","background-position":"center center","background-size":"auto","background-attachment":"scroll","background-type":"","background-media":"","overlay-type":"","overlay-color":"","overlay-opacity":"","overlay-gradient":""},"tablet":{"background-color":"var(--ast-global-color-4)","background-image":"","background-repeat":"repeat","background-position":"center center","background-size":"auto","background-attachment":"scroll","background-type":"","background-media":"","overlay-type":"","overlay-color":"","overlay-opacity":"","overlay-gradient":""},"mobile":{"background-color":"var(--ast-global-color-4)","background-image":"","background-repeat":"repeat","background-position":"center center","background-size":"auto","background-attachment":"scroll","background-type":"","background-media":"","overlay-type":"","overlay-color":"","overlay-opacity":"","overlay-gradient":""}}},"product_brand":[47],"product_cat":[46,45],"product_tag":[148,222,228],"class_list":{"0":"post-37990","1":"product","2":"type-product","3":"status-publish","4":"has-post-thumbnail","6":"product_brand-inter-play","7":"product_cat-klatterpyramider","8":"product_cat-klatterstallningar","9":"product_tag-core-klatterstallning","10":"product_tag-inter-play","11":"product_tag-serie-play","12":"desktop-align-center","13":"tablet-align-left","14":"mobile-align-left","16":"first","17":"instock","18":"taxable","19":"shipping-taxable","20":"purchasable","21":"product-type-simple"},"_links":{"self":[{"href":"https:\/\/readymade.se\/core\/wp-json\/wp\/v2\/product\/37990","targetHints":{"allow":["GET"]}}],"collection":[{"href":"https:\/\/readymade.se\/core\/wp-json\/wp\/v2\/product"}],"about":[{"href":"https:\/\/readymade.se\/core\/wp-json\/wp\/v2\/types\/product"}],"wp:featuredmedia":[{"embeddable":true,"href":"https:\/\/readymade.se\/core\/wp-json\/wp\/v2\/media\/17140"}],"wp:attachment":[{"href":"https:\/\/readymade.se\/core\/wp-json\/wp\/v2\/media?parent=37990"}],"wp:term":[{"taxonomy":"product_brand","embeddable":true,"href":"https:\/\/readymade.se\/core\/wp-json\/wp\/v2\/product_brand?post=37990"},{"taxonomy":"product_cat","embeddable":true,"href":"https:\/\/readymade.se\/core\/wp-json\/wp\/v2\/product_cat?post=37990"},{"taxonomy":"product_tag","embeddable":true,"href":"https:\/\/readymade.se\/core\/wp-json\/wp\/v2\/product_tag?post=37990"}],"curies":[{"name":"wp","href":"https:\/\/api.w.org\/{rel}","templated":true}]}}