{"id":37838,"date":"2026-03-06T16:04:33","date_gmt":"2026-03-06T15:04:33","guid":{"rendered":"https:\/\/readymade.se\/core\/?post_type=product&#038;p=37838"},"modified":"2026-03-07T00:41:25","modified_gmt":"2026-03-06T23:41:25","slug":"studsmatta-rado-200-wp","status":"publish","type":"product","link":"https:\/\/readymade.se\/core\/produkt\/studsmatta-rado-200-wp\/","title":{"rendered":"Studsmatta RADO 200 WP"},"content":{"rendered":"<p>Studsmatta RADO 200 WP \u00e4r utvecklad f\u00f6r offentliga lek- och utemilj\u00f6er d\u00e4r s\u00e4kerhet, h\u00e5llbarhet och drifts\u00e4kerhet \u00e4r avg\u00f6rande. Konstruktionen \u00e4r anpassad f\u00f6r intensiv anv\u00e4ndning och ger en j\u00e4mn, stabil och s\u00e4ker lekupplevelse \u00f6ver tid. Materialvalet \u00e4r anpassat f\u00f6r l\u00e5ng livsl\u00e4ngd i nordiskt klimat. Konstruktionen \u00e4r anpassad f\u00f6r daglig anv\u00e4ndning i parker, skolor, f\u00f6rskolor och bostadsomr\u00e5den med l\u00e5ngsiktigt underh\u00e5ll i fokus. Kontakta oss g\u00e4rna f\u00f6r r\u00e5dgivning om placering, underlag, montage och val av utf\u00f6rande.<\/p>\n","protected":false},"excerpt":{"rendered":"<p>Studsmatta RADO 200 WP f\u00f6r intensiv offentlig lek med s\u00e4ker studs, h\u00e5llbar konstruktion och h\u00f6g anv\u00e4ndarkomfort \u00f6ver tid.<\/p>\n","protected":false},"featured_media":16596,"template":"","meta":{"site-sidebar-layout":"","site-content-layout":"","ast-site-content-layout":"","site-content-style":"","site-sidebar-style":"","ast-global-header-display":"","ast-banner-title-visibility":"","ast-main-header-display":"","ast-hfb-above-header-display":"","ast-hfb-below-header-display":"","ast-hfb-mobile-header-display":"","site-post-title":"","ast-breadcrumbs-content":"","ast-featured-img":"","footer-sml-layout":"","theme-transparent-header-meta":"","adv-header-id-meta":"","stick-header-meta":"","header-above-stick-meta":"","header-main-stick-meta":"","header-below-stick-meta":"","astra-migrate-meta-layouts":"","ast-page-background-enabled":"default","ast-page-background-meta":{"desktop":{"background-color":"var(--ast-global-color-5)","background-image":"","background-repeat":"repeat","background-position":"center center","background-size":"auto","background-attachment":"scroll","background-type":"","background-media":"","overlay-type":"","overlay-color":"","overlay-opacity":"","overlay-gradient":""},"tablet":{"background-color":"","background-image":"","background-repeat":"repeat","background-position":"center center","background-size":"auto","background-attachment":"scroll","background-type":"","background-media":"","overlay-type":"","overlay-color":"","overlay-opacity":"","overlay-gradient":""},"mobile":{"background-color":"","background-image":"","background-repeat":"repeat","background-position":"center center","background-size":"auto","background-attachment":"scroll","background-type":"","background-media":"","overlay-type":"","overlay-color":"","overlay-opacity":"","overlay-gradient":""}},"ast-content-background-meta":{"desktop":{"background-color":"var(--ast-global-color-4)","background-image":"","background-repeat":"repeat","background-position":"center center","background-size":"auto","background-attachment":"scroll","background-type":"","background-media":"","overlay-type":"","overlay-color":"","overlay-opacity":"","overlay-gradient":""},"tablet":{"background-color":"var(--ast-global-color-4)","background-image":"","background-repeat":"repeat","background-position":"center center","background-size":"auto","background-attachment":"scroll","background-type":"","background-media":"","overlay-type":"","overlay-color":"","overlay-opacity":"","overlay-gradient":""},"mobile":{"background-color":"var(--ast-global-color-4)","background-image":"","background-repeat":"repeat","background-position":"center center","background-size":"auto","background-attachment":"scroll","background-type":"","background-media":"","overlay-type":"","overlay-color":"","overlay-opacity":"","overlay-gradient":""}}},"product_brand":[47],"product_cat":[146],"product_tag":[222,238],"class_list":{"0":"post-37838","1":"product","2":"type-product","3":"status-publish","4":"has-post-thumbnail","6":"product_brand-inter-play","7":"product_cat-studsmattor","8":"product_tag-inter-play","9":"product_tag-serie-rado","10":"desktop-align-center","11":"tablet-align-left","12":"mobile-align-left","14":"first","15":"instock","16":"taxable","17":"shipping-taxable","18":"purchasable","19":"product-type-simple"},"_links":{"self":[{"href":"https:\/\/readymade.se\/core\/wp-json\/wp\/v2\/product\/37838","targetHints":{"allow":["GET"]}}],"collection":[{"href":"https:\/\/readymade.se\/core\/wp-json\/wp\/v2\/product"}],"about":[{"href":"https:\/\/readymade.se\/core\/wp-json\/wp\/v2\/types\/product"}],"wp:featuredmedia":[{"embeddable":true,"href":"https:\/\/readymade.se\/core\/wp-json\/wp\/v2\/media\/16596"}],"wp:attachment":[{"href":"https:\/\/readymade.se\/core\/wp-json\/wp\/v2\/media?parent=37838"}],"wp:term":[{"taxonomy":"product_brand","embeddable":true,"href":"https:\/\/readymade.se\/core\/wp-json\/wp\/v2\/product_brand?post=37838"},{"taxonomy":"product_cat","embeddable":true,"href":"https:\/\/readymade.se\/core\/wp-json\/wp\/v2\/product_cat?post=37838"},{"taxonomy":"product_tag","embeddable":true,"href":"https:\/\/readymade.se\/core\/wp-json\/wp\/v2\/product_tag?post=37838"}],"curies":[{"name":"wp","href":"https:\/\/api.w.org\/{rel}","templated":true}]}}