{"id":36042,"date":"2026-03-04T20:15:00","date_gmt":"2026-03-04T19:15:00","guid":{"rendered":"https:\/\/readymade.se\/core\/produkt\/monstrad-gummiplatta-sprucken-jord-m2\/"},"modified":"2026-03-05T02:01:03","modified_gmt":"2026-03-05T01:01:03","slug":"monstrad-gummiplatta-sprucken-jord-m2","status":"publish","type":"product","link":"https:\/\/readymade.se\/core\/produkt\/monstrad-gummiplatta-sprucken-jord-m2\/","title":{"rendered":"M\u00f6nstrad gummiplatta Sprucken jord (m2)"},"content":{"rendered":"<p>M\u00f6nstrad gummiplatta i designen Sprucken jord ger lek- och vistelseytor ett tydligt visuellt uttryck samtidigt som ytan \u00e4r robust och l\u00e4tt att underh\u00e5lla. Plattan passar i projekt d\u00e4r man vill kombinera formgivning med funktion, till exempel i temaytor, g\u00e5ngzoner och utemilj\u00f6er med h\u00f6g belastning. Materialet \u00e4r v\u00e4dert\u00e5ligt och utvecklat f\u00f6r offentlig anv\u00e4ndning. Minsta best\u00e4llning \u00e4r 100 m\u00b2. Kritisk fallh\u00f6jd \u00e4r inte angiven av leverant\u00f6ren f\u00f6r denna designvariant.<\/p>\n","protected":false},"excerpt":{"rendered":"<p>M\u00f6nstrad gummiplatta med designen Sprucken jord f\u00f6r kreativa och slitstarka utomhusytor. Minsta best\u00e4llning 100 m\u00b2.<\/p>\n","protected":false},"featured_media":36041,"template":"","meta":{"site-sidebar-layout":"","site-content-layout":"","ast-site-content-layout":"","site-content-style":"","site-sidebar-style":"","ast-global-header-display":"","ast-banner-title-visibility":"","ast-main-header-display":"","ast-hfb-above-header-display":"","ast-hfb-below-header-display":"","ast-hfb-mobile-header-display":"","site-post-title":"","ast-breadcrumbs-content":"","ast-featured-img":"","footer-sml-layout":"","theme-transparent-header-meta":"","adv-header-id-meta":"","stick-header-meta":"","header-above-stick-meta":"","header-main-stick-meta":"","header-below-stick-meta":"","astra-migrate-meta-layouts":"","ast-page-background-enabled":"default","ast-page-background-meta":{"desktop":{"background-color":"var(--ast-global-color-5)","background-image":"","background-repeat":"repeat","background-position":"center center","background-size":"auto","background-attachment":"scroll","background-type":"","background-media":"","overlay-type":"","overlay-color":"","overlay-opacity":"","overlay-gradient":""},"tablet":{"background-color":"","background-image":"","background-repeat":"repeat","background-position":"center center","background-size":"auto","background-attachment":"scroll","background-type":"","background-media":"","overlay-type":"","overlay-color":"","overlay-opacity":"","overlay-gradient":""},"mobile":{"background-color":"","background-image":"","background-repeat":"repeat","background-position":"center center","background-size":"auto","background-attachment":"scroll","background-type":"","background-media":"","overlay-type":"","overlay-color":"","overlay-opacity":"","overlay-gradient":""}},"ast-content-background-meta":{"desktop":{"background-color":"var(--ast-global-color-4)","background-image":"","background-repeat":"repeat","background-position":"center center","background-size":"auto","background-attachment":"scroll","background-type":"","background-media":"","overlay-type":"","overlay-color":"","overlay-opacity":"","overlay-gradient":""},"tablet":{"background-color":"var(--ast-global-color-4)","background-image":"","background-repeat":"repeat","background-position":"center center","background-size":"auto","background-attachment":"scroll","background-type":"","background-media":"","overlay-type":"","overlay-color":"","overlay-opacity":"","overlay-gradient":""},"mobile":{"background-color":"var(--ast-global-color-4)","background-image":"","background-repeat":"repeat","background-position":"center center","background-size":"auto","background-attachment":"scroll","background-type":"","background-media":"","overlay-type":"","overlay-color":"","overlay-opacity":"","overlay-gradient":""}}},"product_brand":[56],"product_cat":[204],"product_tag":[172],"class_list":{"0":"post-36042","1":"product","2":"type-product","3":"status-publish","4":"has-post-thumbnail","6":"product_brand-tiptiptap","7":"product_cat-rubber-safety-tiles","8":"product_tag-serie-safety-surfaces","9":"desktop-align-center","10":"tablet-align-left","11":"mobile-align-left","13":"first","14":"instock","15":"taxable","16":"shipping-taxable","17":"product-type-simple"},"_links":{"self":[{"href":"https:\/\/readymade.se\/core\/wp-json\/wp\/v2\/product\/36042","targetHints":{"allow":["GET"]}}],"collection":[{"href":"https:\/\/readymade.se\/core\/wp-json\/wp\/v2\/product"}],"about":[{"href":"https:\/\/readymade.se\/core\/wp-json\/wp\/v2\/types\/product"}],"wp:featuredmedia":[{"embeddable":true,"href":"https:\/\/readymade.se\/core\/wp-json\/wp\/v2\/media\/36041"}],"wp:attachment":[{"href":"https:\/\/readymade.se\/core\/wp-json\/wp\/v2\/media?parent=36042"}],"wp:term":[{"taxonomy":"product_brand","embeddable":true,"href":"https:\/\/readymade.se\/core\/wp-json\/wp\/v2\/product_brand?post=36042"},{"taxonomy":"product_cat","embeddable":true,"href":"https:\/\/readymade.se\/core\/wp-json\/wp\/v2\/product_cat?post=36042"},{"taxonomy":"product_tag","embeddable":true,"href":"https:\/\/readymade.se\/core\/wp-json\/wp\/v2\/product_tag?post=36042"}],"curies":[{"name":"wp","href":"https:\/\/api.w.org\/{rel}","templated":true}]}}