{"id":35942,"date":"2026-03-04T20:13:42","date_gmt":"2026-03-04T19:13:42","guid":{"rendered":"https:\/\/readymade.se\/core\/?post_type=product&#038;p=35942"},"modified":"2026-03-05T02:01:04","modified_gmt":"2026-03-05T01:01:04","slug":"vaggbank-pae-med-ryggstod-180-cm","status":"publish","type":"product","link":"https:\/\/readymade.se\/core\/produkt\/vaggbank-pae-med-ryggstod-180-cm\/","title":{"rendered":"V\u00e4ggb\u00e4nk PAE med ryggst\u00f6d 180 cm"},"content":{"rendered":"<p>V\u00e4ggb\u00e4nk PAE med ryggst\u00f6d 180 cm \u00e4r en v\u00e4ggmonterad b\u00e4nk f\u00f6r offentliga milj\u00f6er d\u00e4r extra sittkomfort \u00f6nskas. Modellen l\u00e4mpar sig f\u00f6r v\u00e4ggar, murar och breda trappsteg och skapar tydliga viloplatser utan att ta upp on\u00f6dig g\u00e5ngyta. Stommen \u00e4r i st\u00e5l med zinkskydd och pulverlackering f\u00f6r god motst\u00e5ndskraft mot v\u00e4der och slitage, och sits\/rygg \u00e4r i massiva tr\u00e4lameller i thermo ask. B\u00e4nken \u00e4r avsedd f\u00f6r upp till tre personer med en maxbelastning omkring 450 kg. F\u00f6rankring sker med g\u00e4ngst\u00e4nger i betongbas, vilket ger stabil inf\u00e4stning och l\u00e5ng livsl\u00e4ngd i daglig offentlig anv\u00e4ndning.<\/p>\n","protected":false},"excerpt":{"rendered":"<p>V\u00e4ggb\u00e4nk med ryggst\u00f6d, 180 cm i st\u00e5l och thermo ask, f\u00f6r v\u00e4ggar och murar, kapacitet upp till 450 kg.<\/p>\n","protected":false},"featured_media":35994,"template":"","meta":{"site-sidebar-layout":"","site-content-layout":"","ast-site-content-layout":"","site-content-style":"","site-sidebar-style":"","ast-global-header-display":"","ast-banner-title-visibility":"","ast-main-header-display":"","ast-hfb-above-header-display":"","ast-hfb-below-header-display":"","ast-hfb-mobile-header-display":"","site-post-title":"","ast-breadcrumbs-content":"","ast-featured-img":"","footer-sml-layout":"","theme-transparent-header-meta":"","adv-header-id-meta":"","stick-header-meta":"","header-above-stick-meta":"","header-main-stick-meta":"","header-below-stick-meta":"","astra-migrate-meta-layouts":"","ast-page-background-enabled":"default","ast-page-background-meta":{"desktop":{"background-color":"var(--ast-global-color-5)","background-image":"","background-repeat":"repeat","background-position":"center center","background-size":"auto","background-attachment":"scroll","background-type":"","background-media":"","overlay-type":"","overlay-color":"","overlay-opacity":"","overlay-gradient":""},"tablet":{"background-color":"","background-image":"","background-repeat":"repeat","background-position":"center center","background-size":"auto","background-attachment":"scroll","background-type":"","background-media":"","overlay-type":"","overlay-color":"","overlay-opacity":"","overlay-gradient":""},"mobile":{"background-color":"","background-image":"","background-repeat":"repeat","background-position":"center center","background-size":"auto","background-attachment":"scroll","background-type":"","background-media":"","overlay-type":"","overlay-color":"","overlay-opacity":"","overlay-gradient":""}},"ast-content-background-meta":{"desktop":{"background-color":"var(--ast-global-color-4)","background-image":"","background-repeat":"repeat","background-position":"center center","background-size":"auto","background-attachment":"scroll","background-type":"","background-media":"","overlay-type":"","overlay-color":"","overlay-opacity":"","overlay-gradient":""},"tablet":{"background-color":"var(--ast-global-color-4)","background-image":"","background-repeat":"repeat","background-position":"center center","background-size":"auto","background-attachment":"scroll","background-type":"","background-media":"","overlay-type":"","overlay-color":"","overlay-opacity":"","overlay-gradient":""},"mobile":{"background-color":"var(--ast-global-color-4)","background-image":"","background-repeat":"repeat","background-position":"center center","background-size":"auto","background-attachment":"scroll","background-type":"","background-media":"","overlay-type":"","overlay-color":"","overlay-opacity":"","overlay-gradient":""}}},"product_brand":[56],"product_cat":[39,208],"product_tag":[155],"class_list":{"0":"post-35942","1":"product","2":"type-product","3":"status-publish","4":"has-post-thumbnail","6":"product_brand-tiptiptap","7":"product_cat-gata-park","8":"product_cat-vaggbankar","9":"product_tag-serie-urban-furniture","10":"desktop-align-center","11":"tablet-align-left","12":"mobile-align-left","14":"first","15":"instock","16":"taxable","17":"shipping-taxable","18":"purchasable","19":"product-type-variable","20":"has-default-attributes"},"_links":{"self":[{"href":"https:\/\/readymade.se\/core\/wp-json\/wp\/v2\/product\/35942","targetHints":{"allow":["GET"]}}],"collection":[{"href":"https:\/\/readymade.se\/core\/wp-json\/wp\/v2\/product"}],"about":[{"href":"https:\/\/readymade.se\/core\/wp-json\/wp\/v2\/types\/product"}],"wp:featuredmedia":[{"embeddable":true,"href":"https:\/\/readymade.se\/core\/wp-json\/wp\/v2\/media\/35994"}],"wp:attachment":[{"href":"https:\/\/readymade.se\/core\/wp-json\/wp\/v2\/media?parent=35942"}],"wp:term":[{"taxonomy":"product_brand","embeddable":true,"href":"https:\/\/readymade.se\/core\/wp-json\/wp\/v2\/product_brand?post=35942"},{"taxonomy":"product_cat","embeddable":true,"href":"https:\/\/readymade.se\/core\/wp-json\/wp\/v2\/product_cat?post=35942"},{"taxonomy":"product_tag","embeddable":true,"href":"https:\/\/readymade.se\/core\/wp-json\/wp\/v2\/product_tag?post=35942"}],"curies":[{"name":"wp","href":"https:\/\/api.w.org\/{rel}","templated":true}]}}