{"id":35912,"date":"2026-03-04T20:13:19","date_gmt":"2026-03-04T19:13:19","guid":{"rendered":"https:\/\/readymade.se\/core\/?post_type=product&#038;p=35912"},"modified":"2026-03-05T02:00:58","modified_gmt":"2026-03-05T01:00:58","slug":"bankbord-holmi-bar-4-sits","status":"publish","type":"product","link":"https:\/\/readymade.se\/core\/produkt\/bankbord-holmi-bar-4-sits\/","title":{"rendered":"B\u00e4nkbord Holmi Bar 4-sits"},"content":{"rendered":"<p>B\u00e4nkbord Holmi Bar 4-sits \u00e4r ett barh\u00f6jt bord- och b\u00e4nkset f\u00f6r offentliga milj\u00f6er d\u00e4r man vill kombinera social funktion med slitstark konstruktion. Ramen \u00e4r utf\u00f6rd i ett stycke och \u00e4r inte delbar, vilket ger h\u00f6g stabilitet vid b\u00e5de frist\u00e5ende placering och f\u00f6rankring. Bordsskiva och sitsar \u00e4r tillverkade av massiva tr\u00e4br\u00e4dor, medan st\u00e5lkonstruktionen \u00e4r skyddad med zinkbel\u00e4ggning och pulverlackad yta f\u00f6r l\u00e5ng h\u00e5llbarhet utomhus. Bordets kapacitet \u00e4r 80 kg vid j\u00e4mnt f\u00f6rdelad last. Standardutf\u00f6randet \u00e4r thermo-ash och kan anpassas med andra f\u00e4rg- och materialkombinationer vid projektbehov. Produkten \u00e4r utformad f\u00f6r daglig anv\u00e4ndning i offentlig milj\u00f6 och ger stabil funktion \u00f6ver l\u00e5ng tid.<\/p>\n","protected":false},"excerpt":{"rendered":"<p>B\u00e4nkbord Holmi Bar 4-sits i tr\u00e4 och pulverlackerat st\u00e5l f\u00f6r sociala m\u00f6tesplatser utomhus.<\/p>\n","protected":false},"featured_media":35975,"template":"","meta":{"site-sidebar-layout":"","site-content-layout":"","ast-site-content-layout":"","site-content-style":"","site-sidebar-style":"","ast-global-header-display":"","ast-banner-title-visibility":"","ast-main-header-display":"","ast-hfb-above-header-display":"","ast-hfb-below-header-display":"","ast-hfb-mobile-header-display":"","site-post-title":"","ast-breadcrumbs-content":"","ast-featured-img":"","footer-sml-layout":"","theme-transparent-header-meta":"","adv-header-id-meta":"","stick-header-meta":"","header-above-stick-meta":"","header-main-stick-meta":"","header-below-stick-meta":"","astra-migrate-meta-layouts":"","ast-page-background-enabled":"default","ast-page-background-meta":{"desktop":{"background-color":"var(--ast-global-color-5)","background-image":"","background-repeat":"repeat","background-position":"center center","background-size":"auto","background-attachment":"scroll","background-type":"","background-media":"","overlay-type":"","overlay-color":"","overlay-opacity":"","overlay-gradient":""},"tablet":{"background-color":"","background-image":"","background-repeat":"repeat","background-position":"center center","background-size":"auto","background-attachment":"scroll","background-type":"","background-media":"","overlay-type":"","overlay-color":"","overlay-opacity":"","overlay-gradient":""},"mobile":{"background-color":"","background-image":"","background-repeat":"repeat","background-position":"center center","background-size":"auto","background-attachment":"scroll","background-type":"","background-media":"","overlay-type":"","overlay-color":"","overlay-opacity":"","overlay-gradient":""}},"ast-content-background-meta":{"desktop":{"background-color":"var(--ast-global-color-4)","background-image":"","background-repeat":"repeat","background-position":"center center","background-size":"auto","background-attachment":"scroll","background-type":"","background-media":"","overlay-type":"","overlay-color":"","overlay-opacity":"","overlay-gradient":""},"tablet":{"background-color":"var(--ast-global-color-4)","background-image":"","background-repeat":"repeat","background-position":"center center","background-size":"auto","background-attachment":"scroll","background-type":"","background-media":"","overlay-type":"","overlay-color":"","overlay-opacity":"","overlay-gradient":""},"mobile":{"background-color":"var(--ast-global-color-4)","background-image":"","background-repeat":"repeat","background-position":"center center","background-size":"auto","background-attachment":"scroll","background-type":"","background-media":"","overlay-type":"","overlay-color":"","overlay-opacity":"","overlay-gradient":""}}},"product_brand":[56],"product_cat":[157,39],"product_tag":[155],"class_list":{"0":"post-35912","1":"product","2":"type-product","3":"status-publish","4":"has-post-thumbnail","6":"product_brand-tiptiptap","7":"product_cat-bankbord","8":"product_cat-gata-park","9":"product_tag-serie-urban-furniture","10":"desktop-align-center","11":"tablet-align-left","12":"mobile-align-left","14":"first","15":"instock","16":"taxable","17":"shipping-taxable","18":"purchasable","19":"product-type-variable","20":"has-default-attributes"},"_links":{"self":[{"href":"https:\/\/readymade.se\/core\/wp-json\/wp\/v2\/product\/35912","targetHints":{"allow":["GET"]}}],"collection":[{"href":"https:\/\/readymade.se\/core\/wp-json\/wp\/v2\/product"}],"about":[{"href":"https:\/\/readymade.se\/core\/wp-json\/wp\/v2\/types\/product"}],"wp:featuredmedia":[{"embeddable":true,"href":"https:\/\/readymade.se\/core\/wp-json\/wp\/v2\/media\/35975"}],"wp:attachment":[{"href":"https:\/\/readymade.se\/core\/wp-json\/wp\/v2\/media?parent=35912"}],"wp:term":[{"taxonomy":"product_brand","embeddable":true,"href":"https:\/\/readymade.se\/core\/wp-json\/wp\/v2\/product_brand?post=35912"},{"taxonomy":"product_cat","embeddable":true,"href":"https:\/\/readymade.se\/core\/wp-json\/wp\/v2\/product_cat?post=35912"},{"taxonomy":"product_tag","embeddable":true,"href":"https:\/\/readymade.se\/core\/wp-json\/wp\/v2\/product_tag?post=35912"}],"curies":[{"name":"wp","href":"https:\/\/api.w.org\/{rel}","templated":true}]}}