{"id":35878,"date":"2026-03-04T20:12:56","date_gmt":"2026-03-04T19:12:56","guid":{"rendered":"https:\/\/readymade.se\/core\/?post_type=product&#038;p=35878"},"modified":"2026-03-05T02:00:58","modified_gmt":"2026-03-05T01:00:58","slug":"parkbank-kadriorg-18-m-upphojd","status":"publish","type":"product","link":"https:\/\/readymade.se\/core\/produkt\/parkbank-kadriorg-18-m-upphojd\/","title":{"rendered":"Parkb\u00e4nk KADRIORG (1,8 m), upph\u00f6jd"},"content":{"rendered":"<p>Parkb\u00e4nk KADRIORG PP617EO \u00e4r en upph\u00f6jd modell i l\u00e4ngd 1,8 m med armst\u00f6d, framtagen f\u00f6r att underl\u00e4tta f\u00f6r personer som har sv\u00e5righeter att s\u00e4tta sig och resa sig. Designen med st\u00f6dstolpar i en enkel rad ger en visuellt l\u00e4tt silhuett som integreras i utemilj\u00f6er. Stommen \u00e4r en robust st\u00e5lkonstruktion som \u00e4r zinkbehandlad och pulverlackerad f\u00f6r korrosionsskydd. Sitsen best\u00e5r av massiva tr\u00e4ribbor i termoask och ger en naturlig yta. F\u00f6rankringsm\u00f6jlighet finns f\u00f6r stabil placering. Den upph\u00f6jda sitsen och armst\u00f6den g\u00f6r den l\u00e4mplig i milj\u00f6er d\u00e4r tillg\u00e4nglighet beh\u00f6ver beaktas vid projektering s\u00e4rskilt.<\/p>\n","protected":false},"excerpt":{"rendered":"<p>Parkb\u00e4nk i st\u00e5l och tr\u00e4.<\/p>\n","protected":false},"featured_media":35950,"template":"","meta":{"site-sidebar-layout":"","site-content-layout":"","ast-site-content-layout":"","site-content-style":"","site-sidebar-style":"","ast-global-header-display":"","ast-banner-title-visibility":"","ast-main-header-display":"","ast-hfb-above-header-display":"","ast-hfb-below-header-display":"","ast-hfb-mobile-header-display":"","site-post-title":"","ast-breadcrumbs-content":"","ast-featured-img":"","footer-sml-layout":"","theme-transparent-header-meta":"","adv-header-id-meta":"","stick-header-meta":"","header-above-stick-meta":"","header-main-stick-meta":"","header-below-stick-meta":"","astra-migrate-meta-layouts":"","ast-page-background-enabled":"default","ast-page-background-meta":{"desktop":{"background-color":"var(--ast-global-color-5)","background-image":"","background-repeat":"repeat","background-position":"center center","background-size":"auto","background-attachment":"scroll","background-type":"","background-media":"","overlay-type":"","overlay-color":"","overlay-opacity":"","overlay-gradient":""},"tablet":{"background-color":"","background-image":"","background-repeat":"repeat","background-position":"center center","background-size":"auto","background-attachment":"scroll","background-type":"","background-media":"","overlay-type":"","overlay-color":"","overlay-opacity":"","overlay-gradient":""},"mobile":{"background-color":"","background-image":"","background-repeat":"repeat","background-position":"center center","background-size":"auto","background-attachment":"scroll","background-type":"","background-media":"","overlay-type":"","overlay-color":"","overlay-opacity":"","overlay-gradient":""}},"ast-content-background-meta":{"desktop":{"background-color":"var(--ast-global-color-4)","background-image":"","background-repeat":"repeat","background-position":"center center","background-size":"auto","background-attachment":"scroll","background-type":"","background-media":"","overlay-type":"","overlay-color":"","overlay-opacity":"","overlay-gradient":""},"tablet":{"background-color":"var(--ast-global-color-4)","background-image":"","background-repeat":"repeat","background-position":"center center","background-size":"auto","background-attachment":"scroll","background-type":"","background-media":"","overlay-type":"","overlay-color":"","overlay-opacity":"","overlay-gradient":""},"mobile":{"background-color":"var(--ast-global-color-4)","background-image":"","background-repeat":"repeat","background-position":"center center","background-size":"auto","background-attachment":"scroll","background-type":"","background-media":"","overlay-type":"","overlay-color":"","overlay-opacity":"","overlay-gradient":""}}},"product_brand":[56],"product_cat":[39,40],"product_tag":[155],"class_list":{"0":"post-35878","1":"product","2":"type-product","3":"status-publish","4":"has-post-thumbnail","6":"product_brand-tiptiptap","7":"product_cat-gata-park","8":"product_cat-parkbankar","9":"product_tag-serie-urban-furniture","10":"desktop-align-center","11":"tablet-align-left","12":"mobile-align-left","14":"first","15":"instock","16":"taxable","17":"shipping-taxable","18":"purchasable","19":"product-type-variable","20":"has-default-attributes"},"_links":{"self":[{"href":"https:\/\/readymade.se\/core\/wp-json\/wp\/v2\/product\/35878","targetHints":{"allow":["GET"]}}],"collection":[{"href":"https:\/\/readymade.se\/core\/wp-json\/wp\/v2\/product"}],"about":[{"href":"https:\/\/readymade.se\/core\/wp-json\/wp\/v2\/types\/product"}],"wp:featuredmedia":[{"embeddable":true,"href":"https:\/\/readymade.se\/core\/wp-json\/wp\/v2\/media\/35950"}],"wp:attachment":[{"href":"https:\/\/readymade.se\/core\/wp-json\/wp\/v2\/media?parent=35878"}],"wp:term":[{"taxonomy":"product_brand","embeddable":true,"href":"https:\/\/readymade.se\/core\/wp-json\/wp\/v2\/product_brand?post=35878"},{"taxonomy":"product_cat","embeddable":true,"href":"https:\/\/readymade.se\/core\/wp-json\/wp\/v2\/product_cat?post=35878"},{"taxonomy":"product_tag","embeddable":true,"href":"https:\/\/readymade.se\/core\/wp-json\/wp\/v2\/product_tag?post=35878"}],"curies":[{"name":"wp","href":"https:\/\/api.w.org\/{rel}","templated":true}]}}